{"id":6386,"date":"2024-08-08T09:22:17","date_gmt":"2024-08-08T07:22:17","guid":{"rendered":"https:\/\/www.fermesaintsimeon.fr\/?page_id=6386"},"modified":"2025-03-27T11:10:53","modified_gmt":"2025-03-27T10:10:53","slug":"spa-in-honfleur","status":"publish","type":"page","link":"https:\/\/www.fermesaintsimeon.fr\/de\/spa-a-honfleur\/","title":{"rendered":"Spa a Honfleur"},"content":{"rendered":"<div data-elementor-type=\"wp-page\" data-elementor-id=\"6386\" class=\"elementor elementor-6386\" data-elementor-post-type=\"page\">\n\t\t\t\t<div class=\"elementor-element elementor-element-4a29371 e-con-full e-flex e-con e-parent\" data-id=\"4a29371\" data-element_type=\"container\" data-e-type=\"container\" id=\"spa-preload\" data-settings=\"{&quot;position&quot;:&quot;absolute&quot;,&quot;background_background&quot;:&quot;classic&quot;}\">\n\t\t\t\t<div class=\"elementor-element elementor-element-9a9b2a2 titre-spa elementor-widget elementor-widget-heading\" data-id=\"9a9b2a2\" data-element_type=\"widget\" data-e-type=\"widget\" data-widget_type=\"heading.default\">\n\t\t\t\t<div class=\"elementor-widget-container\">\n\t\t\t\t\t<span class=\"elementor-heading-title elementor-size-default\">Spa in Honfleur<\/span>\t\t\t\t<\/div>\n\t\t\t\t<\/div>\n\t\t\t\t<\/div>\n\t\t<div class=\"elementor-element elementor-element-8c09995 e-con-full e-flex e-con e-parent\" data-id=\"8c09995\" data-element_type=\"container\" data-e-type=\"container\">\n\t\t\t\t<div class=\"elementor-element elementor-element-f60134c elementor-widget elementor-widget-image\" data-id=\"f60134c\" data-element_type=\"widget\" data-e-type=\"widget\" data-widget_type=\"image.default\">\n\t\t\t\t<div class=\"elementor-widget-container\">\n\t\t\t\t\t\t\t\t\t\t\t\t\t\t\t<img fetchpriority=\"high\" decoding=\"async\" width=\"2560\" height=\"2560\" src=\"https:\/\/www.fermesaintsimeon.fr\/wp-content\/uploads\/2024\/08\/Copie-de-Massage-2-scaled.jpg\" class=\"attachment-full size-full wp-image-6447\" alt=\"\" srcset=\"https:\/\/www.fermesaintsimeon.fr\/wp-content\/uploads\/2024\/08\/Copie-de-Massage-2-scaled.jpg 2560w, https:\/\/www.fermesaintsimeon.fr\/wp-content\/uploads\/2024\/08\/Copie-de-Massage-2-300x300.jpg 300w, https:\/\/www.fermesaintsimeon.fr\/wp-content\/uploads\/2024\/08\/Copie-de-Massage-2-1024x1024.jpg 1024w, https:\/\/www.fermesaintsimeon.fr\/wp-content\/uploads\/2024\/08\/Copie-de-Massage-2-150x150.jpg 150w, https:\/\/www.fermesaintsimeon.fr\/wp-content\/uploads\/2024\/08\/Copie-de-Massage-2-768x768.jpg 768w, https:\/\/www.fermesaintsimeon.fr\/wp-content\/uploads\/2024\/08\/Copie-de-Massage-2-1536x1536.jpg 1536w, https:\/\/www.fermesaintsimeon.fr\/wp-content\/uploads\/2024\/08\/Copie-de-Massage-2-2048x2048.jpg 2048w, https:\/\/www.fermesaintsimeon.fr\/wp-content\/uploads\/2024\/08\/Copie-de-Massage-2-12x12.jpg 12w\" sizes=\"(max-width: 2560px) 100vw, 2560px\" title=\"\">\t\t\t\t\t\t\t\t\t\t\t\t\t\t\t<\/div>\n\t\t\t\t<\/div>\n\t\t<div class=\"elementor-element elementor-element-6d3cea2 e-flex e-con-boxed e-con e-child\" data-id=\"6d3cea2\" data-element_type=\"container\" data-e-type=\"container\">\n\t\t\t\t\t<div class=\"e-con-inner\">\n\t\t\t\t<div class=\"elementor-element elementor-element-b9f9c44 elementor-widget elementor-widget-heading\" data-id=\"b9f9c44\" data-element_type=\"widget\" data-e-type=\"widget\" data-widget_type=\"heading.default\">\n\t\t\t\t<div class=\"elementor-widget-container\">\n\t\t\t\t\t<h1 class=\"elementor-heading-title elementor-size-default\">Spa in Honfleur - Ferme Saint Sim\u00e9on<\/h1>\t\t\t\t<\/div>\n\t\t\t\t<\/div>\n\t\t\t\t<div class=\"elementor-element elementor-element-b59298c elementor-widget elementor-widget-heading\" data-id=\"b59298c\" data-element_type=\"widget\" data-e-type=\"widget\" data-widget_type=\"heading.default\">\n\t\t\t\t<div class=\"elementor-widget-container\">\n\t\t\t\t\t<h2 class=\"elementor-heading-title elementor-size-default\">Eine Wellness-Exkursion auf dem Bauernhof Saint Sim\u00e9on<\/h2>\t\t\t\t<\/div>\n\t\t\t\t<\/div>\n\t\t\t\t<div class=\"elementor-element elementor-element-d14725b elementor-widget elementor-widget-text-editor\" data-id=\"d14725b\" data-element_type=\"widget\" data-e-type=\"widget\" data-widget_type=\"text-editor.default\">\n\t\t\t\t<div class=\"elementor-widget-container\">\n\t\t\t\t\t\t\t\t\t<p>Willkommen auf der Ferme Saint Sim\u00e9on. Unser sch\u00f6nes Haus in der Normandie bietet Ihnen ein unvergleichliches Wellness-Erlebnis. Entdecken Sie unsere Behandlungsr\u00e4ume, unsere privaten Hammams und genie\u00dfen Sie Momente der Tiefenentspannung und Gelassenheit.<\/p>\t\t\t\t\t\t\t\t<\/div>\n\t\t\t\t<\/div>\n\t\t\t\t\t<\/div>\n\t\t\t\t<\/div>\n\t\t\t\t<\/div>\n\t\t<div class=\"elementor-element elementor-element-faa0d75 e-flex e-con-boxed e-con e-parent\" data-id=\"faa0d75\" data-element_type=\"container\" data-e-type=\"container\" id=\"spa-ecran1\">\n\t\t\t\t\t<div class=\"e-con-inner\">\n\t\t<div class=\"elementor-element elementor-element-d59282f e-con-full e-flex e-con e-child\" data-id=\"d59282f\" data-element_type=\"container\" data-e-type=\"container\">\n\t\t<div class=\"elementor-element elementor-element-7e86f6a e-flex e-con-boxed e-con e-child\" data-id=\"7e86f6a\" data-element_type=\"container\" data-e-type=\"container\">\n\t\t\t\t\t<div class=\"e-con-inner\">\n\t\t\t\t<div class=\"elementor-element elementor-element-867fb05 elementor-widget elementor-widget-heading\" data-id=\"867fb05\" data-element_type=\"widget\" data-e-type=\"widget\" data-widget_type=\"heading.default\">\n\t\t\t\t<div class=\"elementor-widget-container\">\n\t\t\t\t\t<h2 class=\"elementor-heading-title elementor-size-default\">Privates Hamam<\/h2>\t\t\t\t<\/div>\n\t\t\t\t<\/div>\n\t\t\t\t<div class=\"elementor-element elementor-element-a21480b elementor-widget elementor-widget-text-editor\" data-id=\"a21480b\" data-element_type=\"widget\" data-e-type=\"widget\" data-widget_type=\"text-editor.default\">\n\t\t\t\t<div class=\"elementor-widget-container\">\n\t\t\t\t\t\t\t\t\t<p>Von unseren 35 Zimmern verf\u00fcgen 19 \u00fcber ein privates Hammam. Dieses einzigartige und exklusive Privileg der Collection Saint Sim\u00e9on erm\u00f6glicht es Ihnen, Momente der absoluten Entspannung in der Intimit\u00e4t Ihres pers\u00f6nlichen Bereichs zu genie\u00dfen. Eine Flucht der Sinne und ein unvergleichlicher Komfort erwarten Sie und machen Ihren Aufenthalt zu einem au\u00dfergew\u00f6hnlichen Moment.<\/p>\t\t\t\t\t\t\t\t<\/div>\n\t\t\t\t<\/div>\n\t\t\t\t\t<\/div>\n\t\t\t\t<\/div>\n\t\t\t\t<\/div>\n\t\t<div class=\"elementor-element elementor-element-d63725e e-con-full e-flex e-con e-child\" data-id=\"d63725e\" data-element_type=\"container\" data-e-type=\"container\">\n\t\t\t\t<div class=\"elementor-element elementor-element-b73a5b8 elementor-widget__width-initial left-to-right elementor-widget elementor-widget-image\" data-id=\"b73a5b8\" data-element_type=\"widget\" data-e-type=\"widget\" data-widget_type=\"image.default\">\n\t\t\t\t<div class=\"elementor-widget-container\">\n\t\t\t\t\t\t\t\t\t\t\t\t\t\t\t<img decoding=\"async\" width=\"800\" height=\"534\" src=\"https:\/\/www.fermesaintsimeon.fr\/wp-content\/uploads\/2024\/08\/Copie-de-_16A3633-la-ferme-saint-1024x683.jpg\" class=\"attachment-large size-large wp-image-6446\" alt=\"Frau im Bademantel im Spa in Honfleur der Ferme Saint Sim\u00e9on\" srcset=\"https:\/\/www.fermesaintsimeon.fr\/wp-content\/uploads\/2024\/08\/Copie-de-_16A3633-la-ferme-saint-1024x683.jpg 1024w, https:\/\/www.fermesaintsimeon.fr\/wp-content\/uploads\/2024\/08\/Copie-de-_16A3633-la-ferme-saint-300x200.jpg 300w, https:\/\/www.fermesaintsimeon.fr\/wp-content\/uploads\/2024\/08\/Copie-de-_16A3633-la-ferme-saint-768x512.jpg 768w, https:\/\/www.fermesaintsimeon.fr\/wp-content\/uploads\/2024\/08\/Copie-de-_16A3633-la-ferme-saint-1536x1025.jpg 1536w, https:\/\/www.fermesaintsimeon.fr\/wp-content\/uploads\/2024\/08\/Copie-de-_16A3633-la-ferme-saint-18x12.jpg 18w, https:\/\/www.fermesaintsimeon.fr\/wp-content\/uploads\/2024\/08\/Copie-de-_16A3633-la-ferme-saint.jpg 2000w\" sizes=\"(max-width: 800px) 100vw, 800px\" title=\"\">\t\t\t\t\t\t\t\t\t\t\t\t\t\t\t<\/div>\n\t\t\t\t<\/div>\n\t\t\t\t<\/div>\n\t\t\t\t\t<\/div>\n\t\t\t\t<\/div>\n\t\t<div class=\"elementor-element elementor-element-f0299d5 e-flex e-con-boxed e-con e-parent\" data-id=\"f0299d5\" data-element_type=\"container\" data-e-type=\"container\">\n\t\t\t\t\t<div class=\"e-con-inner\">\n\t\t<div class=\"elementor-element elementor-element-6812f5e e-con-full e-flex e-con e-child\" data-id=\"6812f5e\" data-element_type=\"container\" data-e-type=\"container\">\n\t\t\t\t<div class=\"elementor-element elementor-element-5e757d8 elementor-widget__width-initial right-to-left elementor-widget elementor-widget-image\" data-id=\"5e757d8\" data-element_type=\"widget\" data-e-type=\"widget\" data-widget_type=\"image.default\">\n\t\t\t\t<div class=\"elementor-widget-container\">\n\t\t\t\t\t\t\t\t\t\t\t\t\t\t\t<img decoding=\"async\" width=\"800\" height=\"534\" src=\"https:\/\/www.fermesaintsimeon.fr\/wp-content\/uploads\/2024\/08\/Copie-de-_16A3685-la-ferme-saint-1024x683.jpg\" class=\"attachment-large size-large wp-image-6445\" alt=\"Frau, die eine Massagekabine in unserem Spa in Honfleur betritt\" srcset=\"https:\/\/www.fermesaintsimeon.fr\/wp-content\/uploads\/2024\/08\/Copie-de-_16A3685-la-ferme-saint-1024x683.jpg 1024w, https:\/\/www.fermesaintsimeon.fr\/wp-content\/uploads\/2024\/08\/Copie-de-_16A3685-la-ferme-saint-300x200.jpg 300w, https:\/\/www.fermesaintsimeon.fr\/wp-content\/uploads\/2024\/08\/Copie-de-_16A3685-la-ferme-saint-768x512.jpg 768w, https:\/\/www.fermesaintsimeon.fr\/wp-content\/uploads\/2024\/08\/Copie-de-_16A3685-la-ferme-saint-1536x1025.jpg 1536w, https:\/\/www.fermesaintsimeon.fr\/wp-content\/uploads\/2024\/08\/Copie-de-_16A3685-la-ferme-saint-18x12.jpg 18w, https:\/\/www.fermesaintsimeon.fr\/wp-content\/uploads\/2024\/08\/Copie-de-_16A3685-la-ferme-saint.jpg 2000w\" sizes=\"(max-width: 800px) 100vw, 800px\" title=\"\">\t\t\t\t\t\t\t\t\t\t\t\t\t\t\t<\/div>\n\t\t\t\t<\/div>\n\t\t\t\t<\/div>\n\t\t<div class=\"elementor-element elementor-element-9294f94 e-con-full e-flex e-con e-child\" data-id=\"9294f94\" data-element_type=\"container\" data-e-type=\"container\">\n\t\t<div class=\"elementor-element elementor-element-aad12ac e-con-full e-flex e-con e-child\" data-id=\"aad12ac\" data-element_type=\"container\" data-e-type=\"container\">\n\t\t\t\t<div class=\"elementor-element elementor-element-c232abf elementor-widget elementor-widget-heading\" data-id=\"c232abf\" data-element_type=\"widget\" data-e-type=\"widget\" data-widget_type=\"heading.default\">\n\t\t\t\t<div class=\"elementor-widget-container\">\n\t\t\t\t\t<h2 class=\"elementor-heading-title elementor-size-default\">Duo-Massagekabinen<\/h2>\t\t\t\t<\/div>\n\t\t\t\t<\/div>\n\t\t\t\t<div class=\"elementor-element elementor-element-4252d25 elementor-widget elementor-widget-text-editor\" data-id=\"4252d25\" data-element_type=\"widget\" data-e-type=\"widget\" data-widget_type=\"text-editor.default\">\n\t\t\t\t<div class=\"elementor-widget-container\">\n\t\t\t\t\t\t\t\t\t<p>F\u00fcr ein umfassendes Wellness-Erlebnis verf\u00fcgt unser Hotel \u00fcber zwei Massagekabinen, in denen Sie Massagen zu zweit genie\u00dfen k\u00f6nnen. Egal, ob Sie zu zweit oder mit einem Freund sind, diese Massagesitzungen bieten perfekte Entspannung und gemeinsame Harmonie. Unsere Therapeuten gehen auf Ihre speziellen Bed\u00fcrfnisse ein und bieten Ihnen einen Moment der puren Entspannung.<\/p>\t\t\t\t\t\t\t\t<\/div>\n\t\t\t\t<\/div>\n\t\t\t\t<\/div>\n\t\t\t\t<\/div>\n\t\t\t\t\t<\/div>\n\t\t\t\t<\/div>\n\t\t<div class=\"elementor-element elementor-element-659d94e e-flex e-con-boxed e-con e-parent\" data-id=\"659d94e\" data-element_type=\"container\" data-e-type=\"container\">\n\t\t\t\t\t<div class=\"e-con-inner\">\n\t\t<div class=\"elementor-element elementor-element-9b645af e-flex e-con-boxed e-con e-child\" data-id=\"9b645af\" data-element_type=\"container\" data-e-type=\"container\">\n\t\t\t\t\t<div class=\"e-con-inner\">\n\t\t\t\t\t<\/div>\n\t\t\t\t<\/div>\n\t\t<div class=\"elementor-element elementor-element-bfc0067 e-con-full e-flex e-con e-child\" data-id=\"bfc0067\" data-element_type=\"container\" data-e-type=\"container\">\n\t\t\t\t<div class=\"elementor-element elementor-element-97d95bc elementor-widget__width-initial left-to-right elementor-widget elementor-widget-image\" data-id=\"97d95bc\" data-element_type=\"widget\" data-e-type=\"widget\" data-widget_type=\"image.default\">\n\t\t\t\t<div class=\"elementor-widget-container\">\n\t\t\t\t\t\t\t\t\t\t\t\t\t\t\t<img loading=\"lazy\" decoding=\"async\" width=\"800\" height=\"534\" src=\"https:\/\/www.fermesaintsimeon.fr\/wp-content\/uploads\/2024\/12\/potager-6-2-1024x683.jpg\" class=\"attachment-large size-large wp-image-6636\" alt=\"\" srcset=\"https:\/\/www.fermesaintsimeon.fr\/wp-content\/uploads\/2024\/12\/potager-6-2-1024x683.jpg 1024w, https:\/\/www.fermesaintsimeon.fr\/wp-content\/uploads\/2024\/12\/potager-6-2-300x200.jpg 300w, https:\/\/www.fermesaintsimeon.fr\/wp-content\/uploads\/2024\/12\/potager-6-2-768x512.jpg 768w, https:\/\/www.fermesaintsimeon.fr\/wp-content\/uploads\/2024\/12\/potager-6-2-1536x1025.jpg 1536w, https:\/\/www.fermesaintsimeon.fr\/wp-content\/uploads\/2024\/12\/potager-6-2-2048x1366.jpg 2048w, https:\/\/www.fermesaintsimeon.fr\/wp-content\/uploads\/2024\/12\/potager-6-2-18x12.jpg 18w\" sizes=\"(max-width: 800px) 100vw, 800px\" title=\"\">\t\t\t\t\t\t\t\t\t\t\t\t\t\t\t<\/div>\n\t\t\t\t<\/div>\n\t\t<div class=\"elementor-element elementor-element-0fc3788 e-grid e-con-full e-con e-child\" data-id=\"0fc3788\" data-element_type=\"container\" data-e-type=\"container\">\n\t\t\t\t<div class=\"elementor-element elementor-element-bc20ff1 elementor-widget elementor-widget-heading\" data-id=\"bc20ff1\" data-element_type=\"widget\" data-e-type=\"widget\" data-widget_type=\"heading.default\">\n\t\t\t\t<div class=\"elementor-widget-container\">\n\t\t\t\t\t<h2 class=\"elementor-heading-title elementor-size-default\">Spa Gem\u00fcsegarten<\/h2>\t\t\t\t<\/div>\n\t\t\t\t<\/div>\n\t\t\t\t<div class=\"elementor-element elementor-element-abc11c1 elementor-widget elementor-widget-text-editor\" data-id=\"abc11c1\" data-element_type=\"widget\" data-e-type=\"widget\" data-widget_type=\"text-editor.default\">\n\t\t\t\t<div class=\"elementor-widget-container\">\n\t\t\t\t\t\t\t\t\t<p class=\"\" data-start=\"0\" data-end=\"344\">Um Ihr Wohlbefinden zu steigern, arbeiten wir mit Maison Cauli\u00e8res zusammen, einem \u00d6lm\u00fchlemeister, der seit \u00fcber 300 Jahren f\u00fcr sein handwerkliches K\u00f6nnen und seine au\u00dfergew\u00f6hnlichen Pflegeprodukte bekannt ist. Die Produkte werden aus Sonnenblumen-, Raps- und Lein\u00f6l hergestellt, das in unserem Gem\u00fcsegarten angebaut wird.<\/p><p class=\"\" data-start=\"346\" data-end=\"613\">Anl\u00e4sslich der bevorstehenden Er\u00f6ffnung unseres Spa Potager, einem ehemaligen Maleratelier, das mit dem Know-how franz\u00f6sischer Handwerker neu erfunden wurde, werden Sie eingeladen, eine einzigartige Sinneserfahrung zu machen, die von der Natur und dem impressionistischen Licht der Flussm\u00fcndung inspiriert ist.<\/p><p class=\"\" data-start=\"615\" data-end=\"688\">Ein schwebender Moment, in dem Wohlbefinden und Inspiration bald aufeinandertreffen werden.<\/p>\t\t\t\t\t\t\t\t<\/div>\n\t\t\t\t<\/div>\n\t\t\t\t<\/div>\n\t\t\t\t<\/div>\n\t\t\t\t\t<\/div>\n\t\t\t\t<\/div>\n\t\t<div class=\"elementor-element elementor-element-1f1d967 e-flex e-con-boxed e-con e-parent\" data-id=\"1f1d967\" data-element_type=\"container\" data-e-type=\"container\">\n\t\t\t\t\t<div class=\"e-con-inner\">\n\t\t<div class=\"elementor-element elementor-element-c30979a e-con-full e-flex e-con e-child\" data-id=\"c30979a\" data-element_type=\"container\" data-e-type=\"container\">\n\t\t<div class=\"elementor-element elementor-element-a564b6f e-flex e-con-boxed e-con e-child\" data-id=\"a564b6f\" data-element_type=\"container\" data-e-type=\"container\">\n\t\t\t\t\t<div class=\"e-con-inner\">\n\t\t\t\t<div class=\"elementor-element elementor-element-76747c2 elementor-widget elementor-widget-heading\" data-id=\"76747c2\" data-element_type=\"widget\" data-e-type=\"widget\" data-widget_type=\"heading.default\">\n\t\t\t\t<div class=\"elementor-widget-container\">\n\t\t\t\t\t<h2 class=\"elementor-heading-title elementor-size-default\">Zusammenarbeit mit Olivier Claire<\/h2>\t\t\t\t<\/div>\n\t\t\t\t<\/div>\n\t\t\t\t<div class=\"elementor-element elementor-element-efb3ca7 elementor-widget elementor-widget-text-editor\" data-id=\"efb3ca7\" data-element_type=\"widget\" data-e-type=\"widget\" data-widget_type=\"text-editor.default\">\n\t\t\t\t<div class=\"elementor-widget-container\">\n\t\t\t\t\t\t\t\t\t<p>Wir sind stolz darauf, mit Olivier Claire zusammenzuarbeiten, die f\u00fcr ihre nat\u00fcrlichen und wirksamen Pflegeprodukte bekannt ist. Indem wir uns f\u00fcr Olivier Claire entscheiden, garantieren wir unseren Kunden hochwertige Pflegeprodukte, die sowohl die Haut als auch die Umwelt schonen. Lassen Sie sich von unseren exklusiven Behandlungen in den Schlaf wiegen und finden Sie zu einer strahlend gesunden Haut zur\u00fcck.<\/p>\t\t\t\t\t\t\t\t<\/div>\n\t\t\t\t<\/div>\n\t\t\t\t\t<\/div>\n\t\t\t\t<\/div>\n\t\t\t\t<\/div>\n\t\t<div class=\"elementor-element elementor-element-fcb2cac e-con-full e-flex e-con e-child\" data-id=\"fcb2cac\" data-element_type=\"container\" data-e-type=\"container\">\n\t\t\t\t<div class=\"elementor-element elementor-element-0d16781 elementor-widget__width-initial left-to-right elementor-widget elementor-widget-image\" data-id=\"0d16781\" data-element_type=\"widget\" data-e-type=\"widget\" data-widget_type=\"image.default\">\n\t\t\t\t<div class=\"elementor-widget-container\">\n\t\t\t\t\t\t\t\t\t\t\t\t\t\t\t<img loading=\"lazy\" decoding=\"async\" width=\"800\" height=\"534\" src=\"https:\/\/www.fermesaintsimeon.fr\/wp-content\/uploads\/2024\/08\/Copie-de-_16A3696-la-ferme-saint-1024x683.jpg\" class=\"attachment-large size-large wp-image-6444\" alt=\"Frau, die vom Spa in Honfleur auf der Ferme Saint Sim\u00e9on profitiert\" srcset=\"https:\/\/www.fermesaintsimeon.fr\/wp-content\/uploads\/2024\/08\/Copie-de-_16A3696-la-ferme-saint-1024x683.jpg 1024w, https:\/\/www.fermesaintsimeon.fr\/wp-content\/uploads\/2024\/08\/Copie-de-_16A3696-la-ferme-saint-300x200.jpg 300w, https:\/\/www.fermesaintsimeon.fr\/wp-content\/uploads\/2024\/08\/Copie-de-_16A3696-la-ferme-saint-768x512.jpg 768w, https:\/\/www.fermesaintsimeon.fr\/wp-content\/uploads\/2024\/08\/Copie-de-_16A3696-la-ferme-saint-1536x1025.jpg 1536w, https:\/\/www.fermesaintsimeon.fr\/wp-content\/uploads\/2024\/08\/Copie-de-_16A3696-la-ferme-saint-18x12.jpg 18w, https:\/\/www.fermesaintsimeon.fr\/wp-content\/uploads\/2024\/08\/Copie-de-_16A3696-la-ferme-saint.jpg 2000w\" sizes=\"(max-width: 800px) 100vw, 800px\" title=\"\">\t\t\t\t\t\t\t\t\t\t\t\t\t\t\t<\/div>\n\t\t\t\t<\/div>\n\t\t\t\t<\/div>\n\t\t\t\t\t<\/div>\n\t\t\t\t<\/div>\n\t\t<div class=\"elementor-element elementor-element-bdc0802 e-flex e-con-boxed e-con e-parent\" data-id=\"bdc0802\" data-element_type=\"container\" data-e-type=\"container\">\n\t\t\t\t\t<div class=\"e-con-inner\">\n\t\t<div class=\"elementor-element elementor-element-4a74401 e-con-full e-flex e-con e-child\" data-id=\"4a74401\" data-element_type=\"container\" data-e-type=\"container\">\n\t\t\t\t<div class=\"elementor-element elementor-element-e7fbf62 elementor-widget__width-initial right-to-left elementor-widget elementor-widget-image\" data-id=\"e7fbf62\" data-element_type=\"widget\" data-e-type=\"widget\" data-widget_type=\"image.default\">\n\t\t\t\t<div class=\"elementor-widget-container\">\n\t\t\t\t\t\t\t\t\t\t\t\t\t\t\t<img loading=\"lazy\" decoding=\"async\" width=\"800\" height=\"534\" src=\"https:\/\/www.fermesaintsimeon.fr\/wp-content\/uploads\/2024\/08\/Copie-de-sdb--1024x683.jpg\" class=\"attachment-large size-large wp-image-6443\" alt=\"elegantes und helles Badezimmer eines Zimmers in der Ferme Saint Sim\u00e9on\" srcset=\"https:\/\/www.fermesaintsimeon.fr\/wp-content\/uploads\/2024\/08\/Copie-de-sdb--1024x683.jpg 1024w, https:\/\/www.fermesaintsimeon.fr\/wp-content\/uploads\/2024\/08\/Copie-de-sdb--300x200.jpg 300w, https:\/\/www.fermesaintsimeon.fr\/wp-content\/uploads\/2024\/08\/Copie-de-sdb--768x512.jpg 768w, https:\/\/www.fermesaintsimeon.fr\/wp-content\/uploads\/2024\/08\/Copie-de-sdb--1536x1025.jpg 1536w, https:\/\/www.fermesaintsimeon.fr\/wp-content\/uploads\/2024\/08\/Copie-de-sdb--18x12.jpg 18w, https:\/\/www.fermesaintsimeon.fr\/wp-content\/uploads\/2024\/08\/Copie-de-sdb-.jpg 2000w\" sizes=\"(max-width: 800px) 100vw, 800px\" title=\"\">\t\t\t\t\t\t\t\t\t\t\t\t\t\t\t<\/div>\n\t\t\t\t<\/div>\n\t\t\t\t<\/div>\n\t\t<div class=\"elementor-element elementor-element-a9eb1c0 e-con-full e-flex e-con e-child\" data-id=\"a9eb1c0\" data-element_type=\"container\" data-e-type=\"container\">\n\t\t<div class=\"elementor-element elementor-element-cd805d0 e-con-full e-flex e-con e-child\" data-id=\"cd805d0\" data-element_type=\"container\" data-e-type=\"container\">\n\t\t\t\t<div class=\"elementor-element elementor-element-70fe162 elementor-widget elementor-widget-heading\" data-id=\"70fe162\" data-element_type=\"widget\" data-e-type=\"widget\" data-widget_type=\"heading.default\">\n\t\t\t\t<div class=\"elementor-widget-container\">\n\t\t\t\t\t<h2 class=\"elementor-heading-title elementor-size-default\">G\u00f6nnen Sie sich eine Wellness-Parenthese in Honfleur<\/h2>\t\t\t\t<\/div>\n\t\t\t\t<\/div>\n\t\t\t\t<div class=\"elementor-element elementor-element-281e012 elementor-widget elementor-widget-text-editor\" data-id=\"281e012\" data-element_type=\"widget\" data-e-type=\"widget\" data-widget_type=\"text-editor.default\">\n\t\t\t\t<div class=\"elementor-widget-container\">\n\t\t\t\t\t\t\t\t\t<p>In der Ferme Saint Sim\u00e9on ist jedes Detail auf Ihren Komfort und Ihr Wohlbefinden ausgerichtet. Unser Spa l\u00e4dt Sie ein, eine Welt der Entspannung und Gelassenheit zu entdecken, weit weg vom Alltagsstress. Ob Sie sich f\u00fcr eine Sitzung im privaten Hammam, eine Massage zu zweit oder eine Pflege mit den Produkten von Olivier Claire entscheiden, Sie werden eine einzigartige und revitalisierende Sinneserfahrung machen.<\/p><p>Buchen Sie jetzt Ihren Aufenthalt in der Ferme Saint Sim\u00e9on und lassen Sie sich von unserem au\u00dfergew\u00f6hnlichen Spa in Honfleur verzaubern. G\u00f6nnen Sie sich eine Auszeit voller Wellness und Luxus in einer idyllischen Umgebung.<\/p>\t\t\t\t\t\t\t\t<\/div>\n\t\t\t\t<\/div>\n\t\t\t\t<\/div>\n\t\t\t\t<\/div>\n\t\t\t\t\t<\/div>\n\t\t\t\t<\/div>\n\t\t<div class=\"elementor-element elementor-element-3668e73 e-flex e-con-boxed e-con e-parent\" data-id=\"3668e73\" data-element_type=\"container\" data-e-type=\"container\">\n\t\t\t\t\t<div class=\"e-con-inner\">\n\t\t\t\t<div class=\"elementor-element elementor-element-eab7801 elementor-widget-divider--view-line_text elementor-widget-divider--element-align-right separateur elementor-widget elementor-widget-divider\" data-id=\"eab7801\" data-element_type=\"widget\" data-e-type=\"widget\" data-widget_type=\"divider.default\">\n\t\t\t\t<div class=\"elementor-widget-container\">\n\t\t\t\t\t\t\t<div class=\"elementor-divider\">\n\t\t\t<span class=\"elementor-divider-separator\">\n\t\t\t\t\t\t\t<span class=\"elementor-divider__text elementor-divider__element\">\n\t\t\t\tWohlbefinden\t\t\t\t<\/span>\n\t\t\t\t\t\t<\/span>\n\t\t<\/div>\n\t\t\t\t\t\t<\/div>\n\t\t\t\t<\/div>\n\t\t<div class=\"elementor-element elementor-element-4739653 e-flex e-con-boxed e-con e-child\" data-id=\"4739653\" data-element_type=\"container\" data-e-type=\"container\" data-settings=\"{&quot;background_background&quot;:&quot;classic&quot;}\">\n\t\t\t\t\t<div class=\"e-con-inner\">\n\t\t\t\t<div class=\"elementor-element elementor-element-819ddc5 elementor-widget elementor-widget-heading\" data-id=\"819ddc5\" data-element_type=\"widget\" data-e-type=\"widget\" data-widget_type=\"heading.default\">\n\t\t\t\t<div class=\"elementor-widget-container\">\n\t\t\t\t\t<h2 class=\"elementor-heading-title elementor-size-default\">Wohlbefinden<\/h2>\t\t\t\t<\/div>\n\t\t\t\t<\/div>\n\t\t\t\t<div class=\"elementor-element elementor-element-4334e50 elementor-align-left btn-lottie center elementor-widget elementor-widget-lottie\" data-id=\"4334e50\" data-element_type=\"widget\" data-e-type=\"widget\" data-settings=\"{&quot;source_json&quot;:{&quot;url&quot;:&quot;https:\\\/\\\/www.fermesaintsimeon.fr\\\/wp-content\\\/uploads\\\/2023\\\/12\\\/Animation_Lottie_Blanc.json&quot;,&quot;id&quot;:990,&quot;size&quot;:&quot;&quot;,&quot;alt&quot;:&quot;&quot;,&quot;source&quot;:&quot;library&quot;},&quot;caption_source&quot;:&quot;custom&quot;,&quot;caption&quot;:&quot;D\\u00e9couvrir&quot;,&quot;link_to&quot;:&quot;custom&quot;,&quot;trigger&quot;:&quot;on_hover&quot;,&quot;on_hover_out&quot;:&quot;reverse&quot;,&quot;source&quot;:&quot;media_file&quot;,&quot;custom_link&quot;:{&quot;url&quot;:&quot;https:\\\/\\\/www.fermesaintsimeon.fr\\\/de\\\/bien-etre-massage-honfleur\\\/&quot;,&quot;is_external&quot;:&quot;&quot;,&quot;nofollow&quot;:&quot;&quot;,&quot;custom_attributes&quot;:&quot;&quot;},&quot;hover_area&quot;:&quot;animation&quot;,&quot;play_speed&quot;:{&quot;unit&quot;:&quot;px&quot;,&quot;size&quot;:1,&quot;sizes&quot;:[]},&quot;start_point&quot;:{&quot;unit&quot;:&quot;%&quot;,&quot;size&quot;:0,&quot;sizes&quot;:[]},&quot;end_point&quot;:{&quot;unit&quot;:&quot;%&quot;,&quot;size&quot;:100,&quot;sizes&quot;:[]},&quot;renderer&quot;:&quot;svg&quot;}\" data-widget_type=\"lottie.default\">\n\t\t\t\t<div class=\"elementor-widget-container\">\n\t\t\t\t\t<a class=\"e-lottie__container__link\" href=\"https:\/\/www.fermesaintsimeon.fr\/de\/bien-etre-massage-honfleur\/\"><div class=\"e-lottie__container\"><div class=\"e-lottie__animation\"><\/div><p class=\"e-lottie__caption\"> Entdecken Sie<\/p><\/div><\/a>\t\t\t\t<\/div>\n\t\t\t\t<\/div>\n\t\t\t\t\t<\/div>\n\t\t\t\t<\/div>\n\t\t\t\t\t<\/div>\n\t\t\t\t<\/div>\n\t\t\t\t<\/div>","protected":false},"excerpt":{"rendered":"<p>Spa \u00e0 Honfleur Spa \u00e0 Honfleur &#8211; Ferme Saint Sim\u00e9on Une \u00c9vasion de Bien-\u00catre \u00e0 la Ferme Saint Sim\u00e9on Bienvenue \u00e0 la Ferme Saint Sim\u00e9on. Notre belle maison normande vous offre une exp\u00e9rience de bien-\u00eatre in\u00e9gal\u00e9e. D\u00e9couvrez nos salles de soins, nos Hammam privatifs et profitez de moments de d\u00e9tente profonde et de s\u00e9r\u00e9nit\u00e9. Hammam [&hellip;]<\/p>\n","protected":false},"author":13,"featured_media":0,"parent":0,"menu_order":0,"comment_status":"closed","ping_status":"closed","template":"","meta":{"inline_featured_image":false,"footnotes":""},"class_list":["post-6386","page","type-page","status-publish","hentry"],"_links":{"self":[{"href":"https:\/\/www.fermesaintsimeon.fr\/de\/wp-json\/wp\/v2\/pages\/6386","targetHints":{"allow":["GET"]}}],"collection":[{"href":"https:\/\/www.fermesaintsimeon.fr\/de\/wp-json\/wp\/v2\/pages"}],"about":[{"href":"https:\/\/www.fermesaintsimeon.fr\/de\/wp-json\/wp\/v2\/types\/page"}],"author":[{"embeddable":true,"href":"https:\/\/www.fermesaintsimeon.fr\/de\/wp-json\/wp\/v2\/users\/13"}],"replies":[{"embeddable":true,"href":"https:\/\/www.fermesaintsimeon.fr\/de\/wp-json\/wp\/v2\/comments?post=6386"}],"version-history":[{"count":22,"href":"https:\/\/www.fermesaintsimeon.fr\/de\/wp-json\/wp\/v2\/pages\/6386\/revisions"}],"predecessor-version":[{"id":6732,"href":"https:\/\/www.fermesaintsimeon.fr\/de\/wp-json\/wp\/v2\/pages\/6386\/revisions\/6732"}],"wp:attachment":[{"href":"https:\/\/www.fermesaintsimeon.fr\/de\/wp-json\/wp\/v2\/media?parent=6386"}],"curies":[{"name":"wp","href":"https:\/\/api.w.org\/{rel}","templated":true}]}}