{"id":6941,"date":"2025-07-02T15:33:42","date_gmt":"2025-07-02T13:33:42","guid":{"rendered":"https:\/\/www.fermesaintsimeon.fr\/?page_id=6941"},"modified":"2025-07-03T10:04:25","modified_gmt":"2025-07-03T08:04:25","slug":"aktuelle-nachrichten","status":"publish","type":"page","link":"https:\/\/www.fermesaintsimeon.fr\/de\/actualites\/","title":{"rendered":"Nachrichten"},"content":{"rendered":"<div data-elementor-type=\"wp-page\" data-elementor-id=\"6941\" class=\"elementor elementor-6941\" data-elementor-post-type=\"page\">\n\t\t\t\t<div class=\"elementor-element elementor-element-b89fb10 overflow-hidden-xs e-flex e-con-boxed e-con e-parent\" data-id=\"b89fb10\" data-element_type=\"container\" data-e-type=\"container\">\n\t\t\t\t\t<div class=\"e-con-inner\">\n\t\t<div class=\"elementor-element elementor-element-87a4594 bg-full-section-xs e-flex e-con-boxed e-con e-child\" data-id=\"87a4594\" data-element_type=\"container\" data-e-type=\"container\" data-settings=\"{&quot;background_background&quot;:&quot;classic&quot;}\">\n\t\t\t\t\t<div class=\"e-con-inner\">\n\t\t\t\t<div class=\"elementor-element elementor-element-33493e1 elementor-absolute e-transform evt-tache-gauche elementor-widget elementor-widget-image\" data-id=\"33493e1\" data-element_type=\"widget\" data-e-type=\"widget\" data-settings=\"{&quot;_position&quot;:&quot;absolute&quot;,&quot;_transform_rotateZ_effect&quot;:{&quot;unit&quot;:&quot;px&quot;,&quot;size&quot;:100,&quot;sizes&quot;:[]},&quot;_transform_rotateZ_effect_laptop&quot;:{&quot;unit&quot;:&quot;deg&quot;,&quot;size&quot;:&quot;&quot;,&quot;sizes&quot;:[]},&quot;_transform_rotateZ_effect_tablet&quot;:{&quot;unit&quot;:&quot;deg&quot;,&quot;size&quot;:&quot;&quot;,&quot;sizes&quot;:[]},&quot;_transform_rotateZ_effect_mobile&quot;:{&quot;unit&quot;:&quot;deg&quot;,&quot;size&quot;:&quot;&quot;,&quot;sizes&quot;:[]}}\" data-widget_type=\"image.default\">\n\t\t\t\t<div class=\"elementor-widget-container\">\n\t\t\t\t\t\t\t\t\t\t\t\t\t\t\t<img fetchpriority=\"high\" decoding=\"async\" width=\"618\" height=\"424\" src=\"https:\/\/www.fermesaintsimeon.fr\/wp-content\/uploads\/2024\/01\/tache-deco.png\" class=\"attachment-large size-large wp-image-1142\" alt=\"\" srcset=\"https:\/\/www.fermesaintsimeon.fr\/wp-content\/uploads\/2024\/01\/tache-deco.png 618w, https:\/\/www.fermesaintsimeon.fr\/wp-content\/uploads\/2024\/01\/tache-deco-300x206.png 300w, https:\/\/www.fermesaintsimeon.fr\/wp-content\/uploads\/2024\/01\/tache-deco-18x12.png 18w\" sizes=\"(max-width: 618px) 100vw, 618px\" title=\"\">\t\t\t\t\t\t\t\t\t\t\t\t\t\t\t<\/div>\n\t\t\t\t<\/div>\n\t\t\t\t<div class=\"elementor-element elementor-element-956b644 elementor-absolute e-transform evt-tache-droite elementor-widget elementor-widget-image\" data-id=\"956b644\" data-element_type=\"widget\" data-e-type=\"widget\" data-settings=\"{&quot;_position&quot;:&quot;absolute&quot;,&quot;_transform_rotateZ_effect&quot;:{&quot;unit&quot;:&quot;px&quot;,&quot;size&quot;:108,&quot;sizes&quot;:[]},&quot;_transform_rotateZ_effect_laptop&quot;:{&quot;unit&quot;:&quot;deg&quot;,&quot;size&quot;:&quot;&quot;,&quot;sizes&quot;:[]},&quot;_transform_rotateZ_effect_tablet&quot;:{&quot;unit&quot;:&quot;deg&quot;,&quot;size&quot;:&quot;&quot;,&quot;sizes&quot;:[]},&quot;_transform_rotateZ_effect_mobile&quot;:{&quot;unit&quot;:&quot;deg&quot;,&quot;size&quot;:&quot;&quot;,&quot;sizes&quot;:[]}}\" data-widget_type=\"image.default\">\n\t\t\t\t<div class=\"elementor-widget-container\">\n\t\t\t\t\t\t\t\t\t\t\t\t\t\t\t<img fetchpriority=\"high\" decoding=\"async\" width=\"618\" height=\"424\" src=\"https:\/\/www.fermesaintsimeon.fr\/wp-content\/uploads\/2024\/01\/tache-deco.png\" class=\"attachment-large size-large wp-image-1142\" alt=\"\" srcset=\"https:\/\/www.fermesaintsimeon.fr\/wp-content\/uploads\/2024\/01\/tache-deco.png 618w, https:\/\/www.fermesaintsimeon.fr\/wp-content\/uploads\/2024\/01\/tache-deco-300x206.png 300w, https:\/\/www.fermesaintsimeon.fr\/wp-content\/uploads\/2024\/01\/tache-deco-18x12.png 18w\" sizes=\"(max-width: 618px) 100vw, 618px\" title=\"\">\t\t\t\t\t\t\t\t\t\t\t\t\t\t\t<\/div>\n\t\t\t\t<\/div>\n\t\t\t\t<div class=\"elementor-element elementor-element-e2af2e8 event-titre elementor-widget elementor-widget-heading\" data-id=\"e2af2e8\" data-element_type=\"widget\" data-e-type=\"widget\" data-widget_type=\"heading.default\">\n\t\t\t\t<div class=\"elementor-widget-container\">\n\t\t\t\t\t<div class=\"elementor-heading-title elementor-size-default\">Entdecken Sie die<\/div>\t\t\t\t<\/div>\n\t\t\t\t<\/div>\n\t\t\t\t<div class=\"elementor-element elementor-element-40616e6 event-titre elementor-widget elementor-widget-heading\" data-id=\"40616e6\" data-element_type=\"widget\" data-e-type=\"widget\" data-widget_type=\"heading.default\">\n\t\t\t\t<div class=\"elementor-widget-container\">\n\t\t\t\t\t<div class=\"elementor-heading-title elementor-size-default\">Neuigkeiten<\/div>\t\t\t\t<\/div>\n\t\t\t\t<\/div>\n\t\t\t\t\t<\/div>\n\t\t\t\t<\/div>\n\t\t\t\t\t<\/div>\n\t\t\t\t<\/div>\n\t\t<div class=\"elementor-element elementor-element-a0c5699 e-flex e-con-boxed e-con e-parent\" data-id=\"a0c5699\" data-element_type=\"container\" data-e-type=\"container\">\n\t\t\t\t\t<div class=\"e-con-inner\">\n\t\t\t\t<div class=\"elementor-element elementor-element-82abd3c elementor-widget elementor-widget-heading\" data-id=\"82abd3c\" data-element_type=\"widget\" data-e-type=\"widget\" data-widget_type=\"heading.default\">\n\t\t\t\t<div class=\"elementor-widget-container\">\n\t\t\t\t\t<h1 class=\"elementor-heading-title elementor-size-default\">Neuigkeiten von der Farm<\/h1>\t\t\t\t<\/div>\n\t\t\t\t<\/div>\n\t\t\t\t<div class=\"elementor-element elementor-element-c219c58 elementor-grid-laptop-2 actu-listing elementor-grid-3 elementor-grid-tablet-2 elementor-grid-mobile-1 elementor-posts--thumbnail-top elementor-widget elementor-widget-posts\" data-id=\"c219c58\" data-element_type=\"widget\" data-e-type=\"widget\" data-settings=\"{&quot;classic_columns_laptop&quot;:&quot;2&quot;,&quot;classic_row_gap&quot;:{&quot;unit&quot;:&quot;px&quot;,&quot;size&quot;:40,&quot;sizes&quot;:[]},&quot;classic_columns&quot;:&quot;3&quot;,&quot;classic_columns_tablet&quot;:&quot;2&quot;,&quot;classic_columns_mobile&quot;:&quot;1&quot;,&quot;classic_row_gap_laptop&quot;:{&quot;unit&quot;:&quot;px&quot;,&quot;size&quot;:&quot;&quot;,&quot;sizes&quot;:[]},&quot;classic_row_gap_tablet&quot;:{&quot;unit&quot;:&quot;px&quot;,&quot;size&quot;:&quot;&quot;,&quot;sizes&quot;:[]},&quot;classic_row_gap_mobile&quot;:{&quot;unit&quot;:&quot;px&quot;,&quot;size&quot;:&quot;&quot;,&quot;sizes&quot;:[]}}\" data-widget_type=\"posts.classic\">\n\t\t\t\t<div class=\"elementor-widget-container\">\n\t\t\t\t\t\t\t<div class=\"elementor-posts-container elementor-posts elementor-posts--skin-classic elementor-grid\" role=\"list\">\n\t\t\t\t<article class=\"elementor-post elementor-grid-item post-7392 post type-post status-publish format-standard has-post-thumbnail hentry category-actualites\" role=\"listitem\">\n\t\t\t\t<a class=\"elementor-post__thumbnail__link\" href=\"https:\/\/www.fermesaintsimeon.fr\/de\/honfleur-hotel-vivre-lexperience-ferme-saint-simeon-entre-nature-art-et-bien-etre\/\" tabindex=\"-1\" >\n\t\t\t<div class=\"elementor-post__thumbnail\"><img decoding=\"async\" width=\"1308\" height=\"871\" src=\"https:\/\/www.fermesaintsimeon.fr\/wp-content\/uploads\/2025\/04\/Ferme-St-Simeon-Peinture-8-1.jpg\" class=\"attachment-full size-full wp-image-6801\" alt=\"\" title=\"\" srcset=\"https:\/\/www.fermesaintsimeon.fr\/wp-content\/uploads\/2025\/04\/Ferme-St-Simeon-Peinture-8-1.jpg 1308w, https:\/\/www.fermesaintsimeon.fr\/wp-content\/uploads\/2025\/04\/Ferme-St-Simeon-Peinture-8-1-300x200.jpg 300w, https:\/\/www.fermesaintsimeon.fr\/wp-content\/uploads\/2025\/04\/Ferme-St-Simeon-Peinture-8-1-1024x682.jpg 1024w, https:\/\/www.fermesaintsimeon.fr\/wp-content\/uploads\/2025\/04\/Ferme-St-Simeon-Peinture-8-1-768x511.jpg 768w, https:\/\/www.fermesaintsimeon.fr\/wp-content\/uploads\/2025\/04\/Ferme-St-Simeon-Peinture-8-1-18x12.jpg 18w\" sizes=\"(max-width: 1308px) 100vw, 1308px\" \/><\/div>\n\t\t<\/a>\n\t\t\t\t<div class=\"elementor-post__text\">\n\t\t\t\t<h2 class=\"elementor-post__title\">\n\t\t\t<a href=\"https:\/\/www.fermesaintsimeon.fr\/de\/honfleur-hotel-vivre-lexperience-ferme-saint-simeon-entre-nature-art-et-bien-etre\/\" >\n\t\t\t\tHonfleur h\u00f4tel : vivre l\u2019exp\u00e9rience Ferme Saint Sim\u00e9on entre nature, art et bien-\u00eatre\t\t\t<\/a>\n\t\t<\/h2>\n\t\t\t\t<div class=\"elementor-post__excerpt\">\n\t\t\t<p>Choisir un h\u00f4tel \u00e0 Honfleur, c\u2019est s\u2019offrir une\t\t<\/div>\n\t\t\n\t\t<a class=\"elementor-post__read-more\" href=\"https:\/\/www.fermesaintsimeon.fr\/de\/honfleur-hotel-vivre-lexperience-ferme-saint-simeon-entre-nature-art-et-bien-etre\/\" aria-label=\"Mehr \u00fcber Honfleur h\u00f4tel : vivre l\u2019exp\u00e9rience Ferme Saint Sim\u00e9on entre nature, art et bien-\u00eatre\" tabindex=\"-1\" >\n\t\t\tMehr erfahren\t\t<\/a>\n\n\t\t\t\t<\/div>\n\t\t\t\t<\/article>\n\t\t\t\t<article class=\"elementor-post elementor-grid-item post-7339 post type-post status-publish format-standard has-post-thumbnail hentry category-actualites\" role=\"listitem\">\n\t\t\t\t<a class=\"elementor-post__thumbnail__link\" href=\"https:\/\/www.fermesaintsimeon.fr\/de\/hotel-spa-honfleur-lexperience-bien-etre-et-art-de-vivre-a-la-ferme-saint-simeon\/\" tabindex=\"-1\" >\n\t\t\t<div class=\"elementor-post__thumbnail\"><img decoding=\"async\" width=\"2560\" height=\"1707\" src=\"https:\/\/www.fermesaintsimeon.fr\/wp-content\/uploads\/2025\/10\/Spa-potager-Septembre-20-copie-scaled.jpg\" class=\"attachment-full size-full wp-image-7173\" alt=\"\" title=\"\" srcset=\"https:\/\/www.fermesaintsimeon.fr\/wp-content\/uploads\/2025\/10\/Spa-potager-Septembre-20-copie-scaled.jpg 2560w, https:\/\/www.fermesaintsimeon.fr\/wp-content\/uploads\/2025\/10\/Spa-potager-Septembre-20-copie-300x200.jpg 300w, https:\/\/www.fermesaintsimeon.fr\/wp-content\/uploads\/2025\/10\/Spa-potager-Septembre-20-copie-1024x683.jpg 1024w, https:\/\/www.fermesaintsimeon.fr\/wp-content\/uploads\/2025\/10\/Spa-potager-Septembre-20-copie-768x512.jpg 768w, https:\/\/www.fermesaintsimeon.fr\/wp-content\/uploads\/2025\/10\/Spa-potager-Septembre-20-copie-1536x1024.jpg 1536w, https:\/\/www.fermesaintsimeon.fr\/wp-content\/uploads\/2025\/10\/Spa-potager-Septembre-20-copie-2048x1365.jpg 2048w, https:\/\/www.fermesaintsimeon.fr\/wp-content\/uploads\/2025\/10\/Spa-potager-Septembre-20-copie-18x12.jpg 18w\" sizes=\"(max-width: 2560px) 100vw, 2560px\" \/><\/div>\n\t\t<\/a>\n\t\t\t\t<div class=\"elementor-post__text\">\n\t\t\t\t<h2 class=\"elementor-post__title\">\n\t\t\t<a href=\"https:\/\/www.fermesaintsimeon.fr\/de\/hotel-spa-honfleur-lexperience-bien-etre-et-art-de-vivre-a-la-ferme-saint-simeon\/\" >\n\t\t\t\tSpa-Hotel Honfleur: Die Erfahrung von Wellness und Lebenskunst in der Ferme Saint Sim\u00e9on\t\t\t<\/a>\n\t\t<\/h2>\n\t\t\t\t<div class=\"elementor-post__excerpt\">\n\t\t\t<p>Auf der Ferme Saint Sim\u00e9on geht das Experiment gut\t\t<\/div>\n\t\t\n\t\t<a class=\"elementor-post__read-more\" href=\"https:\/\/www.fermesaintsimeon.fr\/de\/hotel-spa-honfleur-lexperience-bien-etre-et-art-de-vivre-a-la-ferme-saint-simeon\/\" aria-label=\"Mehr \u00fcber H\u00f4tel spa Honfleur : l\u2019exp\u00e9rience bien-\u00eatre et art de vivre \u00e0 la Ferme Saint Sim\u00e9on\" tabindex=\"-1\" >\n\t\t\tMehr erfahren\t\t<\/a>\n\n\t\t\t\t<\/div>\n\t\t\t\t<\/article>\n\t\t\t\t<article class=\"elementor-post elementor-grid-item post-7237 post type-post status-publish format-standard has-post-thumbnail hentry category-actualites\" role=\"listitem\">\n\t\t\t\t<a class=\"elementor-post__thumbnail__link\" href=\"https:\/\/www.fermesaintsimeon.fr\/de\/massage-honfleur\/\" tabindex=\"-1\" >\n\t\t\t<div class=\"elementor-post__thumbnail\"><img loading=\"lazy\" decoding=\"async\" width=\"2560\" height=\"2560\" src=\"https:\/\/www.fermesaintsimeon.fr\/wp-content\/uploads\/2024\/08\/Copie-de-Massage-2-scaled.jpg\" class=\"attachment-full size-full wp-image-6447\" alt=\"\" title=\"\" srcset=\"https:\/\/www.fermesaintsimeon.fr\/wp-content\/uploads\/2024\/08\/Copie-de-Massage-2-scaled.jpg 2560w, https:\/\/www.fermesaintsimeon.fr\/wp-content\/uploads\/2024\/08\/Copie-de-Massage-2-300x300.jpg 300w, https:\/\/www.fermesaintsimeon.fr\/wp-content\/uploads\/2024\/08\/Copie-de-Massage-2-1024x1024.jpg 1024w, https:\/\/www.fermesaintsimeon.fr\/wp-content\/uploads\/2024\/08\/Copie-de-Massage-2-150x150.jpg 150w, https:\/\/www.fermesaintsimeon.fr\/wp-content\/uploads\/2024\/08\/Copie-de-Massage-2-768x768.jpg 768w, https:\/\/www.fermesaintsimeon.fr\/wp-content\/uploads\/2024\/08\/Copie-de-Massage-2-1536x1536.jpg 1536w, https:\/\/www.fermesaintsimeon.fr\/wp-content\/uploads\/2024\/08\/Copie-de-Massage-2-2048x2048.jpg 2048w, https:\/\/www.fermesaintsimeon.fr\/wp-content\/uploads\/2024\/08\/Copie-de-Massage-2-12x12.jpg 12w\" sizes=\"(max-width: 2560px) 100vw, 2560px\" \/><\/div>\n\t\t<\/a>\n\t\t\t\t<div class=\"elementor-post__text\">\n\t\t\t\t<h2 class=\"elementor-post__title\">\n\t\t\t<a href=\"https:\/\/www.fermesaintsimeon.fr\/de\/massage-honfleur\/\" >\n\t\t\t\tMassage in Honfleur: Wohlbefinden und Entspannung auf der Ferme Saint Sim\u00e9on\t\t\t<\/a>\n\t\t<\/h2>\n\t\t\t\t<div class=\"elementor-post__excerpt\">\n\t\t\t<p>Zwischen M\u00fcndung und normannischer Landschaft besticht Honfleur durch\t\t<\/div>\n\t\t\n\t\t<a class=\"elementor-post__read-more\" href=\"https:\/\/www.fermesaintsimeon.fr\/de\/massage-honfleur\/\" aria-label=\"Mehr \u00fcber Massage \u00e0 Honfleur : bien-\u00eatre et d\u00e9tente \u00e0 la Ferme Saint Sim\u00e9on\" tabindex=\"-1\" >\n\t\t\tMehr erfahren\t\t<\/a>\n\n\t\t\t\t<\/div>\n\t\t\t\t<\/article>\n\t\t\t\t<article class=\"elementor-post elementor-grid-item post-7109 post type-post status-publish format-standard has-post-thumbnail hentry category-actualites\" role=\"listitem\">\n\t\t\t\t<a class=\"elementor-post__thumbnail__link\" href=\"https:\/\/www.fermesaintsimeon.fr\/de\/hotel-spa-honfleur-la-ferme-saint-simeon-un-havre-de-serenite-et-delegance\/\" tabindex=\"-1\" >\n\t\t\t<div class=\"elementor-post__thumbnail\"><img loading=\"lazy\" decoding=\"async\" width=\"1677\" height=\"1937\" src=\"https:\/\/www.fermesaintsimeon.fr\/wp-content\/uploads\/2025\/08\/Spa-potager-46b-scaled-e1759912729742.jpg\" class=\"attachment-full size-full wp-image-7065\" alt=\"\" title=\"\" srcset=\"https:\/\/www.fermesaintsimeon.fr\/wp-content\/uploads\/2025\/08\/Spa-potager-46b-scaled-e1759912729742.jpg 1677w, https:\/\/www.fermesaintsimeon.fr\/wp-content\/uploads\/2025\/08\/Spa-potager-46b-scaled-e1759912729742-260x300.jpg 260w, https:\/\/www.fermesaintsimeon.fr\/wp-content\/uploads\/2025\/08\/Spa-potager-46b-scaled-e1759912729742-887x1024.jpg 887w, https:\/\/www.fermesaintsimeon.fr\/wp-content\/uploads\/2025\/08\/Spa-potager-46b-scaled-e1759912729742-768x887.jpg 768w, https:\/\/www.fermesaintsimeon.fr\/wp-content\/uploads\/2025\/08\/Spa-potager-46b-scaled-e1759912729742-1330x1536.jpg 1330w, https:\/\/www.fermesaintsimeon.fr\/wp-content\/uploads\/2025\/08\/Spa-potager-46b-scaled-e1759912729742-10x12.jpg 10w\" sizes=\"(max-width: 1677px) 100vw, 1677px\" \/><\/div>\n\t\t<\/a>\n\t\t\t\t<div class=\"elementor-post__text\">\n\t\t\t\t<h2 class=\"elementor-post__title\">\n\t\t\t<a href=\"https:\/\/www.fermesaintsimeon.fr\/de\/hotel-spa-honfleur-la-ferme-saint-simeon-un-havre-de-serenite-et-delegance\/\" >\n\t\t\t\tSpa-Hotel Honfleur - La Ferme Saint Sim\u00e9on: eine Oase der Gelassenheit und Eleganz\t\t\t<\/a>\n\t\t<\/h2>\n\t\t\t\t<div class=\"elementor-post__excerpt\">\n\t\t\t<p>Ein Aufenthalt in einem Wellnesshotel in Honfleur bedeutet\t\t<\/div>\n\t\t\n\t\t<a class=\"elementor-post__read-more\" href=\"https:\/\/www.fermesaintsimeon.fr\/de\/hotel-spa-honfleur-la-ferme-saint-simeon-un-havre-de-serenite-et-delegance\/\" aria-label=\"Mehr \u00fcber H\u00f4tel spa Honfleur \u2013 La Ferme Saint Sim\u00e9on : un havre de s\u00e9r\u00e9nit\u00e9 et d\u2019\u00e9l\u00e9gance\" tabindex=\"-1\" >\n\t\t\tMehr erfahren\t\t<\/a>\n\n\t\t\t\t<\/div>\n\t\t\t\t<\/article>\n\t\t\t\t<article class=\"elementor-post elementor-grid-item post-7076 post type-post status-publish format-standard has-post-thumbnail hentry category-actualites\" role=\"listitem\">\n\t\t\t\t<a class=\"elementor-post__thumbnail__link\" href=\"https:\/\/www.fermesaintsimeon.fr\/de\/honfleur-hotel\/\" tabindex=\"-1\" >\n\t\t\t<div class=\"elementor-post__thumbnail\"><img loading=\"lazy\" decoding=\"async\" width=\"1401\" height=\"934\" src=\"https:\/\/www.fermesaintsimeon.fr\/wp-content\/uploads\/2025\/03\/Ferme-St-Simeon-Facades-19-2.jpg\" class=\"attachment-full size-full wp-image-6765\" alt=\"Honfleur Hotel Ferme saint simeon\" title=\"\" srcset=\"https:\/\/www.fermesaintsimeon.fr\/wp-content\/uploads\/2025\/03\/Ferme-St-Simeon-Facades-19-2.jpg 1401w, https:\/\/www.fermesaintsimeon.fr\/wp-content\/uploads\/2025\/03\/Ferme-St-Simeon-Facades-19-2-300x200.jpg 300w, https:\/\/www.fermesaintsimeon.fr\/wp-content\/uploads\/2025\/03\/Ferme-St-Simeon-Facades-19-2-1024x683.jpg 1024w, https:\/\/www.fermesaintsimeon.fr\/wp-content\/uploads\/2025\/03\/Ferme-St-Simeon-Facades-19-2-768x512.jpg 768w, https:\/\/www.fermesaintsimeon.fr\/wp-content\/uploads\/2025\/03\/Ferme-St-Simeon-Facades-19-2-18x12.jpg 18w\" sizes=\"(max-width: 1401px) 100vw, 1401px\" \/><\/div>\n\t\t<\/a>\n\t\t\t\t<div class=\"elementor-post__text\">\n\t\t\t\t<h2 class=\"elementor-post__title\">\n\t\t\t<a href=\"https:\/\/www.fermesaintsimeon.fr\/de\/honfleur-hotel\/\" >\n\t\t\t\tFerme Saint Sim\u00e9on: ein au\u00dfergew\u00f6hnliches Honfleur-Hotel-Erlebnis\t\t\t<\/a>\n\t\t<\/h2>\n\t\t\t\t<div class=\"elementor-post__excerpt\">\n\t\t\t<p>The Ferme Saint Sim\u00e9on ist weit mehr als\t\t<\/div>\n\t\t\n\t\t<a class=\"elementor-post__read-more\" href=\"https:\/\/www.fermesaintsimeon.fr\/de\/honfleur-hotel\/\" aria-label=\"Mehr \u00fcber Ferme Saint Sim\u00e9on: an exceptional Honfleur hotel experience\" tabindex=\"-1\" >\n\t\t\tMehr erfahren\t\t<\/a>\n\n\t\t\t\t<\/div>\n\t\t\t\t<\/article>\n\t\t\t\t<article class=\"elementor-post elementor-grid-item post-7009 post type-post status-publish format-standard has-post-thumbnail hentry category-actualites\" role=\"listitem\">\n\t\t\t\t<a class=\"elementor-post__thumbnail__link\" href=\"https:\/\/www.fermesaintsimeon.fr\/de\/restaurant-honfleur\/\" tabindex=\"-1\" >\n\t\t\t<div class=\"elementor-post__thumbnail\"><img loading=\"lazy\" decoding=\"async\" width=\"2560\" height=\"1708\" src=\"https:\/\/www.fermesaintsimeon.fr\/wp-content\/uploads\/2024\/04\/150SAVEURS-11-scaled.jpg\" class=\"attachment-full size-full wp-image-6271\" alt=\"Gericht aus dem Restaurant les Impressionnistes \u00e0 la Ferme Saint Sim\u00e9on Honfleur\" title=\"\" srcset=\"https:\/\/www.fermesaintsimeon.fr\/wp-content\/uploads\/2024\/04\/150SAVEURS-11-scaled.jpg 2560w, https:\/\/www.fermesaintsimeon.fr\/wp-content\/uploads\/2024\/04\/150SAVEURS-11-300x200.jpg 300w, https:\/\/www.fermesaintsimeon.fr\/wp-content\/uploads\/2024\/04\/150SAVEURS-11-1024x683.jpg 1024w, https:\/\/www.fermesaintsimeon.fr\/wp-content\/uploads\/2024\/04\/150SAVEURS-11-768x512.jpg 768w, https:\/\/www.fermesaintsimeon.fr\/wp-content\/uploads\/2024\/04\/150SAVEURS-11-1536x1025.jpg 1536w, https:\/\/www.fermesaintsimeon.fr\/wp-content\/uploads\/2024\/04\/150SAVEURS-11-2048x1366.jpg 2048w, https:\/\/www.fermesaintsimeon.fr\/wp-content\/uploads\/2024\/04\/150SAVEURS-11-18x12.jpg 18w\" sizes=\"(max-width: 2560px) 100vw, 2560px\" \/><\/div>\n\t\t<\/a>\n\t\t\t\t<div class=\"elementor-post__text\">\n\t\t\t\t<h2 class=\"elementor-post__title\">\n\t\t\t<a href=\"https:\/\/www.fermesaintsimeon.fr\/de\/restaurant-honfleur\/\" >\n\t\t\t\tRestaurant in Honfleur: das au\u00dfergew\u00f6hnliche kulinarische Erlebnis von La Ferme Saint Sim\u00e9on\t\t\t<\/a>\n\t\t<\/h2>\n\t\t\t\t<div class=\"elementor-post__excerpt\">\n\t\t\t<p>Im Herzen von La Ferme Saint Sim\u00e9on\t\t<\/div>\n\t\t\n\t\t<a class=\"elementor-post__read-more\" href=\"https:\/\/www.fermesaintsimeon.fr\/de\/restaurant-honfleur\/\" aria-label=\"Mehr \u00fcber Restaurant in Honfleur: das au\u00dfergew\u00f6hnliche kulinarische Erlebnis von La Ferme Saint Sim\u00e9on\" tabindex=\"-1\" >\n\t\t\tMehr erfahren\t\t<\/a>\n\n\t\t\t\t<\/div>\n\t\t\t\t<\/article>\n\t\t\t\t<\/div>\n\t\t\n\t\t\t\t\t\t<\/div>\n\t\t\t\t<\/div>\n\t\t\t\t\t<\/div>\n\t\t\t\t<\/div>\n\t\t\t\t<\/div>","protected":false},"excerpt":{"rendered":"<p>Entdecken Sie die Neuigkeiten Die Neuigkeiten der Farm<\/p>","protected":false},"author":13,"featured_media":0,"parent":0,"menu_order":0,"comment_status":"closed","ping_status":"closed","template":"","meta":{"inline_featured_image":false,"footnotes":""},"class_list":["post-6941","page","type-page","status-publish","hentry"],"_links":{"self":[{"href":"https:\/\/www.fermesaintsimeon.fr\/de\/wp-json\/wp\/v2\/pages\/6941","targetHints":{"allow":["GET"]}}],"collection":[{"href":"https:\/\/www.fermesaintsimeon.fr\/de\/wp-json\/wp\/v2\/pages"}],"about":[{"href":"https:\/\/www.fermesaintsimeon.fr\/de\/wp-json\/wp\/v2\/types\/page"}],"author":[{"embeddable":true,"href":"https:\/\/www.fermesaintsimeon.fr\/de\/wp-json\/wp\/v2\/users\/13"}],"replies":[{"embeddable":true,"href":"https:\/\/www.fermesaintsimeon.fr\/de\/wp-json\/wp\/v2\/comments?post=6941"}],"version-history":[{"count":44,"href":"https:\/\/www.fermesaintsimeon.fr\/de\/wp-json\/wp\/v2\/pages\/6941\/revisions"}],"predecessor-version":[{"id":7289,"href":"https:\/\/www.fermesaintsimeon.fr\/de\/wp-json\/wp\/v2\/pages\/6941\/revisions\/7289"}],"wp:attachment":[{"href":"https:\/\/www.fermesaintsimeon.fr\/de\/wp-json\/wp\/v2\/media?parent=6941"}],"curies":[{"name":"wp","href":"https:\/\/api.w.org\/{rel}","templated":true}]}}