{"id":93,"date":"2023-12-14T12:02:43","date_gmt":"2023-12-14T11:02:43","guid":{"rendered":"https:\/\/www.fermesaintsimeon.fr\/?page_id=93"},"modified":"2024-03-13T11:21:50","modified_gmt":"2024-03-13T10:21:50","slug":"relais-und-schlosser-normandie","status":"publish","type":"page","link":"https:\/\/www.fermesaintsimeon.fr\/de\/la-destination-hotel-impressionnistes-honfleur\/relais-et-chateaux-normandie\/","title":{"rendered":"Die Normandie"},"content":{"rendered":"<div data-elementor-type=\"wp-page\" data-elementor-id=\"93\" class=\"elementor elementor-93\" data-elementor-post-type=\"page\">\n\t\t\t\t<div class=\"elementor-element elementor-element-7777dfc overflow-hidden-xs e-flex e-con-boxed e-con e-parent\" data-id=\"7777dfc\" data-element_type=\"container\" data-e-type=\"container\">\n\t\t\t\t\t<div class=\"e-con-inner\">\n\t\t<div class=\"elementor-element elementor-element-7b72d6a bg-full-section-xs e-flex e-con-boxed e-con e-child\" data-id=\"7b72d6a\" data-element_type=\"container\" data-e-type=\"container\" data-settings=\"{&quot;background_background&quot;:&quot;classic&quot;}\">\n\t\t\t\t\t<div class=\"e-con-inner\">\n\t\t\t\t<div class=\"elementor-element elementor-element-5f7ecca elementor-absolute e-transform evt-tache-gauche elementor-widget elementor-widget-image\" data-id=\"5f7ecca\" data-element_type=\"widget\" data-e-type=\"widget\" data-settings=\"{&quot;_position&quot;:&quot;absolute&quot;,&quot;_transform_rotateZ_effect&quot;:{&quot;unit&quot;:&quot;px&quot;,&quot;size&quot;:100,&quot;sizes&quot;:[]},&quot;_transform_rotateZ_effect_laptop&quot;:{&quot;unit&quot;:&quot;deg&quot;,&quot;size&quot;:&quot;&quot;,&quot;sizes&quot;:[]},&quot;_transform_rotateZ_effect_tablet&quot;:{&quot;unit&quot;:&quot;deg&quot;,&quot;size&quot;:&quot;&quot;,&quot;sizes&quot;:[]},&quot;_transform_rotateZ_effect_mobile&quot;:{&quot;unit&quot;:&quot;deg&quot;,&quot;size&quot;:&quot;&quot;,&quot;sizes&quot;:[]}}\" data-widget_type=\"image.default\">\n\t\t\t\t<div class=\"elementor-widget-container\">\n\t\t\t\t\t\t\t\t\t\t\t\t\t\t\t<img fetchpriority=\"high\" decoding=\"async\" width=\"618\" height=\"424\" src=\"https:\/\/www.fermesaintsimeon.fr\/wp-content\/uploads\/2024\/01\/tache-deco.png\" class=\"attachment-large size-large wp-image-1142\" alt=\"\" srcset=\"https:\/\/www.fermesaintsimeon.fr\/wp-content\/uploads\/2024\/01\/tache-deco.png 618w, https:\/\/www.fermesaintsimeon.fr\/wp-content\/uploads\/2024\/01\/tache-deco-300x206.png 300w, https:\/\/www.fermesaintsimeon.fr\/wp-content\/uploads\/2024\/01\/tache-deco-18x12.png 18w\" sizes=\"(max-width: 618px) 100vw, 618px\" title=\"\">\t\t\t\t\t\t\t\t\t\t\t\t\t\t\t<\/div>\n\t\t\t\t<\/div>\n\t\t\t\t<div class=\"elementor-element elementor-element-ca6e6b9 elementor-absolute e-transform evt-tache-droite elementor-widget elementor-widget-image\" data-id=\"ca6e6b9\" data-element_type=\"widget\" data-e-type=\"widget\" data-settings=\"{&quot;_position&quot;:&quot;absolute&quot;,&quot;_transform_rotateZ_effect&quot;:{&quot;unit&quot;:&quot;px&quot;,&quot;size&quot;:108,&quot;sizes&quot;:[]},&quot;_transform_rotateZ_effect_laptop&quot;:{&quot;unit&quot;:&quot;deg&quot;,&quot;size&quot;:&quot;&quot;,&quot;sizes&quot;:[]},&quot;_transform_rotateZ_effect_tablet&quot;:{&quot;unit&quot;:&quot;deg&quot;,&quot;size&quot;:&quot;&quot;,&quot;sizes&quot;:[]},&quot;_transform_rotateZ_effect_mobile&quot;:{&quot;unit&quot;:&quot;deg&quot;,&quot;size&quot;:&quot;&quot;,&quot;sizes&quot;:[]}}\" data-widget_type=\"image.default\">\n\t\t\t\t<div class=\"elementor-widget-container\">\n\t\t\t\t\t\t\t\t\t\t\t\t\t\t\t<img fetchpriority=\"high\" decoding=\"async\" width=\"618\" height=\"424\" src=\"https:\/\/www.fermesaintsimeon.fr\/wp-content\/uploads\/2024\/01\/tache-deco.png\" class=\"attachment-large size-large wp-image-1142\" alt=\"\" srcset=\"https:\/\/www.fermesaintsimeon.fr\/wp-content\/uploads\/2024\/01\/tache-deco.png 618w, https:\/\/www.fermesaintsimeon.fr\/wp-content\/uploads\/2024\/01\/tache-deco-300x206.png 300w, https:\/\/www.fermesaintsimeon.fr\/wp-content\/uploads\/2024\/01\/tache-deco-18x12.png 18w\" sizes=\"(max-width: 618px) 100vw, 618px\" title=\"\">\t\t\t\t\t\t\t\t\t\t\t\t\t\t\t<\/div>\n\t\t\t\t<\/div>\n\t\t\t\t<div class=\"elementor-element elementor-element-a0c7395 event-titre elementor-widget elementor-widget-heading\" data-id=\"a0c7395\" data-element_type=\"widget\" data-e-type=\"widget\" data-widget_type=\"heading.default\">\n\t\t\t\t<div class=\"elementor-widget-container\">\n\t\t\t\t\t<div class=\"elementor-heading-title elementor-size-default\">Die Normandie<\/div>\t\t\t\t<\/div>\n\t\t\t\t<\/div>\n\t\t\t\t\t<\/div>\n\t\t\t\t<\/div>\n\t\t\t\t\t<\/div>\n\t\t\t\t<\/div>\n\t\t<div class=\"elementor-element elementor-element-1d70633 e-con-full e-flex e-con e-parent\" data-id=\"1d70633\" data-element_type=\"container\" data-e-type=\"container\" data-settings=\"{&quot;background_background&quot;:&quot;classic&quot;}\">\n\t\t<div class=\"elementor-element elementor-element-bb7c610 e-con-full left-to-right e-flex e-con e-child\" data-id=\"bb7c610\" data-element_type=\"container\" data-e-type=\"container\" data-settings=\"{&quot;background_background&quot;:&quot;classic&quot;}\">\n\t\t<div class=\"elementor-element elementor-element-8b0c9c5 e-con-full e-flex e-con e-child\" data-id=\"8b0c9c5\" data-element_type=\"container\" data-e-type=\"container\" data-settings=\"{&quot;background_background&quot;:&quot;classic&quot;}\">\n\t\t\t\t<div class=\"elementor-element elementor-element-d04ad1f elementor-widget elementor-widget-heading\" data-id=\"d04ad1f\" data-element_type=\"widget\" data-e-type=\"widget\" data-widget_type=\"heading.default\">\n\t\t\t\t<div class=\"elementor-widget-container\">\n\t\t\t\t\t<h1 class=\"elementor-heading-title elementor-size-default\">relais &amp; schl\u00f6sser in der normandie<\/h1>\t\t\t\t<\/div>\n\t\t\t\t<\/div>\n\t\t\t\t<div class=\"elementor-element elementor-element-6ae31cb elementor-widget elementor-widget-heading\" data-id=\"6ae31cb\" data-element_type=\"widget\" data-e-type=\"widget\" data-widget_type=\"heading.default\">\n\t\t\t\t<div class=\"elementor-widget-container\">\n\t\t\t\t\t<h2 class=\"elementor-heading-title elementor-size-default\">Eine k\u00fcnstlerische Vergangenheit<\/h2>\t\t\t\t<\/div>\n\t\t\t\t<\/div>\n\t\t\t\t<div class=\"elementor-element elementor-element-3d5027b elementor-widget elementor-widget-text-editor\" data-id=\"3d5027b\" data-element_type=\"widget\" data-e-type=\"widget\" data-widget_type=\"text-editor.default\">\n\t\t\t\t<div class=\"elementor-widget-container\">\n\t\t\t\t\t\t\t\t\t<p>Echt, impressionistisch oder historisch - die Normandie hat f\u00fcr jeden etwas zu bieten. Unser Relais &amp; Ch\u00e2teaux-Anwesen in der Normandie ist tief in der Geschichte der Region verwurzelt. Folgen Sie den Spuren von K\u00fcnstlern wie Corot oder Monet, w\u00e4hrend Sie die Landschaften erkunden, die sie auf Leinwand verewigt haben. Beginnend mit unserer historischen Reetdachkate, die in Monets ber\u00fchmtem Gem\u00e4lde \u201eDie Stra\u00dfe im Schnee\u201c zu sehen ist.<br \/>Die Ferme Saint Sim\u00e9on ist auch Zeuge eines kulturellen und authentischen normannischen Erbes. Jahrhundert und mischt seine bl\u00e4ulichen Schieferplatten mit dem traditionellen Fachwerk der authentischen Reetdachh\u00e4user.<\/p>\t\t\t\t\t\t\t\t<\/div>\n\t\t\t\t<\/div>\n\t\t\t\t<div class=\"elementor-element elementor-element-34a64cc left-to-right elementor-widget elementor-widget-image\" data-id=\"34a64cc\" data-element_type=\"widget\" data-e-type=\"widget\" data-widget_type=\"image.default\">\n\t\t\t\t<div class=\"elementor-widget-container\">\n\t\t\t\t\t\t\t\t\t\t\t\t\t\t\t<img decoding=\"async\" width=\"800\" height=\"534\" src=\"https:\/\/www.fermesaintsimeon.fr\/wp-content\/uploads\/2024\/01\/iStock-1436430825-1024x683.jpg\" class=\"attachment-large size-large wp-image-4679\" alt=\"resort am meer in Deauville - relais et chateaux normandie\" srcset=\"https:\/\/www.fermesaintsimeon.fr\/wp-content\/uploads\/2024\/01\/iStock-1436430825-1024x683.jpg 1024w, https:\/\/www.fermesaintsimeon.fr\/wp-content\/uploads\/2024\/01\/iStock-1436430825-300x200.jpg 300w, https:\/\/www.fermesaintsimeon.fr\/wp-content\/uploads\/2024\/01\/iStock-1436430825-768x512.jpg 768w, https:\/\/www.fermesaintsimeon.fr\/wp-content\/uploads\/2024\/01\/iStock-1436430825-18x12.jpg 18w, https:\/\/www.fermesaintsimeon.fr\/wp-content\/uploads\/2024\/01\/iStock-1436430825.jpg 1254w\" sizes=\"(max-width: 800px) 100vw, 800px\" title=\"\">\t\t\t\t\t\t\t\t\t\t\t\t\t\t\t<\/div>\n\t\t\t\t<\/div>\n\t\t\t\t<\/div>\n\t\t\t\t<\/div>\n\t\t\t\t<\/div>\n\t\t<div class=\"elementor-element elementor-element-80e76a9 e-con-full e-flex e-con e-parent\" data-id=\"80e76a9\" data-element_type=\"container\" data-e-type=\"container\" data-settings=\"{&quot;background_background&quot;:&quot;classic&quot;}\">\n\t\t<div class=\"elementor-element elementor-element-af1461a e-con-full right-to-left e-flex e-con e-child\" data-id=\"af1461a\" data-element_type=\"container\" data-e-type=\"container\" data-settings=\"{&quot;background_background&quot;:&quot;classic&quot;}\">\n\t\t<div class=\"elementor-element elementor-element-4a4d1ec e-con-full e-flex e-con e-child\" data-id=\"4a4d1ec\" data-element_type=\"container\" data-e-type=\"container\" data-settings=\"{&quot;background_background&quot;:&quot;classic&quot;}\">\n\t\t\t\t<div class=\"elementor-element elementor-element-e1f5e20 elementor-widget elementor-widget-heading\" data-id=\"e1f5e20\" data-element_type=\"widget\" data-e-type=\"widget\" data-widget_type=\"heading.default\">\n\t\t\t\t<div class=\"elementor-widget-container\">\n\t\t\t\t\t<h2 class=\"elementor-heading-title elementor-size-default\">Lokale Produkte<\/h2>\t\t\t\t<\/div>\n\t\t\t\t<\/div>\n\t\t\t\t<div class=\"elementor-element elementor-element-24ed711 elementor-widget elementor-widget-text-editor\" data-id=\"24ed711\" data-element_type=\"widget\" data-e-type=\"widget\" data-widget_type=\"text-editor.default\">\n\t\t\t\t<div class=\"elementor-widget-container\">\n\t\t\t\t\t\t\t\t\t<p>In diesem normannischen Geist steht nat\u00fcrlich auch die hervorragende K\u00fcche mit lokalen Geschmacksrichtungen, zubereitet von unserem Chefkoch und seinem Team, einzigartige Behandlungen mit Produkten aus der Normandie sowie Verkostungen der besten Calvados-Sorten in unseren Salons.<\/p>\t\t\t\t\t\t\t\t<\/div>\n\t\t\t\t<\/div>\n\t\t\t\t<div class=\"elementor-element elementor-element-bdaf8cf left-to-right elementor-widget elementor-widget-image\" data-id=\"bdaf8cf\" data-element_type=\"widget\" data-e-type=\"widget\" data-widget_type=\"image.default\">\n\t\t\t\t<div class=\"elementor-widget-container\">\n\t\t\t\t\t\t\t\t\t\t\t\t\t\t\t<img decoding=\"async\" width=\"800\" height=\"533\" src=\"https:\/\/www.fermesaintsimeon.fr\/wp-content\/uploads\/2024\/01\/Buffet-1-1024x682.jpg\" class=\"attachment-large size-large wp-image-3006\" alt=\"fr\u00fchst\u00fccksbuffet mit pancakes und frischem fruchtsaft - ferme saint sim\u00e9on honfleur\" srcset=\"https:\/\/www.fermesaintsimeon.fr\/wp-content\/uploads\/2024\/01\/Buffet-1-1024x682.jpg 1024w, https:\/\/www.fermesaintsimeon.fr\/wp-content\/uploads\/2024\/01\/Buffet-1-300x200.jpg 300w, https:\/\/www.fermesaintsimeon.fr\/wp-content\/uploads\/2024\/01\/Buffet-1-768x512.jpg 768w, https:\/\/www.fermesaintsimeon.fr\/wp-content\/uploads\/2024\/01\/Buffet-1-1536x1024.jpg 1536w, https:\/\/www.fermesaintsimeon.fr\/wp-content\/uploads\/2024\/01\/Buffet-1-18x12.jpg 18w, https:\/\/www.fermesaintsimeon.fr\/wp-content\/uploads\/2024\/01\/Buffet-1.jpg 2000w\" sizes=\"(max-width: 800px) 100vw, 800px\" title=\"\">\t\t\t\t\t\t\t\t\t\t\t\t\t\t\t<\/div>\n\t\t\t\t<\/div>\n\t\t\t\t<\/div>\n\t\t\t\t<\/div>\n\t\t\t\t<\/div>\n\t\t<div class=\"elementor-element elementor-element-27ac21d e-con-full e-flex e-con e-parent\" data-id=\"27ac21d\" data-element_type=\"container\" data-e-type=\"container\">\n\t\t\t\t<div class=\"elementor-element elementor-element-cf83053 elementor-widget elementor-widget-template\" data-id=\"cf83053\" data-element_type=\"widget\" data-e-type=\"widget\" id=\"destination2\" data-widget_type=\"template.default\">\n\t\t\t\t<div class=\"elementor-widget-container\">\n\t\t\t\t\t\t\t<div class=\"elementor-template\">\n\t\t\t\t\t<div data-elementor-type=\"container\" data-elementor-id=\"4303\" class=\"elementor elementor-4303\" data-elementor-post-type=\"elementor_library\">\n\t\t\t\t<div class=\"elementor-element elementor-element-615b5fb3 e-flex e-con-boxed e-con e-parent\" data-id=\"615b5fb3\" data-element_type=\"container\" data-e-type=\"container\" data-settings=\"{&quot;background_background&quot;:&quot;classic&quot;}\">\n\t\t\t\t\t<div class=\"e-con-inner\">\n\t\t\t\t<div class=\"elementor-element elementor-element-5f17d54c elementor-widget__width-initial elementor-widget elementor-widget-heading\" data-id=\"5f17d54c\" data-element_type=\"widget\" data-e-type=\"widget\" data-widget_type=\"heading.default\">\n\t\t\t\t<div class=\"elementor-widget-container\">\n\t\t\t\t\t<h2 class=\"elementor-heading-title elementor-size-default\">Unsere anderen Reiseziele<\/h2>\t\t\t\t<\/div>\n\t\t\t\t<\/div>\n\t\t<div class=\"elementor-element elementor-element-7e876f67 e-con-full e-flex e-con e-child\" data-id=\"7e876f67\" data-element_type=\"container\" data-e-type=\"container\">\n\t\t<div class=\"elementor-element elementor-element-336c544f e-con-full destination1 e-flex e-con e-child\" data-id=\"336c544f\" data-element_type=\"container\" data-e-type=\"container\" data-settings=\"{&quot;background_background&quot;:&quot;classic&quot;}\">\n\t\t\t\t<div class=\"elementor-element elementor-element-712ff929 elementor-widget elementor-widget-heading\" data-id=\"712ff929\" data-element_type=\"widget\" data-e-type=\"widget\" data-widget_type=\"heading.default\">\n\t\t\t\t<div class=\"elementor-widget-container\">\n\t\t\t\t\t<h2 class=\"elementor-heading-title elementor-size-default\">Cabourg<\/h2>\t\t\t\t<\/div>\n\t\t\t\t<\/div>\n\t\t\t\t<div class=\"elementor-element elementor-element-400f7514 elementor-align-left btn-lottie center elementor-widget elementor-widget-lottie\" data-id=\"400f7514\" data-element_type=\"widget\" data-e-type=\"widget\" data-settings=\"{&quot;source_json&quot;:{&quot;url&quot;:&quot;https:\\\/\\\/www.fermesaintsimeon.fr\\\/wp-content\\\/uploads\\\/2023\\\/12\\\/Animation_Lottie_Blanc.json&quot;,&quot;id&quot;:990,&quot;size&quot;:&quot;&quot;,&quot;alt&quot;:&quot;&quot;,&quot;source&quot;:&quot;library&quot;},&quot;caption_source&quot;:&quot;custom&quot;,&quot;caption&quot;:&quot;D\\u00e9couvrir&quot;,&quot;link_to&quot;:&quot;custom&quot;,&quot;trigger&quot;:&quot;on_hover&quot;,&quot;on_hover_out&quot;:&quot;reverse&quot;,&quot;source&quot;:&quot;media_file&quot;,&quot;custom_link&quot;:{&quot;url&quot;:&quot;https:\\\/\\\/www.fermesaintsimeon.fr\\\/de\\\/la-destination-hotel-impressionnistes-honfleur\\\/hotel-5-etoiles-cabourg\\\/&quot;,&quot;is_external&quot;:&quot;&quot;,&quot;nofollow&quot;:&quot;&quot;,&quot;custom_attributes&quot;:&quot;&quot;},&quot;hover_area&quot;:&quot;animation&quot;,&quot;play_speed&quot;:{&quot;unit&quot;:&quot;px&quot;,&quot;size&quot;:1,&quot;sizes&quot;:[]},&quot;start_point&quot;:{&quot;unit&quot;:&quot;%&quot;,&quot;size&quot;:0,&quot;sizes&quot;:[]},&quot;end_point&quot;:{&quot;unit&quot;:&quot;%&quot;,&quot;size&quot;:100,&quot;sizes&quot;:[]},&quot;renderer&quot;:&quot;svg&quot;}\" data-widget_type=\"lottie.default\">\n\t\t\t\t<div class=\"elementor-widget-container\">\n\t\t\t\t\t<a class=\"e-lottie__container__link\" href=\"https:\/\/www.fermesaintsimeon.fr\/de\/la-destination-hotel-impressionnistes-honfleur\/hotel-5-etoiles-cabourg\/\"><div class=\"e-lottie__container\"><div class=\"e-lottie__animation\"><\/div><p class=\"e-lottie__caption\"> Entdecken Sie<\/p><\/div><\/a>\t\t\t\t<\/div>\n\t\t\t\t<\/div>\n\t\t\t\t<\/div>\n\t\t<div class=\"elementor-element elementor-element-4365ff96 e-con-full destination2 e-flex e-con e-child\" data-id=\"4365ff96\" data-element_type=\"container\" data-e-type=\"container\" data-settings=\"{&quot;background_background&quot;:&quot;classic&quot;}\">\n\t\t\t\t<div class=\"elementor-element elementor-element-4d8c2c88 elementor-widget elementor-widget-heading\" data-id=\"4d8c2c88\" data-element_type=\"widget\" data-e-type=\"widget\" data-widget_type=\"heading.default\">\n\t\t\t\t<div class=\"elementor-widget-container\">\n\t\t\t\t\t<h2 class=\"elementor-heading-title elementor-size-default\">Die Normandie<\/h2>\t\t\t\t<\/div>\n\t\t\t\t<\/div>\n\t\t\t\t<div class=\"elementor-element elementor-element-46118fc elementor-align-left btn-lottie center elementor-widget elementor-widget-lottie\" data-id=\"46118fc\" data-element_type=\"widget\" data-e-type=\"widget\" data-settings=\"{&quot;source_json&quot;:{&quot;url&quot;:&quot;https:\\\/\\\/www.fermesaintsimeon.fr\\\/wp-content\\\/uploads\\\/2023\\\/12\\\/Animation_Lottie_Blanc.json&quot;,&quot;id&quot;:990,&quot;size&quot;:&quot;&quot;,&quot;alt&quot;:&quot;&quot;,&quot;source&quot;:&quot;library&quot;},&quot;caption_source&quot;:&quot;custom&quot;,&quot;caption&quot;:&quot;D\\u00e9couvrir&quot;,&quot;link_to&quot;:&quot;custom&quot;,&quot;trigger&quot;:&quot;on_hover&quot;,&quot;on_hover_out&quot;:&quot;reverse&quot;,&quot;source&quot;:&quot;media_file&quot;,&quot;custom_link&quot;:{&quot;url&quot;:&quot;https:\\\/\\\/www.fermesaintsimeon.fr\\\/de\\\/la-destination-hotel-impressionnistes-honfleur\\\/relais-et-chateaux-normandie\\\/&quot;,&quot;is_external&quot;:&quot;&quot;,&quot;nofollow&quot;:&quot;&quot;,&quot;custom_attributes&quot;:&quot;&quot;},&quot;hover_area&quot;:&quot;animation&quot;,&quot;play_speed&quot;:{&quot;unit&quot;:&quot;px&quot;,&quot;size&quot;:1,&quot;sizes&quot;:[]},&quot;start_point&quot;:{&quot;unit&quot;:&quot;%&quot;,&quot;size&quot;:0,&quot;sizes&quot;:[]},&quot;end_point&quot;:{&quot;unit&quot;:&quot;%&quot;,&quot;size&quot;:100,&quot;sizes&quot;:[]},&quot;renderer&quot;:&quot;svg&quot;}\" data-widget_type=\"lottie.default\">\n\t\t\t\t<div class=\"elementor-widget-container\">\n\t\t\t\t\t<a class=\"e-lottie__container__link\" href=\"https:\/\/www.fermesaintsimeon.fr\/de\/la-destination-hotel-impressionnistes-honfleur\/relais-et-chateaux-normandie\/\"><div class=\"e-lottie__container\"><div class=\"e-lottie__animation\"><\/div><p class=\"e-lottie__caption\"> Entdecken Sie<\/p><\/div><\/a>\t\t\t\t<\/div>\n\t\t\t\t<\/div>\n\t\t\t\t<\/div>\n\t\t<div class=\"elementor-element elementor-element-2db315eb e-con-full destination3 e-flex e-con e-child\" data-id=\"2db315eb\" data-element_type=\"container\" data-e-type=\"container\" data-settings=\"{&quot;background_background&quot;:&quot;classic&quot;}\">\n\t\t\t\t<div class=\"elementor-element elementor-element-f1bf388 elementor-widget elementor-widget-heading\" data-id=\"f1bf388\" data-element_type=\"widget\" data-e-type=\"widget\" data-widget_type=\"heading.default\">\n\t\t\t\t<div class=\"elementor-widget-container\">\n\t\t\t\t\t<h2 class=\"elementor-heading-title elementor-size-default\">Deauville<\/h2>\t\t\t\t<\/div>\n\t\t\t\t<\/div>\n\t\t\t\t<div class=\"elementor-element elementor-element-5905a80d elementor-align-left btn-lottie center elementor-widget elementor-widget-lottie\" data-id=\"5905a80d\" data-element_type=\"widget\" data-e-type=\"widget\" data-settings=\"{&quot;source_json&quot;:{&quot;url&quot;:&quot;https:\\\/\\\/www.fermesaintsimeon.fr\\\/wp-content\\\/uploads\\\/2023\\\/12\\\/Animation_Lottie_Blanc.json&quot;,&quot;id&quot;:990,&quot;size&quot;:&quot;&quot;,&quot;alt&quot;:&quot;&quot;,&quot;source&quot;:&quot;library&quot;},&quot;caption_source&quot;:&quot;custom&quot;,&quot;caption&quot;:&quot;D\\u00e9couvrir&quot;,&quot;link_to&quot;:&quot;custom&quot;,&quot;trigger&quot;:&quot;on_hover&quot;,&quot;on_hover_out&quot;:&quot;reverse&quot;,&quot;source&quot;:&quot;media_file&quot;,&quot;custom_link&quot;:{&quot;url&quot;:&quot;https:\\\/\\\/www.fermesaintsimeon.fr\\\/de\\\/la-destination-hotel-impressionnistes-honfleur\\\/hotel-5-etoiles-deauville\\\/&quot;,&quot;is_external&quot;:&quot;&quot;,&quot;nofollow&quot;:&quot;&quot;,&quot;custom_attributes&quot;:&quot;&quot;},&quot;hover_area&quot;:&quot;animation&quot;,&quot;play_speed&quot;:{&quot;unit&quot;:&quot;px&quot;,&quot;size&quot;:1,&quot;sizes&quot;:[]},&quot;start_point&quot;:{&quot;unit&quot;:&quot;%&quot;,&quot;size&quot;:0,&quot;sizes&quot;:[]},&quot;end_point&quot;:{&quot;unit&quot;:&quot;%&quot;,&quot;size&quot;:100,&quot;sizes&quot;:[]},&quot;renderer&quot;:&quot;svg&quot;}\" data-widget_type=\"lottie.default\">\n\t\t\t\t<div class=\"elementor-widget-container\">\n\t\t\t\t\t<a class=\"e-lottie__container__link\" href=\"https:\/\/www.fermesaintsimeon.fr\/de\/la-destination-hotel-impressionnistes-honfleur\/hotel-5-etoiles-deauville\/\"><div class=\"e-lottie__container\"><div class=\"e-lottie__animation\"><\/div><p class=\"e-lottie__caption\"> Entdecken Sie<\/p><\/div><\/a>\t\t\t\t<\/div>\n\t\t\t\t<\/div>\n\t\t\t\t<\/div>\n\t\t<div class=\"elementor-element elementor-element-5abc2cbe e-con-full destination4 e-flex e-con e-child\" data-id=\"5abc2cbe\" data-element_type=\"container\" data-e-type=\"container\" data-settings=\"{&quot;background_background&quot;:&quot;classic&quot;}\">\n\t\t\t\t<div class=\"elementor-element elementor-element-78658cb9 elementor-widget elementor-widget-heading\" data-id=\"78658cb9\" data-element_type=\"widget\" data-e-type=\"widget\" data-widget_type=\"heading.default\">\n\t\t\t\t<div class=\"elementor-widget-container\">\n\t\t\t\t\t<h2 class=\"elementor-heading-title elementor-size-default\">Honfleur<\/h2>\t\t\t\t<\/div>\n\t\t\t\t<\/div>\n\t\t\t\t<div class=\"elementor-element elementor-element-33124122 elementor-align-left btn-lottie center elementor-widget elementor-widget-lottie\" data-id=\"33124122\" data-element_type=\"widget\" data-e-type=\"widget\" data-settings=\"{&quot;source_json&quot;:{&quot;url&quot;:&quot;https:\\\/\\\/www.fermesaintsimeon.fr\\\/wp-content\\\/uploads\\\/2023\\\/12\\\/Animation_Lottie_Blanc.json&quot;,&quot;id&quot;:990,&quot;size&quot;:&quot;&quot;,&quot;alt&quot;:&quot;&quot;,&quot;source&quot;:&quot;library&quot;},&quot;caption_source&quot;:&quot;custom&quot;,&quot;caption&quot;:&quot;D\\u00e9couvrir&quot;,&quot;link_to&quot;:&quot;custom&quot;,&quot;trigger&quot;:&quot;on_hover&quot;,&quot;on_hover_out&quot;:&quot;reverse&quot;,&quot;source&quot;:&quot;media_file&quot;,&quot;custom_link&quot;:{&quot;url&quot;:&quot;https:\\\/\\\/www.fermesaintsimeon.fr\\\/de\\\/la-destination-hotel-impressionnistes-honfleur\\\/relais-et-chateaux-honfleur\\\/&quot;,&quot;is_external&quot;:&quot;&quot;,&quot;nofollow&quot;:&quot;&quot;,&quot;custom_attributes&quot;:&quot;&quot;},&quot;hover_area&quot;:&quot;animation&quot;,&quot;play_speed&quot;:{&quot;unit&quot;:&quot;px&quot;,&quot;size&quot;:1,&quot;sizes&quot;:[]},&quot;start_point&quot;:{&quot;unit&quot;:&quot;%&quot;,&quot;size&quot;:0,&quot;sizes&quot;:[]},&quot;end_point&quot;:{&quot;unit&quot;:&quot;%&quot;,&quot;size&quot;:100,&quot;sizes&quot;:[]},&quot;renderer&quot;:&quot;svg&quot;}\" data-widget_type=\"lottie.default\">\n\t\t\t\t<div class=\"elementor-widget-container\">\n\t\t\t\t\t<a class=\"e-lottie__container__link\" href=\"https:\/\/www.fermesaintsimeon.fr\/de\/la-destination-hotel-impressionnistes-honfleur\/relais-et-chateaux-honfleur\/\"><div class=\"e-lottie__container\"><div class=\"e-lottie__animation\"><\/div><p class=\"e-lottie__caption\"> Entdecken Sie<\/p><\/div><\/a>\t\t\t\t<\/div>\n\t\t\t\t<\/div>\n\t\t\t\t<\/div>\n\t\t\t\t<\/div>\n\t\t\t\t\t<\/div>\n\t\t\t\t<\/div>\n\t\t\t\t<\/div>\n\t\t\t\t<\/div>\n\t\t\t\t\t\t<\/div>\n\t\t\t\t<\/div>\n\t\t\t\t<\/div>\n\t\t\t\t<\/div>","protected":false},"excerpt":{"rendered":"<p>relais &#038; ch\u00e2teaux en normandie Un pass\u00e9 artistique Authentique, impressionniste ou historique, il y a forc\u00e9ment une Normandie qui vous convient. Notre Maison Relais et Ch\u00e2teaux de Normandie est marqu\u00e9e par le pass\u00e9 de la r\u00e9gion. Suivez les pas de Corot ou de Monet en d\u00e9couvrant les paysages qu\u2019ils ont encr\u00e9s sur toile. \u00c0 commencer [&hellip;]<\/p>\n","protected":false},"author":5,"featured_media":0,"parent":103,"menu_order":0,"comment_status":"closed","ping_status":"closed","template":"","meta":{"inline_featured_image":false,"footnotes":""},"class_list":["post-93","page","type-page","status-publish","hentry"],"_links":{"self":[{"href":"https:\/\/www.fermesaintsimeon.fr\/de\/wp-json\/wp\/v2\/pages\/93","targetHints":{"allow":["GET"]}}],"collection":[{"href":"https:\/\/www.fermesaintsimeon.fr\/de\/wp-json\/wp\/v2\/pages"}],"about":[{"href":"https:\/\/www.fermesaintsimeon.fr\/de\/wp-json\/wp\/v2\/types\/page"}],"author":[{"embeddable":true,"href":"https:\/\/www.fermesaintsimeon.fr\/de\/wp-json\/wp\/v2\/users\/5"}],"replies":[{"embeddable":true,"href":"https:\/\/www.fermesaintsimeon.fr\/de\/wp-json\/wp\/v2\/comments?post=93"}],"version-history":[{"count":25,"href":"https:\/\/www.fermesaintsimeon.fr\/de\/wp-json\/wp\/v2\/pages\/93\/revisions"}],"predecessor-version":[{"id":5900,"href":"https:\/\/www.fermesaintsimeon.fr\/de\/wp-json\/wp\/v2\/pages\/93\/revisions\/5900"}],"up":[{"embeddable":true,"href":"https:\/\/www.fermesaintsimeon.fr\/de\/wp-json\/wp\/v2\/pages\/103"}],"wp:attachment":[{"href":"https:\/\/www.fermesaintsimeon.fr\/de\/wp-json\/wp\/v2\/media?parent=93"}],"curies":[{"name":"wp","href":"https:\/\/api.w.org\/{rel}","templated":true}]}}