{"id":6386,"date":"2024-08-08T09:22:17","date_gmt":"2024-08-08T07:22:17","guid":{"rendered":"https:\/\/www.fermesaintsimeon.fr\/?page_id=6386"},"modified":"2025-03-27T11:10:53","modified_gmt":"2025-03-27T10:10:53","slug":"spa-a-honfleur","status":"publish","type":"page","link":"https:\/\/www.fermesaintsimeon.fr\/it\/spa-a-honfleur\/","title":{"rendered":"Terme a Honfleur"},"content":{"rendered":"<div data-elementor-type=\"wp-page\" data-elementor-id=\"6386\" class=\"elementor elementor-6386\" data-elementor-post-type=\"page\">\n\t\t\t\t<div class=\"elementor-element elementor-element-4a29371 e-con-full e-flex e-con e-parent\" data-id=\"4a29371\" data-element_type=\"container\" data-e-type=\"container\" id=\"spa-preload\" data-settings=\"{&quot;position&quot;:&quot;absolute&quot;,&quot;background_background&quot;:&quot;classic&quot;}\">\n\t\t\t\t<div class=\"elementor-element elementor-element-9a9b2a2 titre-spa elementor-widget elementor-widget-heading\" data-id=\"9a9b2a2\" data-element_type=\"widget\" data-e-type=\"widget\" data-widget_type=\"heading.default\">\n\t\t\t\t<div class=\"elementor-widget-container\">\n\t\t\t\t\t<span class=\"elementor-heading-title elementor-size-default\">Terme a Honfleur<\/span>\t\t\t\t<\/div>\n\t\t\t\t<\/div>\n\t\t\t\t<\/div>\n\t\t<div class=\"elementor-element elementor-element-8c09995 e-con-full e-flex e-con e-parent\" data-id=\"8c09995\" data-element_type=\"container\" data-e-type=\"container\">\n\t\t\t\t<div class=\"elementor-element elementor-element-f60134c elementor-widget elementor-widget-image\" data-id=\"f60134c\" data-element_type=\"widget\" data-e-type=\"widget\" data-widget_type=\"image.default\">\n\t\t\t\t<div class=\"elementor-widget-container\">\n\t\t\t\t\t\t\t\t\t\t\t\t\t\t\t<img fetchpriority=\"high\" decoding=\"async\" width=\"2560\" height=\"2560\" src=\"https:\/\/www.fermesaintsimeon.fr\/wp-content\/uploads\/2024\/08\/Copie-de-Massage-2-scaled.jpg\" class=\"attachment-full size-full wp-image-6447\" alt=\"\" srcset=\"https:\/\/www.fermesaintsimeon.fr\/wp-content\/uploads\/2024\/08\/Copie-de-Massage-2-scaled.jpg 2560w, https:\/\/www.fermesaintsimeon.fr\/wp-content\/uploads\/2024\/08\/Copie-de-Massage-2-300x300.jpg 300w, https:\/\/www.fermesaintsimeon.fr\/wp-content\/uploads\/2024\/08\/Copie-de-Massage-2-1024x1024.jpg 1024w, https:\/\/www.fermesaintsimeon.fr\/wp-content\/uploads\/2024\/08\/Copie-de-Massage-2-150x150.jpg 150w, https:\/\/www.fermesaintsimeon.fr\/wp-content\/uploads\/2024\/08\/Copie-de-Massage-2-768x768.jpg 768w, https:\/\/www.fermesaintsimeon.fr\/wp-content\/uploads\/2024\/08\/Copie-de-Massage-2-1536x1536.jpg 1536w, https:\/\/www.fermesaintsimeon.fr\/wp-content\/uploads\/2024\/08\/Copie-de-Massage-2-2048x2048.jpg 2048w, https:\/\/www.fermesaintsimeon.fr\/wp-content\/uploads\/2024\/08\/Copie-de-Massage-2-12x12.jpg 12w\" sizes=\"(max-width: 2560px) 100vw, 2560px\" title=\"\">\t\t\t\t\t\t\t\t\t\t\t\t\t\t\t<\/div>\n\t\t\t\t<\/div>\n\t\t<div class=\"elementor-element elementor-element-6d3cea2 e-flex e-con-boxed e-con e-child\" data-id=\"6d3cea2\" data-element_type=\"container\" data-e-type=\"container\">\n\t\t\t\t\t<div class=\"e-con-inner\">\n\t\t\t\t<div class=\"elementor-element elementor-element-b9f9c44 elementor-widget elementor-widget-heading\" data-id=\"b9f9c44\" data-element_type=\"widget\" data-e-type=\"widget\" data-widget_type=\"heading.default\">\n\t\t\t\t<div class=\"elementor-widget-container\">\n\t\t\t\t\t<h1 class=\"elementor-heading-title elementor-size-default\">Terme di Honfleur - Ferme Saint Sim\u00e9on<\/h1>\t\t\t\t<\/div>\n\t\t\t\t<\/div>\n\t\t\t\t<div class=\"elementor-element elementor-element-b59298c elementor-widget elementor-widget-heading\" data-id=\"b59298c\" data-element_type=\"widget\" data-e-type=\"widget\" data-widget_type=\"heading.default\">\n\t\t\t\t<div class=\"elementor-widget-container\">\n\t\t\t\t\t<h2 class=\"elementor-heading-title elementor-size-default\">Fuga di benessere alla Fattoria Saint Sim\u00e9on<\/h2>\t\t\t\t<\/div>\n\t\t\t\t<\/div>\n\t\t\t\t<div class=\"elementor-element elementor-element-d14725b elementor-widget elementor-widget-text-editor\" data-id=\"d14725b\" data-element_type=\"widget\" data-e-type=\"widget\" data-widget_type=\"text-editor.default\">\n\t\t\t\t<div class=\"elementor-widget-container\">\n\t\t\t\t\t\t\t\t\t<p>Benvenuti alla Ferme Saint Sim\u00e9on. La nostra bella casa normanna vi offre un'esperienza di benessere senza pari. Scoprite le nostre sale per i trattamenti, il nostro Hammam privato e godetevi momenti di profondo relax e serenit\u00e0.<\/p>\t\t\t\t\t\t\t\t<\/div>\n\t\t\t\t<\/div>\n\t\t\t\t\t<\/div>\n\t\t\t\t<\/div>\n\t\t\t\t<\/div>\n\t\t<div class=\"elementor-element elementor-element-faa0d75 e-flex e-con-boxed e-con e-parent\" data-id=\"faa0d75\" data-element_type=\"container\" data-e-type=\"container\" id=\"spa-ecran1\">\n\t\t\t\t\t<div class=\"e-con-inner\">\n\t\t<div class=\"elementor-element elementor-element-d59282f e-con-full e-flex e-con e-child\" data-id=\"d59282f\" data-element_type=\"container\" data-e-type=\"container\">\n\t\t<div class=\"elementor-element elementor-element-7e86f6a e-flex e-con-boxed e-con e-child\" data-id=\"7e86f6a\" data-element_type=\"container\" data-e-type=\"container\">\n\t\t\t\t\t<div class=\"e-con-inner\">\n\t\t\t\t<div class=\"elementor-element elementor-element-867fb05 elementor-widget elementor-widget-heading\" data-id=\"867fb05\" data-element_type=\"widget\" data-e-type=\"widget\" data-widget_type=\"heading.default\">\n\t\t\t\t<div class=\"elementor-widget-container\">\n\t\t\t\t\t<h2 class=\"elementor-heading-title elementor-size-default\">Hammam privato<\/h2>\t\t\t\t<\/div>\n\t\t\t\t<\/div>\n\t\t\t\t<div class=\"elementor-element elementor-element-a21480b elementor-widget elementor-widget-text-editor\" data-id=\"a21480b\" data-element_type=\"widget\" data-e-type=\"widget\" data-widget_type=\"text-editor.default\">\n\t\t\t\t<div class=\"elementor-widget-container\">\n\t\t\t\t\t\t\t\t\t<p>19 delle nostre 35 camere dispongono di un hammam privato. Questo privilegio unico, esclusivo della Saint Sim\u00e9on Collection, vi permette di godere di momenti di assoluto relax nella privacy del vostro spazio personale. Un'evasione sensoriale e un comfort ineguagliabile vi attendono per rendere il vostro soggiorno un'esperienza eccezionale.<\/p>\t\t\t\t\t\t\t\t<\/div>\n\t\t\t\t<\/div>\n\t\t\t\t\t<\/div>\n\t\t\t\t<\/div>\n\t\t\t\t<\/div>\n\t\t<div class=\"elementor-element elementor-element-d63725e e-con-full e-flex e-con e-child\" data-id=\"d63725e\" data-element_type=\"container\" data-e-type=\"container\">\n\t\t\t\t<div class=\"elementor-element elementor-element-b73a5b8 elementor-widget__width-initial left-to-right elementor-widget elementor-widget-image\" data-id=\"b73a5b8\" data-element_type=\"widget\" data-e-type=\"widget\" data-widget_type=\"image.default\">\n\t\t\t\t<div class=\"elementor-widget-container\">\n\t\t\t\t\t\t\t\t\t\t\t\t\t\t\t<img decoding=\"async\" width=\"800\" height=\"534\" src=\"https:\/\/www.fermesaintsimeon.fr\/wp-content\/uploads\/2024\/08\/Copie-de-_16A3633-la-ferme-saint-1024x683.jpg\" class=\"attachment-large size-large wp-image-6446\" alt=\"donna in accappatoio alla spa Ferme Saint Sim\u00e9on di Honfleur\" srcset=\"https:\/\/www.fermesaintsimeon.fr\/wp-content\/uploads\/2024\/08\/Copie-de-_16A3633-la-ferme-saint-1024x683.jpg 1024w, https:\/\/www.fermesaintsimeon.fr\/wp-content\/uploads\/2024\/08\/Copie-de-_16A3633-la-ferme-saint-300x200.jpg 300w, https:\/\/www.fermesaintsimeon.fr\/wp-content\/uploads\/2024\/08\/Copie-de-_16A3633-la-ferme-saint-768x512.jpg 768w, https:\/\/www.fermesaintsimeon.fr\/wp-content\/uploads\/2024\/08\/Copie-de-_16A3633-la-ferme-saint-1536x1025.jpg 1536w, https:\/\/www.fermesaintsimeon.fr\/wp-content\/uploads\/2024\/08\/Copie-de-_16A3633-la-ferme-saint-18x12.jpg 18w, https:\/\/www.fermesaintsimeon.fr\/wp-content\/uploads\/2024\/08\/Copie-de-_16A3633-la-ferme-saint.jpg 2000w\" sizes=\"(max-width: 800px) 100vw, 800px\" title=\"\">\t\t\t\t\t\t\t\t\t\t\t\t\t\t\t<\/div>\n\t\t\t\t<\/div>\n\t\t\t\t<\/div>\n\t\t\t\t\t<\/div>\n\t\t\t\t<\/div>\n\t\t<div class=\"elementor-element elementor-element-f0299d5 e-flex e-con-boxed e-con e-parent\" data-id=\"f0299d5\" data-element_type=\"container\" data-e-type=\"container\">\n\t\t\t\t\t<div class=\"e-con-inner\">\n\t\t<div class=\"elementor-element elementor-element-6812f5e e-con-full e-flex e-con e-child\" data-id=\"6812f5e\" data-element_type=\"container\" data-e-type=\"container\">\n\t\t\t\t<div class=\"elementor-element elementor-element-5e757d8 elementor-widget__width-initial right-to-left elementor-widget elementor-widget-image\" data-id=\"5e757d8\" data-element_type=\"widget\" data-e-type=\"widget\" data-widget_type=\"image.default\">\n\t\t\t\t<div class=\"elementor-widget-container\">\n\t\t\t\t\t\t\t\t\t\t\t\t\t\t\t<img decoding=\"async\" width=\"800\" height=\"534\" src=\"https:\/\/www.fermesaintsimeon.fr\/wp-content\/uploads\/2024\/08\/Copie-de-_16A3685-la-ferme-saint-1024x683.jpg\" class=\"attachment-large size-large wp-image-6445\" alt=\"donna che entra in una cabina per massaggi nella nostra spa di Honfleur\" srcset=\"https:\/\/www.fermesaintsimeon.fr\/wp-content\/uploads\/2024\/08\/Copie-de-_16A3685-la-ferme-saint-1024x683.jpg 1024w, https:\/\/www.fermesaintsimeon.fr\/wp-content\/uploads\/2024\/08\/Copie-de-_16A3685-la-ferme-saint-300x200.jpg 300w, https:\/\/www.fermesaintsimeon.fr\/wp-content\/uploads\/2024\/08\/Copie-de-_16A3685-la-ferme-saint-768x512.jpg 768w, https:\/\/www.fermesaintsimeon.fr\/wp-content\/uploads\/2024\/08\/Copie-de-_16A3685-la-ferme-saint-1536x1025.jpg 1536w, https:\/\/www.fermesaintsimeon.fr\/wp-content\/uploads\/2024\/08\/Copie-de-_16A3685-la-ferme-saint-18x12.jpg 18w, https:\/\/www.fermesaintsimeon.fr\/wp-content\/uploads\/2024\/08\/Copie-de-_16A3685-la-ferme-saint.jpg 2000w\" sizes=\"(max-width: 800px) 100vw, 800px\" title=\"\">\t\t\t\t\t\t\t\t\t\t\t\t\t\t\t<\/div>\n\t\t\t\t<\/div>\n\t\t\t\t<\/div>\n\t\t<div class=\"elementor-element elementor-element-9294f94 e-con-full e-flex e-con e-child\" data-id=\"9294f94\" data-element_type=\"container\" data-e-type=\"container\">\n\t\t<div class=\"elementor-element elementor-element-aad12ac e-con-full e-flex e-con e-child\" data-id=\"aad12ac\" data-element_type=\"container\" data-e-type=\"container\">\n\t\t\t\t<div class=\"elementor-element elementor-element-c232abf elementor-widget elementor-widget-heading\" data-id=\"c232abf\" data-element_type=\"widget\" data-e-type=\"widget\" data-widget_type=\"heading.default\">\n\t\t\t\t<div class=\"elementor-widget-container\">\n\t\t\t\t\t<h2 class=\"elementor-heading-title elementor-size-default\">Cabine massaggi Duo<\/h2>\t\t\t\t<\/div>\n\t\t\t\t<\/div>\n\t\t\t\t<div class=\"elementor-element elementor-element-4252d25 elementor-widget elementor-widget-text-editor\" data-id=\"4252d25\" data-element_type=\"widget\" data-e-type=\"widget\" data-widget_type=\"text-editor.default\">\n\t\t\t\t<div class=\"elementor-widget-container\">\n\t\t\t\t\t\t\t\t\t<p>Per un'esperienza di benessere completa, il nostro hotel dispone di due cabine massaggi dove \u00e8 possibile godere di massaggi in coppia. Che siate in coppia o tra amici, queste sessioni di massaggio offrono un perfetto relax e un'armonia condivisa. I nostri terapisti sono a disposizione per ascoltare le vostre esigenze specifiche e offrirvi un momento di puro relax.<\/p>\t\t\t\t\t\t\t\t<\/div>\n\t\t\t\t<\/div>\n\t\t\t\t<\/div>\n\t\t\t\t<\/div>\n\t\t\t\t\t<\/div>\n\t\t\t\t<\/div>\n\t\t<div class=\"elementor-element elementor-element-659d94e e-flex e-con-boxed e-con e-parent\" data-id=\"659d94e\" data-element_type=\"container\" data-e-type=\"container\">\n\t\t\t\t\t<div class=\"e-con-inner\">\n\t\t<div class=\"elementor-element elementor-element-9b645af e-flex e-con-boxed e-con e-child\" data-id=\"9b645af\" data-element_type=\"container\" data-e-type=\"container\">\n\t\t\t\t\t<div class=\"e-con-inner\">\n\t\t\t\t\t<\/div>\n\t\t\t\t<\/div>\n\t\t<div class=\"elementor-element elementor-element-bfc0067 e-con-full e-flex e-con e-child\" data-id=\"bfc0067\" data-element_type=\"container\" data-e-type=\"container\">\n\t\t\t\t<div class=\"elementor-element elementor-element-97d95bc elementor-widget__width-initial left-to-right elementor-widget elementor-widget-image\" data-id=\"97d95bc\" data-element_type=\"widget\" data-e-type=\"widget\" data-widget_type=\"image.default\">\n\t\t\t\t<div class=\"elementor-widget-container\">\n\t\t\t\t\t\t\t\t\t\t\t\t\t\t\t<img loading=\"lazy\" decoding=\"async\" width=\"800\" height=\"534\" src=\"https:\/\/www.fermesaintsimeon.fr\/wp-content\/uploads\/2024\/12\/potager-6-2-1024x683.jpg\" class=\"attachment-large size-large wp-image-6636\" alt=\"\" srcset=\"https:\/\/www.fermesaintsimeon.fr\/wp-content\/uploads\/2024\/12\/potager-6-2-1024x683.jpg 1024w, https:\/\/www.fermesaintsimeon.fr\/wp-content\/uploads\/2024\/12\/potager-6-2-300x200.jpg 300w, https:\/\/www.fermesaintsimeon.fr\/wp-content\/uploads\/2024\/12\/potager-6-2-768x512.jpg 768w, https:\/\/www.fermesaintsimeon.fr\/wp-content\/uploads\/2024\/12\/potager-6-2-1536x1025.jpg 1536w, https:\/\/www.fermesaintsimeon.fr\/wp-content\/uploads\/2024\/12\/potager-6-2-2048x1366.jpg 2048w, https:\/\/www.fermesaintsimeon.fr\/wp-content\/uploads\/2024\/12\/potager-6-2-18x12.jpg 18w\" sizes=\"(max-width: 800px) 100vw, 800px\" title=\"\">\t\t\t\t\t\t\t\t\t\t\t\t\t\t\t<\/div>\n\t\t\t\t<\/div>\n\t\t<div class=\"elementor-element elementor-element-0fc3788 e-grid e-con-full e-con e-child\" data-id=\"0fc3788\" data-element_type=\"container\" data-e-type=\"container\">\n\t\t\t\t<div class=\"elementor-element elementor-element-bc20ff1 elementor-widget elementor-widget-heading\" data-id=\"bc20ff1\" data-element_type=\"widget\" data-e-type=\"widget\" data-widget_type=\"heading.default\">\n\t\t\t\t<div class=\"elementor-widget-container\">\n\t\t\t\t\t<h2 class=\"elementor-heading-title elementor-size-default\">Giardino termale<\/h2>\t\t\t\t<\/div>\n\t\t\t\t<\/div>\n\t\t\t\t<div class=\"elementor-element elementor-element-abc11c1 elementor-widget elementor-widget-text-editor\" data-id=\"abc11c1\" data-element_type=\"widget\" data-e-type=\"widget\" data-widget_type=\"text-editor.default\">\n\t\t\t\t<div class=\"elementor-widget-container\">\n\t\t\t\t\t\t\t\t\t<p class=\"\" data-start=\"0\" data-end=\"344\">Per migliorare il vostro momento di benessere, collaboriamo con la Maison Cauli\u00e8res, mastro oleario da oltre 300 anni, rinomato per il suo savoir-faire tradizionale e per i suoi eccezionali prodotti per la cura della pelle. Formulati con oli di girasole, colza e lino - coltivati nel nostro orto - i loro prodotti combinano naturalezza, raffinatezza e impegno per la sostenibilit\u00e0.<\/p><p class=\"\" data-start=\"346\" data-end=\"613\">Con l'imminente apertura del nostro Spa Potager, un ex studio di pittore reinventato grazie all'abilit\u00e0 di artigiani francesi, sarete invitati a vivere un'esperienza sensoriale unica, ispirata alla natura e alla luce impressionista dell'estuario.<\/p><p class=\"\" data-start=\"615\" data-end=\"688\">Un momento sospeso, dove benessere e ispirazione si incontreranno presto.<\/p>\t\t\t\t\t\t\t\t<\/div>\n\t\t\t\t<\/div>\n\t\t\t\t<\/div>\n\t\t\t\t<\/div>\n\t\t\t\t\t<\/div>\n\t\t\t\t<\/div>\n\t\t<div class=\"elementor-element elementor-element-1f1d967 e-flex e-con-boxed e-con e-parent\" data-id=\"1f1d967\" data-element_type=\"container\" data-e-type=\"container\">\n\t\t\t\t\t<div class=\"e-con-inner\">\n\t\t<div class=\"elementor-element elementor-element-c30979a e-con-full e-flex e-con e-child\" data-id=\"c30979a\" data-element_type=\"container\" data-e-type=\"container\">\n\t\t<div class=\"elementor-element elementor-element-a564b6f e-flex e-con-boxed e-con e-child\" data-id=\"a564b6f\" data-element_type=\"container\" data-e-type=\"container\">\n\t\t\t\t\t<div class=\"e-con-inner\">\n\t\t\t\t<div class=\"elementor-element elementor-element-76747c2 elementor-widget elementor-widget-heading\" data-id=\"76747c2\" data-element_type=\"widget\" data-e-type=\"widget\" data-widget_type=\"heading.default\">\n\t\t\t\t<div class=\"elementor-widget-container\">\n\t\t\t\t\t<h2 class=\"elementor-heading-title elementor-size-default\">Collaborazione con Olivier Claire<\/h2>\t\t\t\t<\/div>\n\t\t\t\t<\/div>\n\t\t\t\t<div class=\"elementor-element elementor-element-efb3ca7 elementor-widget elementor-widget-text-editor\" data-id=\"efb3ca7\" data-element_type=\"widget\" data-e-type=\"widget\" data-widget_type=\"text-editor.default\">\n\t\t\t\t<div class=\"elementor-widget-container\">\n\t\t\t\t\t\t\t\t\t<p>Siamo orgogliosi di collaborare con Olivier Claire, rinomata per i suoi prodotti naturali ed efficaci per la cura della pelle. Scegliendo Olivier Claire, garantiamo ai nostri clienti una cura della pelle di alta qualit\u00e0 che rispetta sia la pelle che l'ambiente. Lasciatevi coccolare dai nostri trattamenti esclusivi e ritrovate una pelle luminosa e sana.<\/p>\t\t\t\t\t\t\t\t<\/div>\n\t\t\t\t<\/div>\n\t\t\t\t\t<\/div>\n\t\t\t\t<\/div>\n\t\t\t\t<\/div>\n\t\t<div class=\"elementor-element elementor-element-fcb2cac e-con-full e-flex e-con e-child\" data-id=\"fcb2cac\" data-element_type=\"container\" data-e-type=\"container\">\n\t\t\t\t<div class=\"elementor-element elementor-element-0d16781 elementor-widget__width-initial left-to-right elementor-widget elementor-widget-image\" data-id=\"0d16781\" data-element_type=\"widget\" data-e-type=\"widget\" data-widget_type=\"image.default\">\n\t\t\t\t<div class=\"elementor-widget-container\">\n\t\t\t\t\t\t\t\t\t\t\t\t\t\t\t<img loading=\"lazy\" decoding=\"async\" width=\"800\" height=\"534\" src=\"https:\/\/www.fermesaintsimeon.fr\/wp-content\/uploads\/2024\/08\/Copie-de-_16A3696-la-ferme-saint-1024x683.jpg\" class=\"attachment-large size-large wp-image-6444\" alt=\"una donna che si gode la spa a Honfleur presso la Ferme Saint Sim\u00e9on\" srcset=\"https:\/\/www.fermesaintsimeon.fr\/wp-content\/uploads\/2024\/08\/Copie-de-_16A3696-la-ferme-saint-1024x683.jpg 1024w, https:\/\/www.fermesaintsimeon.fr\/wp-content\/uploads\/2024\/08\/Copie-de-_16A3696-la-ferme-saint-300x200.jpg 300w, https:\/\/www.fermesaintsimeon.fr\/wp-content\/uploads\/2024\/08\/Copie-de-_16A3696-la-ferme-saint-768x512.jpg 768w, https:\/\/www.fermesaintsimeon.fr\/wp-content\/uploads\/2024\/08\/Copie-de-_16A3696-la-ferme-saint-1536x1025.jpg 1536w, https:\/\/www.fermesaintsimeon.fr\/wp-content\/uploads\/2024\/08\/Copie-de-_16A3696-la-ferme-saint-18x12.jpg 18w, https:\/\/www.fermesaintsimeon.fr\/wp-content\/uploads\/2024\/08\/Copie-de-_16A3696-la-ferme-saint.jpg 2000w\" sizes=\"(max-width: 800px) 100vw, 800px\" title=\"\">\t\t\t\t\t\t\t\t\t\t\t\t\t\t\t<\/div>\n\t\t\t\t<\/div>\n\t\t\t\t<\/div>\n\t\t\t\t\t<\/div>\n\t\t\t\t<\/div>\n\t\t<div class=\"elementor-element elementor-element-bdc0802 e-flex e-con-boxed e-con e-parent\" data-id=\"bdc0802\" data-element_type=\"container\" data-e-type=\"container\">\n\t\t\t\t\t<div class=\"e-con-inner\">\n\t\t<div class=\"elementor-element elementor-element-4a74401 e-con-full e-flex e-con e-child\" data-id=\"4a74401\" data-element_type=\"container\" data-e-type=\"container\">\n\t\t\t\t<div class=\"elementor-element elementor-element-e7fbf62 elementor-widget__width-initial right-to-left elementor-widget elementor-widget-image\" data-id=\"e7fbf62\" data-element_type=\"widget\" data-e-type=\"widget\" data-widget_type=\"image.default\">\n\t\t\t\t<div class=\"elementor-widget-container\">\n\t\t\t\t\t\t\t\t\t\t\t\t\t\t\t<img loading=\"lazy\" decoding=\"async\" width=\"800\" height=\"534\" src=\"https:\/\/www.fermesaintsimeon.fr\/wp-content\/uploads\/2024\/08\/Copie-de-sdb--1024x683.jpg\" class=\"attachment-large size-large wp-image-6443\" alt=\"Bagno elegante e luminoso in una camera della Ferme Saint Sim\u00e9on\" srcset=\"https:\/\/www.fermesaintsimeon.fr\/wp-content\/uploads\/2024\/08\/Copie-de-sdb--1024x683.jpg 1024w, https:\/\/www.fermesaintsimeon.fr\/wp-content\/uploads\/2024\/08\/Copie-de-sdb--300x200.jpg 300w, https:\/\/www.fermesaintsimeon.fr\/wp-content\/uploads\/2024\/08\/Copie-de-sdb--768x512.jpg 768w, https:\/\/www.fermesaintsimeon.fr\/wp-content\/uploads\/2024\/08\/Copie-de-sdb--1536x1025.jpg 1536w, https:\/\/www.fermesaintsimeon.fr\/wp-content\/uploads\/2024\/08\/Copie-de-sdb--18x12.jpg 18w, https:\/\/www.fermesaintsimeon.fr\/wp-content\/uploads\/2024\/08\/Copie-de-sdb-.jpg 2000w\" sizes=\"(max-width: 800px) 100vw, 800px\" title=\"\">\t\t\t\t\t\t\t\t\t\t\t\t\t\t\t<\/div>\n\t\t\t\t<\/div>\n\t\t\t\t<\/div>\n\t\t<div class=\"elementor-element elementor-element-a9eb1c0 e-con-full e-flex e-con e-child\" data-id=\"a9eb1c0\" data-element_type=\"container\" data-e-type=\"container\">\n\t\t<div class=\"elementor-element elementor-element-cd805d0 e-con-full e-flex e-con e-child\" data-id=\"cd805d0\" data-element_type=\"container\" data-e-type=\"container\">\n\t\t\t\t<div class=\"elementor-element elementor-element-70fe162 elementor-widget elementor-widget-heading\" data-id=\"70fe162\" data-element_type=\"widget\" data-e-type=\"widget\" data-widget_type=\"heading.default\">\n\t\t\t\t<div class=\"elementor-widget-container\">\n\t\t\t\t\t<h2 class=\"elementor-heading-title elementor-size-default\">Concedetevi una pausa di benessere a Honfleur<\/h2>\t\t\t\t<\/div>\n\t\t\t\t<\/div>\n\t\t\t\t<div class=\"elementor-element elementor-element-281e012 elementor-widget elementor-widget-text-editor\" data-id=\"281e012\" data-element_type=\"widget\" data-e-type=\"widget\" data-widget_type=\"text-editor.default\">\n\t\t\t\t<div class=\"elementor-widget-container\">\n\t\t\t\t\t\t\t\t\t<p>A La Ferme Saint Sim\u00e9on, ogni dettaglio \u00e8 pensato per garantire il vostro comfort e benessere. La nostra spa vi invita a scoprire un mondo di relax e serenit\u00e0, lontano dallo stress della vita quotidiana. Sia che optiate per una sessione privata di hammam, per un massaggio duo o per un trattamento con prodotti Olivier Claire, vivrete un'esperienza sensoriale unica e rivitalizzante.<\/p><p>Prenotate subito il vostro soggiorno alla Ferme Saint Sim\u00e9on e lasciatevi sedurre dalla nostra eccezionale spa di Honfleur. Concedetevi un momento di benessere e lusso in un ambiente idilliaco.<\/p>\t\t\t\t\t\t\t\t<\/div>\n\t\t\t\t<\/div>\n\t\t\t\t<\/div>\n\t\t\t\t<\/div>\n\t\t\t\t\t<\/div>\n\t\t\t\t<\/div>\n\t\t<div class=\"elementor-element elementor-element-3668e73 e-flex e-con-boxed e-con e-parent\" data-id=\"3668e73\" data-element_type=\"container\" data-e-type=\"container\">\n\t\t\t\t\t<div class=\"e-con-inner\">\n\t\t\t\t<div class=\"elementor-element elementor-element-eab7801 elementor-widget-divider--view-line_text elementor-widget-divider--element-align-right separateur elementor-widget elementor-widget-divider\" data-id=\"eab7801\" data-element_type=\"widget\" data-e-type=\"widget\" data-widget_type=\"divider.default\">\n\t\t\t\t<div class=\"elementor-widget-container\">\n\t\t\t\t\t\t\t<div class=\"elementor-divider\">\n\t\t\t<span class=\"elementor-divider-separator\">\n\t\t\t\t\t\t\t<span class=\"elementor-divider__text elementor-divider__element\">\n\t\t\t\tBenessere\t\t\t\t<\/span>\n\t\t\t\t\t\t<\/span>\n\t\t<\/div>\n\t\t\t\t\t\t<\/div>\n\t\t\t\t<\/div>\n\t\t<div class=\"elementor-element elementor-element-4739653 e-flex e-con-boxed e-con e-child\" data-id=\"4739653\" data-element_type=\"container\" data-e-type=\"container\" data-settings=\"{&quot;background_background&quot;:&quot;classic&quot;}\">\n\t\t\t\t\t<div class=\"e-con-inner\">\n\t\t\t\t<div class=\"elementor-element elementor-element-819ddc5 elementor-widget elementor-widget-heading\" data-id=\"819ddc5\" data-element_type=\"widget\" data-e-type=\"widget\" data-widget_type=\"heading.default\">\n\t\t\t\t<div class=\"elementor-widget-container\">\n\t\t\t\t\t<h2 class=\"elementor-heading-title elementor-size-default\">Benessere<\/h2>\t\t\t\t<\/div>\n\t\t\t\t<\/div>\n\t\t\t\t<div class=\"elementor-element elementor-element-4334e50 elementor-align-left btn-lottie center elementor-widget elementor-widget-lottie\" data-id=\"4334e50\" data-element_type=\"widget\" data-e-type=\"widget\" data-settings=\"{&quot;source_json&quot;:{&quot;url&quot;:&quot;https:\\\/\\\/www.fermesaintsimeon.fr\\\/wp-content\\\/uploads\\\/2023\\\/12\\\/Animation_Lottie_Blanc.json&quot;,&quot;id&quot;:990,&quot;size&quot;:&quot;&quot;,&quot;alt&quot;:&quot;&quot;,&quot;source&quot;:&quot;library&quot;},&quot;caption_source&quot;:&quot;custom&quot;,&quot;caption&quot;:&quot;D\\u00e9couvrir&quot;,&quot;link_to&quot;:&quot;custom&quot;,&quot;trigger&quot;:&quot;on_hover&quot;,&quot;on_hover_out&quot;:&quot;reverse&quot;,&quot;source&quot;:&quot;media_file&quot;,&quot;custom_link&quot;:{&quot;url&quot;:&quot;https:\\\/\\\/www.fermesaintsimeon.fr\\\/it\\\/bien-etre-massage-honfleur\\\/&quot;,&quot;is_external&quot;:&quot;&quot;,&quot;nofollow&quot;:&quot;&quot;,&quot;custom_attributes&quot;:&quot;&quot;},&quot;hover_area&quot;:&quot;animation&quot;,&quot;play_speed&quot;:{&quot;unit&quot;:&quot;px&quot;,&quot;size&quot;:1,&quot;sizes&quot;:[]},&quot;start_point&quot;:{&quot;unit&quot;:&quot;%&quot;,&quot;size&quot;:0,&quot;sizes&quot;:[]},&quot;end_point&quot;:{&quot;unit&quot;:&quot;%&quot;,&quot;size&quot;:100,&quot;sizes&quot;:[]},&quot;renderer&quot;:&quot;svg&quot;}\" data-widget_type=\"lottie.default\">\n\t\t\t\t<div class=\"elementor-widget-container\">\n\t\t\t\t\t<a class=\"e-lottie__container__link\" href=\"https:\/\/www.fermesaintsimeon.fr\/it\/bien-etre-massage-honfleur\/\"><div class=\"e-lottie__container\"><div class=\"e-lottie__animation\"><\/div><p class=\"e-lottie__caption\"> Scoprire<\/p><\/div><\/a>\t\t\t\t<\/div>\n\t\t\t\t<\/div>\n\t\t\t\t\t<\/div>\n\t\t\t\t<\/div>\n\t\t\t\t\t<\/div>\n\t\t\t\t<\/div>\n\t\t\t\t<\/div>","protected":false},"excerpt":{"rendered":"<p>Spa \u00e0 Honfleur Spa \u00e0 Honfleur &#8211; Ferme Saint Sim\u00e9on Une \u00c9vasion de Bien-\u00catre \u00e0 la Ferme Saint Sim\u00e9on Bienvenue \u00e0 la Ferme Saint Sim\u00e9on. Notre belle maison normande vous offre une exp\u00e9rience de bien-\u00eatre in\u00e9gal\u00e9e. D\u00e9couvrez nos salles de soins, nos Hammam privatifs et profitez de moments de d\u00e9tente profonde et de s\u00e9r\u00e9nit\u00e9. Hammam [&hellip;]<\/p>\n","protected":false},"author":13,"featured_media":0,"parent":0,"menu_order":0,"comment_status":"closed","ping_status":"closed","template":"","meta":{"inline_featured_image":false,"footnotes":""},"class_list":["post-6386","page","type-page","status-publish","hentry"],"_links":{"self":[{"href":"https:\/\/www.fermesaintsimeon.fr\/it\/wp-json\/wp\/v2\/pages\/6386","targetHints":{"allow":["GET"]}}],"collection":[{"href":"https:\/\/www.fermesaintsimeon.fr\/it\/wp-json\/wp\/v2\/pages"}],"about":[{"href":"https:\/\/www.fermesaintsimeon.fr\/it\/wp-json\/wp\/v2\/types\/page"}],"author":[{"embeddable":true,"href":"https:\/\/www.fermesaintsimeon.fr\/it\/wp-json\/wp\/v2\/users\/13"}],"replies":[{"embeddable":true,"href":"https:\/\/www.fermesaintsimeon.fr\/it\/wp-json\/wp\/v2\/comments?post=6386"}],"version-history":[{"count":22,"href":"https:\/\/www.fermesaintsimeon.fr\/it\/wp-json\/wp\/v2\/pages\/6386\/revisions"}],"predecessor-version":[{"id":6732,"href":"https:\/\/www.fermesaintsimeon.fr\/it\/wp-json\/wp\/v2\/pages\/6386\/revisions\/6732"}],"wp:attachment":[{"href":"https:\/\/www.fermesaintsimeon.fr\/it\/wp-json\/wp\/v2\/media?parent=6386"}],"curies":[{"name":"wp","href":"https:\/\/api.w.org\/{rel}","templated":true}]}}