{"id":95,"date":"2023-12-14T12:03:13","date_gmt":"2023-12-14T11:03:13","guid":{"rendered":"https:\/\/www.fermesaintsimeon.fr\/?page_id=95"},"modified":"2024-03-13T11:21:42","modified_gmt":"2024-03-13T10:21:42","slug":"relais-e-chateaux-honfleur","status":"publish","type":"page","link":"https:\/\/www.fermesaintsimeon.fr\/it\/la-destination-hotel-impressionnistes-honfleur\/relais-et-chateaux-honfleur\/","title":{"rendered":"Honfleur"},"content":{"rendered":"<div data-elementor-type=\"wp-page\" data-elementor-id=\"95\" class=\"elementor elementor-95\" data-elementor-post-type=\"page\">\n\t\t\t\t<div class=\"elementor-element elementor-element-b504b8f overflow-hidden-xs e-flex e-con-boxed e-con e-parent\" data-id=\"b504b8f\" data-element_type=\"container\" data-e-type=\"container\">\n\t\t\t\t\t<div class=\"e-con-inner\">\n\t\t<div class=\"elementor-element elementor-element-e9849b9 bg-full-section-xs e-flex e-con-boxed e-con e-child\" data-id=\"e9849b9\" data-element_type=\"container\" data-e-type=\"container\" data-settings=\"{&quot;background_background&quot;:&quot;classic&quot;}\">\n\t\t\t\t\t<div class=\"e-con-inner\">\n\t\t\t\t<div class=\"elementor-element elementor-element-4050743 elementor-absolute e-transform evt-tache-gauche elementor-widget elementor-widget-image\" data-id=\"4050743\" data-element_type=\"widget\" data-e-type=\"widget\" data-settings=\"{&quot;_position&quot;:&quot;absolute&quot;,&quot;_transform_rotateZ_effect&quot;:{&quot;unit&quot;:&quot;px&quot;,&quot;size&quot;:100,&quot;sizes&quot;:[]},&quot;_transform_rotateZ_effect_laptop&quot;:{&quot;unit&quot;:&quot;deg&quot;,&quot;size&quot;:&quot;&quot;,&quot;sizes&quot;:[]},&quot;_transform_rotateZ_effect_tablet&quot;:{&quot;unit&quot;:&quot;deg&quot;,&quot;size&quot;:&quot;&quot;,&quot;sizes&quot;:[]},&quot;_transform_rotateZ_effect_mobile&quot;:{&quot;unit&quot;:&quot;deg&quot;,&quot;size&quot;:&quot;&quot;,&quot;sizes&quot;:[]}}\" data-widget_type=\"image.default\">\n\t\t\t\t<div class=\"elementor-widget-container\">\n\t\t\t\t\t\t\t\t\t\t\t\t\t\t\t<img fetchpriority=\"high\" decoding=\"async\" width=\"618\" height=\"424\" src=\"https:\/\/www.fermesaintsimeon.fr\/wp-content\/uploads\/2024\/01\/tache-deco.png\" class=\"attachment-large size-large wp-image-1142\" alt=\"\" srcset=\"https:\/\/www.fermesaintsimeon.fr\/wp-content\/uploads\/2024\/01\/tache-deco.png 618w, https:\/\/www.fermesaintsimeon.fr\/wp-content\/uploads\/2024\/01\/tache-deco-300x206.png 300w, https:\/\/www.fermesaintsimeon.fr\/wp-content\/uploads\/2024\/01\/tache-deco-18x12.png 18w\" sizes=\"(max-width: 618px) 100vw, 618px\" title=\"\">\t\t\t\t\t\t\t\t\t\t\t\t\t\t\t<\/div>\n\t\t\t\t<\/div>\n\t\t\t\t<div class=\"elementor-element elementor-element-cf09a6c elementor-absolute e-transform evt-tache-droite elementor-widget elementor-widget-image\" data-id=\"cf09a6c\" data-element_type=\"widget\" data-e-type=\"widget\" data-settings=\"{&quot;_position&quot;:&quot;absolute&quot;,&quot;_transform_rotateZ_effect&quot;:{&quot;unit&quot;:&quot;px&quot;,&quot;size&quot;:108,&quot;sizes&quot;:[]},&quot;_transform_rotateZ_effect_laptop&quot;:{&quot;unit&quot;:&quot;deg&quot;,&quot;size&quot;:&quot;&quot;,&quot;sizes&quot;:[]},&quot;_transform_rotateZ_effect_tablet&quot;:{&quot;unit&quot;:&quot;deg&quot;,&quot;size&quot;:&quot;&quot;,&quot;sizes&quot;:[]},&quot;_transform_rotateZ_effect_mobile&quot;:{&quot;unit&quot;:&quot;deg&quot;,&quot;size&quot;:&quot;&quot;,&quot;sizes&quot;:[]}}\" data-widget_type=\"image.default\">\n\t\t\t\t<div class=\"elementor-widget-container\">\n\t\t\t\t\t\t\t\t\t\t\t\t\t\t\t<img fetchpriority=\"high\" decoding=\"async\" width=\"618\" height=\"424\" src=\"https:\/\/www.fermesaintsimeon.fr\/wp-content\/uploads\/2024\/01\/tache-deco.png\" class=\"attachment-large size-large wp-image-1142\" alt=\"\" srcset=\"https:\/\/www.fermesaintsimeon.fr\/wp-content\/uploads\/2024\/01\/tache-deco.png 618w, https:\/\/www.fermesaintsimeon.fr\/wp-content\/uploads\/2024\/01\/tache-deco-300x206.png 300w, https:\/\/www.fermesaintsimeon.fr\/wp-content\/uploads\/2024\/01\/tache-deco-18x12.png 18w\" sizes=\"(max-width: 618px) 100vw, 618px\" title=\"\">\t\t\t\t\t\t\t\t\t\t\t\t\t\t\t<\/div>\n\t\t\t\t<\/div>\n\t\t\t\t<div class=\"elementor-element elementor-element-d5c204c event-titre elementor-widget elementor-widget-heading\" data-id=\"d5c204c\" data-element_type=\"widget\" data-e-type=\"widget\" data-widget_type=\"heading.default\">\n\t\t\t\t<div class=\"elementor-widget-container\">\n\t\t\t\t\t<div class=\"elementor-heading-title elementor-size-default\">Honfleur<\/div>\t\t\t\t<\/div>\n\t\t\t\t<\/div>\n\t\t\t\t\t<\/div>\n\t\t\t\t<\/div>\n\t\t\t\t\t<\/div>\n\t\t\t\t<\/div>\n\t\t<div class=\"elementor-element elementor-element-58b0732 e-con-full e-flex e-con e-parent\" data-id=\"58b0732\" data-element_type=\"container\" data-e-type=\"container\" data-settings=\"{&quot;background_background&quot;:&quot;classic&quot;}\">\n\t\t<div class=\"elementor-element elementor-element-61c2a04 e-con-full left-to-right e-flex e-con e-child\" data-id=\"61c2a04\" data-element_type=\"container\" data-e-type=\"container\" data-settings=\"{&quot;background_background&quot;:&quot;classic&quot;}\">\n\t\t<div class=\"elementor-element elementor-element-ecd30ba e-con-full e-flex e-con e-child\" data-id=\"ecd30ba\" data-element_type=\"container\" data-e-type=\"container\" data-settings=\"{&quot;background_background&quot;:&quot;classic&quot;}\">\n\t\t\t\t<div class=\"elementor-element elementor-element-740bb5b elementor-widget elementor-widget-heading\" data-id=\"740bb5b\" data-element_type=\"widget\" data-e-type=\"widget\" data-widget_type=\"heading.default\">\n\t\t\t\t<div class=\"elementor-widget-container\">\n\t\t\t\t\t<h1 class=\"elementor-heading-title elementor-size-default\">relais &amp; ch\u00e2teaux a honfleur<\/h1>\t\t\t\t<\/div>\n\t\t\t\t<\/div>\n\t\t\t\t<div class=\"elementor-element elementor-element-3701f37 elementor-widget elementor-widget-heading\" data-id=\"3701f37\" data-element_type=\"widget\" data-e-type=\"widget\" data-widget_type=\"heading.default\">\n\t\t\t\t<div class=\"elementor-widget-container\">\n\t\t\t\t\t<h2 class=\"elementor-heading-title elementor-size-default\">Una meraviglia per gli occhi<\/h2>\t\t\t\t<\/div>\n\t\t\t\t<\/div>\n\t\t\t\t<div class=\"elementor-element elementor-element-2e963fe elementor-widget elementor-widget-text-editor\" data-id=\"2e963fe\" data-element_type=\"widget\" data-e-type=\"widget\" data-widget_type=\"text-editor.default\">\n\t\t\t\t<div class=\"elementor-widget-container\">\n\t\t\t\t\t\t\t\t\t<p>Il centro di Honfleur, a soli 10 minuti a piedi dalla nostra propriet\u00e0 Relais &amp; Ch\u00e2teaux, \u00e8 un paradiso per i pittori che si apre a voi. Il suo vecchio porto, le stradine pittoresche, sono un passato, tanto fascino e autenticit\u00e0. Una meraviglia per gli occhi grazie al suo patrimonio architettonico cos\u00ec singolare. Si traduce nelle sue facciate a graticcio e nelle sue strade lastricate che vi piacer\u00e0 percorrere per scoprire quella che in precedenza ha tanto meravigliato le tele dei pittori.<\/p>\t\t\t\t\t\t\t\t<\/div>\n\t\t\t\t<\/div>\n\t\t\t\t<div class=\"elementor-element elementor-element-6e9224e left-to-right elementor-widget elementor-widget-image\" data-id=\"6e9224e\" data-element_type=\"widget\" data-e-type=\"widget\" data-widget_type=\"image.default\">\n\t\t\t\t<div class=\"elementor-widget-container\">\n\t\t\t\t\t\t\t\t\t\t\t\t\t\t\t<img decoding=\"async\" width=\"800\" height=\"450\" src=\"https:\/\/www.fermesaintsimeon.fr\/wp-content\/uploads\/2024\/01\/iStock-1804641473-1-1024x576.jpg\" class=\"attachment-large size-large wp-image-4653\" alt=\"panorama drone di Honfleur - relais et chateaux honfleur\" srcset=\"https:\/\/www.fermesaintsimeon.fr\/wp-content\/uploads\/2024\/01\/iStock-1804641473-1-1024x576.jpg 1024w, https:\/\/www.fermesaintsimeon.fr\/wp-content\/uploads\/2024\/01\/iStock-1804641473-1-300x169.jpg 300w, https:\/\/www.fermesaintsimeon.fr\/wp-content\/uploads\/2024\/01\/iStock-1804641473-1-768x432.jpg 768w, https:\/\/www.fermesaintsimeon.fr\/wp-content\/uploads\/2024\/01\/iStock-1804641473-1-1536x864.jpg 1536w, https:\/\/www.fermesaintsimeon.fr\/wp-content\/uploads\/2024\/01\/iStock-1804641473-1-2048x1152.jpg 2048w, https:\/\/www.fermesaintsimeon.fr\/wp-content\/uploads\/2024\/01\/iStock-1804641473-1-18x10.jpg 18w\" sizes=\"(max-width: 800px) 100vw, 800px\" title=\"\">\t\t\t\t\t\t\t\t\t\t\t\t\t\t\t<\/div>\n\t\t\t\t<\/div>\n\t\t\t\t<\/div>\n\t\t\t\t<\/div>\n\t\t\t\t<\/div>\n\t\t<div class=\"elementor-element elementor-element-d0e24b5 e-con-full e-flex e-con e-parent\" data-id=\"d0e24b5\" data-element_type=\"container\" data-e-type=\"container\" data-settings=\"{&quot;background_background&quot;:&quot;classic&quot;}\">\n\t\t<div class=\"elementor-element elementor-element-fb4de87 e-con-full right-to-left e-flex e-con e-child\" data-id=\"fb4de87\" data-element_type=\"container\" data-e-type=\"container\" data-settings=\"{&quot;background_background&quot;:&quot;classic&quot;}\">\n\t\t<div class=\"elementor-element elementor-element-5415a8f e-con-full e-flex e-con e-child\" data-id=\"5415a8f\" data-element_type=\"container\" data-e-type=\"container\" data-settings=\"{&quot;background_background&quot;:&quot;classic&quot;}\">\n\t\t\t\t<div class=\"elementor-element elementor-element-6538859 elementor-widget elementor-widget-heading\" data-id=\"6538859\" data-element_type=\"widget\" data-e-type=\"widget\" data-widget_type=\"heading.default\">\n\t\t\t\t<div class=\"elementor-widget-container\">\n\t\t\t\t\t<h2 class=\"elementor-heading-title elementor-size-default\">Sulle orme degli impressionisti<\/h2>\t\t\t\t<\/div>\n\t\t\t\t<\/div>\n\t\t\t\t<div class=\"elementor-element elementor-element-5db290d elementor-widget elementor-widget-text-editor\" data-id=\"5db290d\" data-element_type=\"widget\" data-e-type=\"widget\" data-widget_type=\"text-editor.default\">\n\t\t\t\t<div class=\"elementor-widget-container\">\n\t\t\t\t\t\t\t\t\t<p>Courbet, Monet, Corot, Boudin, molti sono gli artisti che hanno cercato ispirazione qui. Gli impressionisti hanno saputo catturare le luci mutevoli del cielo di Honfleur e, senza dubbio, cederete anche voi ai fascini di questa citt\u00e0.<br \/>A soli 10 minuti dalla nostra propriet\u00e0 Relais &amp; Ch\u00e2teaux di Honfleur, passeggiare, aprire gli occhi e lasciare semplicemente che la magia operi.<\/p>\t\t\t\t\t\t\t\t<\/div>\n\t\t\t\t<\/div>\n\t\t\t\t<div class=\"elementor-element elementor-element-838eab7 left-to-right elementor-widget elementor-widget-image\" data-id=\"838eab7\" data-element_type=\"widget\" data-e-type=\"widget\" data-widget_type=\"image.default\">\n\t\t\t\t<div class=\"elementor-widget-container\">\n\t\t\t\t\t\t\t\t\t\t\t\t\t\t\t<img decoding=\"async\" width=\"800\" height=\"534\" src=\"https:\/\/www.fermesaintsimeon.fr\/wp-content\/uploads\/2024\/01\/Cours-de-peinture-1024x683.png\" class=\"attachment-large size-large wp-image-4620\" alt=\"lezioni di pittura alla Ferme Saint Sim\u00e9on - relais et chateaux honfleur\" srcset=\"https:\/\/www.fermesaintsimeon.fr\/wp-content\/uploads\/2024\/01\/Cours-de-peinture-1024x683.png 1024w, https:\/\/www.fermesaintsimeon.fr\/wp-content\/uploads\/2024\/01\/Cours-de-peinture-300x200.png 300w, https:\/\/www.fermesaintsimeon.fr\/wp-content\/uploads\/2024\/01\/Cours-de-peinture-768x512.png 768w, https:\/\/www.fermesaintsimeon.fr\/wp-content\/uploads\/2024\/01\/Cours-de-peinture-18x12.png 18w, https:\/\/www.fermesaintsimeon.fr\/wp-content\/uploads\/2024\/01\/Cours-de-peinture.png 1498w\" sizes=\"(max-width: 800px) 100vw, 800px\" title=\"\">\t\t\t\t\t\t\t\t\t\t\t\t\t\t\t<\/div>\n\t\t\t\t<\/div>\n\t\t\t\t<\/div>\n\t\t\t\t<\/div>\n\t\t\t\t<\/div>\n\t\t<div class=\"elementor-element elementor-element-ca045ff e-con-full e-flex e-con e-parent\" data-id=\"ca045ff\" data-element_type=\"container\" data-e-type=\"container\">\n\t\t\t\t<div class=\"elementor-element elementor-element-68aab22 elementor-widget elementor-widget-template\" data-id=\"68aab22\" data-element_type=\"widget\" data-e-type=\"widget\" id=\"destination4\" data-widget_type=\"template.default\">\n\t\t\t\t<div class=\"elementor-widget-container\">\n\t\t\t\t\t\t\t<div class=\"elementor-template\">\n\t\t\t\t\t<div data-elementor-type=\"container\" data-elementor-id=\"4303\" class=\"elementor elementor-4303\" data-elementor-post-type=\"elementor_library\">\n\t\t\t\t<div class=\"elementor-element elementor-element-615b5fb3 e-flex e-con-boxed e-con e-parent\" data-id=\"615b5fb3\" data-element_type=\"container\" data-e-type=\"container\" data-settings=\"{&quot;background_background&quot;:&quot;classic&quot;}\">\n\t\t\t\t\t<div class=\"e-con-inner\">\n\t\t\t\t<div class=\"elementor-element elementor-element-5f17d54c elementor-widget__width-initial elementor-widget elementor-widget-heading\" data-id=\"5f17d54c\" data-element_type=\"widget\" data-e-type=\"widget\" data-widget_type=\"heading.default\">\n\t\t\t\t<div class=\"elementor-widget-container\">\n\t\t\t\t\t<h2 class=\"elementor-heading-title elementor-size-default\">Le altre destinazioni<\/h2>\t\t\t\t<\/div>\n\t\t\t\t<\/div>\n\t\t<div class=\"elementor-element elementor-element-7e876f67 e-con-full e-flex e-con e-child\" data-id=\"7e876f67\" data-element_type=\"container\" data-e-type=\"container\">\n\t\t<div class=\"elementor-element elementor-element-336c544f e-con-full destination1 e-flex e-con e-child\" data-id=\"336c544f\" data-element_type=\"container\" data-e-type=\"container\" data-settings=\"{&quot;background_background&quot;:&quot;classic&quot;}\">\n\t\t\t\t<div class=\"elementor-element elementor-element-712ff929 elementor-widget elementor-widget-heading\" data-id=\"712ff929\" data-element_type=\"widget\" data-e-type=\"widget\" data-widget_type=\"heading.default\">\n\t\t\t\t<div class=\"elementor-widget-container\">\n\t\t\t\t\t<h2 class=\"elementor-heading-title elementor-size-default\">Cabourg<\/h2>\t\t\t\t<\/div>\n\t\t\t\t<\/div>\n\t\t\t\t<div class=\"elementor-element elementor-element-400f7514 elementor-align-left btn-lottie center elementor-widget elementor-widget-lottie\" data-id=\"400f7514\" data-element_type=\"widget\" data-e-type=\"widget\" data-settings=\"{&quot;source_json&quot;:{&quot;url&quot;:&quot;https:\\\/\\\/www.fermesaintsimeon.fr\\\/wp-content\\\/uploads\\\/2023\\\/12\\\/Animation_Lottie_Blanc.json&quot;,&quot;id&quot;:990,&quot;size&quot;:&quot;&quot;,&quot;alt&quot;:&quot;&quot;,&quot;source&quot;:&quot;library&quot;},&quot;caption_source&quot;:&quot;custom&quot;,&quot;caption&quot;:&quot;D\\u00e9couvrir&quot;,&quot;link_to&quot;:&quot;custom&quot;,&quot;trigger&quot;:&quot;on_hover&quot;,&quot;on_hover_out&quot;:&quot;reverse&quot;,&quot;source&quot;:&quot;media_file&quot;,&quot;custom_link&quot;:{&quot;url&quot;:&quot;https:\\\/\\\/www.fermesaintsimeon.fr\\\/it\\\/la-destination-hotel-impressionnistes-honfleur\\\/hotel-5-etoiles-cabourg\\\/&quot;,&quot;is_external&quot;:&quot;&quot;,&quot;nofollow&quot;:&quot;&quot;,&quot;custom_attributes&quot;:&quot;&quot;},&quot;hover_area&quot;:&quot;animation&quot;,&quot;play_speed&quot;:{&quot;unit&quot;:&quot;px&quot;,&quot;size&quot;:1,&quot;sizes&quot;:[]},&quot;start_point&quot;:{&quot;unit&quot;:&quot;%&quot;,&quot;size&quot;:0,&quot;sizes&quot;:[]},&quot;end_point&quot;:{&quot;unit&quot;:&quot;%&quot;,&quot;size&quot;:100,&quot;sizes&quot;:[]},&quot;renderer&quot;:&quot;svg&quot;}\" data-widget_type=\"lottie.default\">\n\t\t\t\t<div class=\"elementor-widget-container\">\n\t\t\t\t\t<a class=\"e-lottie__container__link\" href=\"https:\/\/www.fermesaintsimeon.fr\/it\/la-destination-hotel-impressionnistes-honfleur\/hotel-5-etoiles-cabourg\/\"><div class=\"e-lottie__container\"><div class=\"e-lottie__animation\"><\/div><p class=\"e-lottie__caption\"> Scoprire<\/p><\/div><\/a>\t\t\t\t<\/div>\n\t\t\t\t<\/div>\n\t\t\t\t<\/div>\n\t\t<div class=\"elementor-element elementor-element-4365ff96 e-con-full destination2 e-flex e-con e-child\" data-id=\"4365ff96\" data-element_type=\"container\" data-e-type=\"container\" data-settings=\"{&quot;background_background&quot;:&quot;classic&quot;}\">\n\t\t\t\t<div class=\"elementor-element elementor-element-4d8c2c88 elementor-widget elementor-widget-heading\" data-id=\"4d8c2c88\" data-element_type=\"widget\" data-e-type=\"widget\" data-widget_type=\"heading.default\">\n\t\t\t\t<div class=\"elementor-widget-container\">\n\t\t\t\t\t<h2 class=\"elementor-heading-title elementor-size-default\">Normandia<\/h2>\t\t\t\t<\/div>\n\t\t\t\t<\/div>\n\t\t\t\t<div class=\"elementor-element elementor-element-46118fc elementor-align-left btn-lottie center elementor-widget elementor-widget-lottie\" data-id=\"46118fc\" data-element_type=\"widget\" data-e-type=\"widget\" data-settings=\"{&quot;source_json&quot;:{&quot;url&quot;:&quot;https:\\\/\\\/www.fermesaintsimeon.fr\\\/wp-content\\\/uploads\\\/2023\\\/12\\\/Animation_Lottie_Blanc.json&quot;,&quot;id&quot;:990,&quot;size&quot;:&quot;&quot;,&quot;alt&quot;:&quot;&quot;,&quot;source&quot;:&quot;library&quot;},&quot;caption_source&quot;:&quot;custom&quot;,&quot;caption&quot;:&quot;D\\u00e9couvrir&quot;,&quot;link_to&quot;:&quot;custom&quot;,&quot;trigger&quot;:&quot;on_hover&quot;,&quot;on_hover_out&quot;:&quot;reverse&quot;,&quot;source&quot;:&quot;media_file&quot;,&quot;custom_link&quot;:{&quot;url&quot;:&quot;https:\\\/\\\/www.fermesaintsimeon.fr\\\/it\\\/la-destination-hotel-impressionnistes-honfleur\\\/relais-et-chateaux-normandie\\\/&quot;,&quot;is_external&quot;:&quot;&quot;,&quot;nofollow&quot;:&quot;&quot;,&quot;custom_attributes&quot;:&quot;&quot;},&quot;hover_area&quot;:&quot;animation&quot;,&quot;play_speed&quot;:{&quot;unit&quot;:&quot;px&quot;,&quot;size&quot;:1,&quot;sizes&quot;:[]},&quot;start_point&quot;:{&quot;unit&quot;:&quot;%&quot;,&quot;size&quot;:0,&quot;sizes&quot;:[]},&quot;end_point&quot;:{&quot;unit&quot;:&quot;%&quot;,&quot;size&quot;:100,&quot;sizes&quot;:[]},&quot;renderer&quot;:&quot;svg&quot;}\" data-widget_type=\"lottie.default\">\n\t\t\t\t<div class=\"elementor-widget-container\">\n\t\t\t\t\t<a class=\"e-lottie__container__link\" href=\"https:\/\/www.fermesaintsimeon.fr\/it\/la-destination-hotel-impressionnistes-honfleur\/relais-et-chateaux-normandie\/\"><div class=\"e-lottie__container\"><div class=\"e-lottie__animation\"><\/div><p class=\"e-lottie__caption\"> Scoprire<\/p><\/div><\/a>\t\t\t\t<\/div>\n\t\t\t\t<\/div>\n\t\t\t\t<\/div>\n\t\t<div class=\"elementor-element elementor-element-2db315eb e-con-full destination3 e-flex e-con e-child\" data-id=\"2db315eb\" data-element_type=\"container\" data-e-type=\"container\" data-settings=\"{&quot;background_background&quot;:&quot;classic&quot;}\">\n\t\t\t\t<div class=\"elementor-element elementor-element-f1bf388 elementor-widget elementor-widget-heading\" data-id=\"f1bf388\" data-element_type=\"widget\" data-e-type=\"widget\" data-widget_type=\"heading.default\">\n\t\t\t\t<div class=\"elementor-widget-container\">\n\t\t\t\t\t<h2 class=\"elementor-heading-title elementor-size-default\">Deauville<\/h2>\t\t\t\t<\/div>\n\t\t\t\t<\/div>\n\t\t\t\t<div class=\"elementor-element elementor-element-5905a80d elementor-align-left btn-lottie center elementor-widget elementor-widget-lottie\" data-id=\"5905a80d\" data-element_type=\"widget\" data-e-type=\"widget\" data-settings=\"{&quot;source_json&quot;:{&quot;url&quot;:&quot;https:\\\/\\\/www.fermesaintsimeon.fr\\\/wp-content\\\/uploads\\\/2023\\\/12\\\/Animation_Lottie_Blanc.json&quot;,&quot;id&quot;:990,&quot;size&quot;:&quot;&quot;,&quot;alt&quot;:&quot;&quot;,&quot;source&quot;:&quot;library&quot;},&quot;caption_source&quot;:&quot;custom&quot;,&quot;caption&quot;:&quot;D\\u00e9couvrir&quot;,&quot;link_to&quot;:&quot;custom&quot;,&quot;trigger&quot;:&quot;on_hover&quot;,&quot;on_hover_out&quot;:&quot;reverse&quot;,&quot;source&quot;:&quot;media_file&quot;,&quot;custom_link&quot;:{&quot;url&quot;:&quot;https:\\\/\\\/www.fermesaintsimeon.fr\\\/it\\\/la-destination-hotel-impressionnistes-honfleur\\\/hotel-5-etoiles-deauville\\\/&quot;,&quot;is_external&quot;:&quot;&quot;,&quot;nofollow&quot;:&quot;&quot;,&quot;custom_attributes&quot;:&quot;&quot;},&quot;hover_area&quot;:&quot;animation&quot;,&quot;play_speed&quot;:{&quot;unit&quot;:&quot;px&quot;,&quot;size&quot;:1,&quot;sizes&quot;:[]},&quot;start_point&quot;:{&quot;unit&quot;:&quot;%&quot;,&quot;size&quot;:0,&quot;sizes&quot;:[]},&quot;end_point&quot;:{&quot;unit&quot;:&quot;%&quot;,&quot;size&quot;:100,&quot;sizes&quot;:[]},&quot;renderer&quot;:&quot;svg&quot;}\" data-widget_type=\"lottie.default\">\n\t\t\t\t<div class=\"elementor-widget-container\">\n\t\t\t\t\t<a class=\"e-lottie__container__link\" href=\"https:\/\/www.fermesaintsimeon.fr\/it\/la-destination-hotel-impressionnistes-honfleur\/hotel-5-etoiles-deauville\/\"><div class=\"e-lottie__container\"><div class=\"e-lottie__animation\"><\/div><p class=\"e-lottie__caption\"> Scoprire<\/p><\/div><\/a>\t\t\t\t<\/div>\n\t\t\t\t<\/div>\n\t\t\t\t<\/div>\n\t\t<div class=\"elementor-element elementor-element-5abc2cbe e-con-full destination4 e-flex e-con e-child\" data-id=\"5abc2cbe\" data-element_type=\"container\" data-e-type=\"container\" data-settings=\"{&quot;background_background&quot;:&quot;classic&quot;}\">\n\t\t\t\t<div class=\"elementor-element elementor-element-78658cb9 elementor-widget elementor-widget-heading\" data-id=\"78658cb9\" data-element_type=\"widget\" data-e-type=\"widget\" data-widget_type=\"heading.default\">\n\t\t\t\t<div class=\"elementor-widget-container\">\n\t\t\t\t\t<h2 class=\"elementor-heading-title elementor-size-default\">Honfleur<\/h2>\t\t\t\t<\/div>\n\t\t\t\t<\/div>\n\t\t\t\t<div class=\"elementor-element elementor-element-33124122 elementor-align-left btn-lottie center elementor-widget elementor-widget-lottie\" data-id=\"33124122\" data-element_type=\"widget\" data-e-type=\"widget\" data-settings=\"{&quot;source_json&quot;:{&quot;url&quot;:&quot;https:\\\/\\\/www.fermesaintsimeon.fr\\\/wp-content\\\/uploads\\\/2023\\\/12\\\/Animation_Lottie_Blanc.json&quot;,&quot;id&quot;:990,&quot;size&quot;:&quot;&quot;,&quot;alt&quot;:&quot;&quot;,&quot;source&quot;:&quot;library&quot;},&quot;caption_source&quot;:&quot;custom&quot;,&quot;caption&quot;:&quot;D\\u00e9couvrir&quot;,&quot;link_to&quot;:&quot;custom&quot;,&quot;trigger&quot;:&quot;on_hover&quot;,&quot;on_hover_out&quot;:&quot;reverse&quot;,&quot;source&quot;:&quot;media_file&quot;,&quot;custom_link&quot;:{&quot;url&quot;:&quot;https:\\\/\\\/www.fermesaintsimeon.fr\\\/it\\\/la-destination-hotel-impressionnistes-honfleur\\\/relais-et-chateaux-honfleur\\\/&quot;,&quot;is_external&quot;:&quot;&quot;,&quot;nofollow&quot;:&quot;&quot;,&quot;custom_attributes&quot;:&quot;&quot;},&quot;hover_area&quot;:&quot;animation&quot;,&quot;play_speed&quot;:{&quot;unit&quot;:&quot;px&quot;,&quot;size&quot;:1,&quot;sizes&quot;:[]},&quot;start_point&quot;:{&quot;unit&quot;:&quot;%&quot;,&quot;size&quot;:0,&quot;sizes&quot;:[]},&quot;end_point&quot;:{&quot;unit&quot;:&quot;%&quot;,&quot;size&quot;:100,&quot;sizes&quot;:[]},&quot;renderer&quot;:&quot;svg&quot;}\" data-widget_type=\"lottie.default\">\n\t\t\t\t<div class=\"elementor-widget-container\">\n\t\t\t\t\t<a class=\"e-lottie__container__link\" href=\"https:\/\/www.fermesaintsimeon.fr\/it\/la-destination-hotel-impressionnistes-honfleur\/relais-et-chateaux-honfleur\/\"><div class=\"e-lottie__container\"><div class=\"e-lottie__animation\"><\/div><p class=\"e-lottie__caption\"> Scoprire<\/p><\/div><\/a>\t\t\t\t<\/div>\n\t\t\t\t<\/div>\n\t\t\t\t<\/div>\n\t\t\t\t<\/div>\n\t\t\t\t\t<\/div>\n\t\t\t\t<\/div>\n\t\t\t\t<\/div>\n\t\t\t\t<\/div>\n\t\t\t\t\t\t<\/div>\n\t\t\t\t<\/div>\n\t\t\t\t<\/div>\n\t\t\t\t<\/div>","protected":false},"excerpt":{"rendered":"<p>relais &#038; ch\u00e2teaux \u00e0 honfleur Une merveille pour les yeux Le centre d\u2019Honfleur \u00e0 seulement 10 minutes \u00e0 pied de notre Maison, c\u2019est la cit\u00e9 des peintres qui s\u2019offre \u00e0 vous. Son vieux bassin, ses ruelles pittoresques, c\u2019est un pass\u00e9, beaucoup de charme et de l\u2019authenticit\u00e9. Une merveille pour les yeux gr\u00e2ce \u00e0 son patrimoine [&hellip;]<\/p>\n","protected":false},"author":5,"featured_media":0,"parent":103,"menu_order":0,"comment_status":"closed","ping_status":"closed","template":"","meta":{"inline_featured_image":false,"footnotes":""},"class_list":["post-95","page","type-page","status-publish","hentry"],"_links":{"self":[{"href":"https:\/\/www.fermesaintsimeon.fr\/it\/wp-json\/wp\/v2\/pages\/95","targetHints":{"allow":["GET"]}}],"collection":[{"href":"https:\/\/www.fermesaintsimeon.fr\/it\/wp-json\/wp\/v2\/pages"}],"about":[{"href":"https:\/\/www.fermesaintsimeon.fr\/it\/wp-json\/wp\/v2\/types\/page"}],"author":[{"embeddable":true,"href":"https:\/\/www.fermesaintsimeon.fr\/it\/wp-json\/wp\/v2\/users\/5"}],"replies":[{"embeddable":true,"href":"https:\/\/www.fermesaintsimeon.fr\/it\/wp-json\/wp\/v2\/comments?post=95"}],"version-history":[{"count":22,"href":"https:\/\/www.fermesaintsimeon.fr\/it\/wp-json\/wp\/v2\/pages\/95\/revisions"}],"predecessor-version":[{"id":5897,"href":"https:\/\/www.fermesaintsimeon.fr\/it\/wp-json\/wp\/v2\/pages\/95\/revisions\/5897"}],"up":[{"embeddable":true,"href":"https:\/\/www.fermesaintsimeon.fr\/it\/wp-json\/wp\/v2\/pages\/103"}],"wp:attachment":[{"href":"https:\/\/www.fermesaintsimeon.fr\/it\/wp-json\/wp\/v2\/media?parent=95"}],"curies":[{"name":"wp","href":"https:\/\/api.w.org\/{rel}","templated":true}]}}