{"id":4007,"date":"2024-01-18T16:03:30","date_gmt":"2024-01-18T15:03:30","guid":{"rendered":"https:\/\/www.fermesaintsimeon.fr\/?page_id=4007"},"modified":"2026-01-15T17:25:16","modified_gmt":"2026-01-15T16:25:16","slug":"pequeno-almoco-honfleur","status":"publish","type":"page","link":"https:\/\/www.fermesaintsimeon.fr\/pt\/restauration-honfleur\/petit-dejeuner-honfleur\/","title":{"rendered":"Pequeno-almo\u00e7o"},"content":{"rendered":"<div data-elementor-type=\"wp-page\" data-elementor-id=\"4007\" class=\"elementor elementor-4007\" data-elementor-post-type=\"page\">\n\t\t\t\t<div class=\"elementor-element elementor-element-a9de38d e-con-full e-flex e-con e-parent\" data-id=\"a9de38d\" data-element_type=\"container\" data-e-type=\"container\" data-settings=\"{&quot;background_background&quot;:&quot;classic&quot;}\">\n\t\t\t\t<div class=\"elementor-element elementor-element-a8b0d1a elementor-widget elementor-widget-image\" data-id=\"a8b0d1a\" data-element_type=\"widget\" data-e-type=\"widget\" data-widget_type=\"image.default\">\n\t\t\t\t<div class=\"elementor-widget-container\">\n\t\t\t\t\t\t\t\t\t\t\t\t\t\t\t<img fetchpriority=\"high\" decoding=\"async\" width=\"800\" height=\"177\" src=\"https:\/\/www.fermesaintsimeon.fr\/wp-content\/uploads\/2023\/12\/LogoFermeSaintSimeon-simple-Blanc-1024x227.png\" class=\"attachment-large size-large wp-image-914\" alt=\"\" srcset=\"https:\/\/www.fermesaintsimeon.fr\/wp-content\/uploads\/2023\/12\/LogoFermeSaintSimeon-simple-Blanc-1024x227.png 1024w, https:\/\/www.fermesaintsimeon.fr\/wp-content\/uploads\/2023\/12\/LogoFermeSaintSimeon-simple-Blanc-300x66.png 300w, https:\/\/www.fermesaintsimeon.fr\/wp-content\/uploads\/2023\/12\/LogoFermeSaintSimeon-simple-Blanc-768x170.png 768w, https:\/\/www.fermesaintsimeon.fr\/wp-content\/uploads\/2023\/12\/LogoFermeSaintSimeon-simple-Blanc-1536x340.png 1536w, https:\/\/www.fermesaintsimeon.fr\/wp-content\/uploads\/2023\/12\/LogoFermeSaintSimeon-simple-Blanc-18x4.png 18w, https:\/\/www.fermesaintsimeon.fr\/wp-content\/uploads\/2023\/12\/LogoFermeSaintSimeon-simple-Blanc.png 1694w\" sizes=\"(max-width: 800px) 100vw, 800px\" title=\"\">\t\t\t\t\t\t\t\t\t\t\t\t\t\t\t<\/div>\n\t\t\t\t<\/div>\n\t\t\t\t<\/div>\n\t\t<div class=\"elementor-element elementor-element-d371706 e-con-full e-flex e-con e-parent\" data-id=\"d371706\" data-element_type=\"container\" data-e-type=\"container\" data-settings=\"{&quot;background_background&quot;:&quot;classic&quot;}\">\n\t\t<div class=\"elementor-element elementor-element-4ce7e97 e-con-full translateY50 e-flex e-con e-child\" data-id=\"4ce7e97\" data-element_type=\"container\" data-e-type=\"container\" data-settings=\"{&quot;position&quot;:&quot;fixed&quot;}\">\n\t\t\t\t<div class=\"elementor-element elementor-element-8c5975a anim1-titre elementor-widget elementor-widget-heading\" data-id=\"8c5975a\" data-element_type=\"widget\" data-e-type=\"widget\" data-widget_type=\"heading.default\">\n\t\t\t\t<div class=\"elementor-widget-container\">\n\t\t\t\t\t<h1 class=\"elementor-heading-title elementor-size-default\">pequeno-almo\u00e7o em honfleur<\/h1>\t\t\t\t<\/div>\n\t\t\t\t<\/div>\n\t\t\t\t<div class=\"elementor-element elementor-element-06531c0 elementor-widget elementor-widget-heading\" data-id=\"06531c0\" data-element_type=\"widget\" data-e-type=\"widget\" data-widget_type=\"heading.default\">\n\t\t\t\t<div class=\"elementor-widget-container\">\n\t\t\t\t\t<h2 class=\"elementor-heading-title elementor-size-default\">Mais um dia de excel\u00eancia<\/h2>\t\t\t\t<\/div>\n\t\t\t\t<\/div>\n\t\t\t\t<div class=\"elementor-element elementor-element-8f43058 elementor-widget elementor-widget-text-editor\" data-id=\"8f43058\" data-element_type=\"widget\" data-e-type=\"widget\" data-widget_type=\"text-editor.default\">\n\t\t\t\t<div class=\"elementor-widget-container\">\n\t\t\t\t\t\t\t\t\t<p>A Excel\u00eancia de um Buffet, um Del\u00edcia para Todos. A Ferme Saint Sim\u00e9on Honfleur oferece um maravilhoso caf\u00e9 da manh\u00e3 com uma ampla sele\u00e7\u00e3o de produtos de alta qualidade.<\/p>\t\t\t\t\t\t\t\t<\/div>\n\t\t\t\t<\/div>\n\t\t\t\t<div class=\"elementor-element elementor-element-255c185 btn-lottie center elementor-align-center elementor-widget elementor-widget-lottie\" data-id=\"255c185\" data-element_type=\"widget\" data-e-type=\"widget\" data-settings=\"{&quot;source_json&quot;:{&quot;url&quot;:&quot;https:\\\/\\\/www.fermesaintsimeon.fr\\\/wp-content\\\/uploads\\\/2023\\\/12\\\/Animation_Lottie_dore.json&quot;,&quot;id&quot;:991,&quot;size&quot;:&quot;&quot;,&quot;alt&quot;:&quot;&quot;,&quot;source&quot;:&quot;library&quot;},&quot;caption_source&quot;:&quot;custom&quot;,&quot;caption&quot;:&quot;Carte&quot;,&quot;link_to&quot;:&quot;custom&quot;,&quot;trigger&quot;:&quot;on_hover&quot;,&quot;on_hover_out&quot;:&quot;reverse&quot;,&quot;custom_link&quot;:{&quot;url&quot;:&quot;https:\\\/\\\/www.menumodo.com\\\/app.php\\\/viewer\\\/outlet\\\/13286?lang=fr&amp;tags=r&quot;,&quot;is_external&quot;:&quot;on&quot;,&quot;nofollow&quot;:&quot;&quot;,&quot;custom_attributes&quot;:&quot;&quot;},&quot;source&quot;:&quot;media_file&quot;,&quot;hover_area&quot;:&quot;animation&quot;,&quot;play_speed&quot;:{&quot;unit&quot;:&quot;px&quot;,&quot;size&quot;:1,&quot;sizes&quot;:[]},&quot;start_point&quot;:{&quot;unit&quot;:&quot;%&quot;,&quot;size&quot;:0,&quot;sizes&quot;:[]},&quot;end_point&quot;:{&quot;unit&quot;:&quot;%&quot;,&quot;size&quot;:100,&quot;sizes&quot;:[]},&quot;renderer&quot;:&quot;svg&quot;}\" data-widget_type=\"lottie.default\">\n\t\t\t\t<div class=\"elementor-widget-container\">\n\t\t\t\t\t<a class=\"e-lottie__container__link\" href=\"https:\/\/www.menumodo.com\/app.php\/viewer\/outlet\/13286?lang=fr&#038;tags=r\" target=\"_blank\" rel=\"nofollow noopener\"><div class=\"e-lottie__container\"><div class=\"e-lottie__animation\"><\/div><p class=\"e-lottie__caption\"> Cart\u00e3o<\/p><\/div><\/a>\t\t\t\t<\/div>\n\t\t\t\t<\/div>\n\t\t\t\t<\/div>\n\t\t<div class=\"elementor-element elementor-element-582507a e-con-full elementor-hidden-mobile e-flex e-con e-child\" data-id=\"582507a\" data-element_type=\"container\" data-e-type=\"container\">\n\t\t\t\t<\/div>\n\t\t\t\t<\/div>\n\t\t<div class=\"elementor-element elementor-element-d9db1b6 e-con-full e-flex e-con e-parent\" data-id=\"d9db1b6\" data-element_type=\"container\" data-e-type=\"container\" data-settings=\"{&quot;background_background&quot;:&quot;classic&quot;}\">\n\t\t<div class=\"elementor-element elementor-element-ec9637d e-con-full translateY50 e-flex e-con e-child\" data-id=\"ec9637d\" data-element_type=\"container\" data-e-type=\"container\" data-settings=\"{&quot;position&quot;:&quot;fixed&quot;}\">\n\t\t\t\t<\/div>\n\t\t<div class=\"elementor-element elementor-element-6ca3a1f e-flex e-con-boxed e-con e-child\" data-id=\"6ca3a1f\" data-element_type=\"container\" data-e-type=\"container\">\n\t\t\t\t\t<div class=\"e-con-inner\">\n\t\t\t\t<div class=\"elementor-element elementor-element-95901e8 elementor-widget elementor-widget-text-editor\" data-id=\"95901e8\" data-element_type=\"widget\" data-e-type=\"widget\" data-widget_type=\"text-editor.default\">\n\t\t\t\t<div class=\"elementor-widget-container\">\n\t\t\t\t\t\t\t\t\t<p>Uma sele\u00e7\u00e3o de produtores e marcas apaixonadas e respeitadoras do ambiente que garantem o que a Fran\u00e7a e o mundo t\u00eam para oferecer. <a href=\"https:\/\/www.fermesaintsimeon.fr\/pt\/destination-hotel-impressionistes-honfleur\/relais-e-castelos-da-normandia\/\">Normandia<\/a> oferecer o melhor. Venha provar todos os sabores da manh\u00e3 no nosso restaurante gourmet \"Les Impressionnistes\", virado para o estu\u00e1rio do Sena, que vibra de luz. Uma forma excecional de come\u00e7ar o dia e recarregar as baterias.\u00a0<\/p>\t\t\t\t\t\t\t\t<\/div>\n\t\t\t\t<\/div>\n\t\t\t\t\t<\/div>\n\t\t\t\t<\/div>\n\t\t\t\t<\/div>\n\t\t<div class=\"elementor-element elementor-element-c1fa9d7 e-flex e-con-boxed e-con e-parent\" data-id=\"c1fa9d7\" data-element_type=\"container\" data-e-type=\"container\" data-settings=\"{&quot;background_background&quot;:&quot;classic&quot;}\">\n\t\t\t\t\t<div class=\"e-con-inner\">\n\t\t\t\t<div class=\"elementor-element elementor-element-df8a427 elementor-absolute tache-gauche elementor-widget elementor-widget-image\" data-id=\"df8a427\" data-element_type=\"widget\" data-e-type=\"widget\" data-settings=\"{&quot;_position&quot;:&quot;absolute&quot;}\" data-widget_type=\"image.default\">\n\t\t\t\t<div class=\"elementor-widget-container\">\n\t\t\t\t\t\t\t\t\t\t\t\t\t\t\t<img decoding=\"async\" width=\"600\" height=\"353\" src=\"https:\/\/www.fermesaintsimeon.fr\/wp-content\/uploads\/2023\/12\/tache.png\" class=\"attachment-large size-large wp-image-933\" alt=\"\" srcset=\"https:\/\/www.fermesaintsimeon.fr\/wp-content\/uploads\/2023\/12\/tache.png 600w, https:\/\/www.fermesaintsimeon.fr\/wp-content\/uploads\/2023\/12\/tache-300x177.png 300w, https:\/\/www.fermesaintsimeon.fr\/wp-content\/uploads\/2023\/12\/tache-18x12.png 18w\" sizes=\"(max-width: 600px) 100vw, 600px\" title=\"\">\t\t\t\t\t\t\t\t\t\t\t\t\t\t\t<\/div>\n\t\t\t\t<\/div>\n\t\t\t\t<div class=\"elementor-element elementor-element-2d1f7a1 elementor-absolute tache-droite elementor-hidden-mobile elementor-widget elementor-widget-image\" data-id=\"2d1f7a1\" data-element_type=\"widget\" data-e-type=\"widget\" data-settings=\"{&quot;_position&quot;:&quot;absolute&quot;}\" data-widget_type=\"image.default\">\n\t\t\t\t<div class=\"elementor-widget-container\">\n\t\t\t\t\t\t\t\t\t\t\t\t\t\t\t<img decoding=\"async\" width=\"600\" height=\"353\" src=\"https:\/\/www.fermesaintsimeon.fr\/wp-content\/uploads\/2023\/12\/tache.png\" class=\"attachment-large size-large wp-image-933\" alt=\"\" srcset=\"https:\/\/www.fermesaintsimeon.fr\/wp-content\/uploads\/2023\/12\/tache.png 600w, https:\/\/www.fermesaintsimeon.fr\/wp-content\/uploads\/2023\/12\/tache-300x177.png 300w, https:\/\/www.fermesaintsimeon.fr\/wp-content\/uploads\/2023\/12\/tache-18x12.png 18w\" sizes=\"(max-width: 600px) 100vw, 600px\" title=\"\">\t\t\t\t\t\t\t\t\t\t\t\t\t\t\t<\/div>\n\t\t\t\t<\/div>\n\t\t<div class=\"elementor-element elementor-element-60c03dd e-con-full e-flex e-con e-child\" data-id=\"60c03dd\" data-element_type=\"container\" data-e-type=\"container\">\n\t\t\t\t<div class=\"elementor-element elementor-element-b09268c elementor-widget elementor-widget-image\" data-id=\"b09268c\" data-element_type=\"widget\" data-e-type=\"widget\" data-widget_type=\"image.default\">\n\t\t\t\t<div class=\"elementor-widget-container\">\n\t\t\t\t\t\t\t\t\t\t\t\t\t\t\t<img decoding=\"async\" width=\"800\" height=\"534\" src=\"https:\/\/www.fermesaintsimeon.fr\/wp-content\/uploads\/2024\/02\/Buffet-8-1024x683.jpg\" class=\"attachment-large size-large wp-image-5075\" alt=\"pequeno-almo\u00e7o buffet com p\u00e3o e bolos - pequeno-almo\u00e7o honfleur\" srcset=\"https:\/\/www.fermesaintsimeon.fr\/wp-content\/uploads\/2024\/02\/Buffet-8-1024x683.jpg 1024w, https:\/\/www.fermesaintsimeon.fr\/wp-content\/uploads\/2024\/02\/Buffet-8-300x200.jpg 300w, https:\/\/www.fermesaintsimeon.fr\/wp-content\/uploads\/2024\/02\/Buffet-8-768x512.jpg 768w, https:\/\/www.fermesaintsimeon.fr\/wp-content\/uploads\/2024\/02\/Buffet-8-1536x1024.jpg 1536w, https:\/\/www.fermesaintsimeon.fr\/wp-content\/uploads\/2024\/02\/Buffet-8-2048x1365.jpg 2048w, https:\/\/www.fermesaintsimeon.fr\/wp-content\/uploads\/2024\/02\/Buffet-8-18x12.jpg 18w\" sizes=\"(max-width: 800px) 100vw, 800px\" title=\"\">\t\t\t\t\t\t\t\t\t\t\t\t\t\t\t<\/div>\n\t\t\t\t<\/div>\n\t\t\t\t<\/div>\n\t\t<div class=\"elementor-element elementor-element-dc987af e-con-full e-flex e-con e-child\" data-id=\"dc987af\" data-element_type=\"container\" data-e-type=\"container\">\n\t\t<div class=\"elementor-element elementor-element-c8e1e76 e-con-full content-droite e-flex e-con e-child\" data-id=\"c8e1e76\" data-element_type=\"container\" data-e-type=\"container\">\n\t\t\t\t<div class=\"elementor-element elementor-element-93ccf01 elementor-widget elementor-widget-heading\" data-id=\"93ccf01\" data-element_type=\"widget\" data-e-type=\"widget\" data-widget_type=\"heading.default\">\n\t\t\t\t<div class=\"elementor-widget-container\">\n\t\t\t\t\t<h2 class=\"elementor-heading-title elementor-size-default\">Produtos frescos<\/h2>\t\t\t\t<\/div>\n\t\t\t\t<\/div>\n\t\t\t\t<div class=\"elementor-element elementor-element-9fb4b34 elementor-widget elementor-widget-text-editor\" data-id=\"9fb4b34\" data-element_type=\"widget\" data-e-type=\"widget\" data-widget_type=\"text-editor.default\">\n\t\t\t\t<div class=\"elementor-widget-container\">\n\t\t\t\t\t\t\t\t\t<p>Voc\u00ea encontrar\u00e1 muitos produtos caseiros, como geleias, iogurtes e bolos. Al\u00e9m disso, uma variedade de embutidos, salm\u00e3o, favos de mel, uma variedade de p\u00e3es e cereais, uma tentadora sele\u00e7\u00e3o de sucos de frutas, queijos regionais, crepes e panquecas, Teurgoule (um pudim de arroz da Normandia) e uma variedade de frutas frescas est\u00e3o dispon\u00edveis. N\u00f3s at\u00e9 oferecemos champanhe, porque despertar os sentidos tamb\u00e9m \u00e9 uma celebra\u00e7\u00e3o!<\/p>\t\t\t\t\t\t\t\t<\/div>\n\t\t\t\t<\/div>\n\t\t\t\t<\/div>\n\t\t\t\t<\/div>\n\t\t<div class=\"elementor-element elementor-element-e4a5c2b e-con-full content-gauche e-flex e-con e-child\" data-id=\"e4a5c2b\" data-element_type=\"container\" data-e-type=\"container\">\n\t\t<div class=\"elementor-element elementor-element-bdc1401 e-con-full e-flex e-con e-child\" data-id=\"bdc1401\" data-element_type=\"container\" data-e-type=\"container\">\n\t\t\t\t<div class=\"elementor-element elementor-element-5d46b24 elementor-widget elementor-widget-heading\" data-id=\"5d46b24\" data-element_type=\"widget\" data-e-type=\"widget\" data-widget_type=\"heading.default\">\n\t\t\t\t<div class=\"elementor-widget-container\">\n\t\t\t\t\t<h2 class=\"elementor-heading-title elementor-size-default\">Informa\u00e7\u00f5es e pre\u00e7os<\/h2>\t\t\t\t<\/div>\n\t\t\t\t<\/div>\n\t\t\t\t<div class=\"elementor-element elementor-element-db003f3 elementor-widget elementor-widget-text-editor\" data-id=\"db003f3\" data-element_type=\"widget\" data-e-type=\"widget\" data-widget_type=\"text-editor.default\">\n\t\t\t\t<div class=\"elementor-widget-container\">\n\t\t\t\t\t\t\t\t\t<p>Pequeno-almo\u00e7o buffet: 42 euros por pessoa<\/p><p>Aberto a clientes externos.<\/p><p>Informa\u00e7\u00f5es e reservas: +33 (0)2 31 81 78 00<\/p>\t\t\t\t\t\t\t\t<\/div>\n\t\t\t\t<\/div>\n\t\t\t\t<\/div>\n\t\t\t\t<\/div>\n\t\t<div class=\"elementor-element elementor-element-27a1563 e-con-full e-flex e-con e-child\" data-id=\"27a1563\" data-element_type=\"container\" data-e-type=\"container\">\n\t\t\t\t<div class=\"elementor-element elementor-element-68ae986 image-gauche elementor-widget elementor-widget-image\" data-id=\"68ae986\" data-element_type=\"widget\" data-e-type=\"widget\" data-widget_type=\"image.default\">\n\t\t\t\t<div class=\"elementor-widget-container\">\n\t\t\t\t\t\t\t\t\t\t\t\t\t\t\t<img loading=\"lazy\" decoding=\"async\" width=\"696\" height=\"500\" src=\"https:\/\/www.fermesaintsimeon.fr\/wp-content\/uploads\/2024\/01\/Buffet-min.jpg\" class=\"attachment-large size-large wp-image-1150\" alt=\"pequeno-almo\u00e7o buffet no Ferme Saint Sim\u00e9on - pequeno-almo\u00e7o em Honfleur\" srcset=\"https:\/\/www.fermesaintsimeon.fr\/wp-content\/uploads\/2024\/01\/Buffet-min.jpg 696w, https:\/\/www.fermesaintsimeon.fr\/wp-content\/uploads\/2024\/01\/Buffet-min-300x216.jpg 300w, https:\/\/www.fermesaintsimeon.fr\/wp-content\/uploads\/2024\/01\/Buffet-min-18x12.jpg 18w\" sizes=\"(max-width: 696px) 100vw, 696px\" title=\"\">\t\t\t\t\t\t\t\t\t\t\t\t\t\t\t<\/div>\n\t\t\t\t<\/div>\n\t\t\t\t<\/div>\n\t\t\t\t\t<\/div>\n\t\t\t\t<\/div>\n\t\t<div class=\"elementor-element elementor-element-162e67e e-flex e-con-boxed e-con e-parent\" data-id=\"162e67e\" data-element_type=\"container\" data-e-type=\"container\" data-settings=\"{&quot;background_background&quot;:&quot;classic&quot;}\">\n\t\t\t\t\t<div class=\"e-con-inner\">\n\t\t<div class=\"elementor-element elementor-element-63e32a5 e-con-full e-flex e-con e-child\" data-id=\"63e32a5\" data-element_type=\"container\" data-e-type=\"container\">\n\t\t\t\t<div class=\"elementor-element elementor-element-5f0eca7 elementor-widget elementor-widget-image\" data-id=\"5f0eca7\" data-element_type=\"widget\" data-e-type=\"widget\" data-widget_type=\"image.default\">\n\t\t\t\t<div class=\"elementor-widget-container\">\n\t\t\t\t\t\t\t\t\t\t\t\t\t\t\t<img loading=\"lazy\" decoding=\"async\" width=\"588\" height=\"518\" src=\"https:\/\/www.fermesaintsimeon.fr\/wp-content\/uploads\/2024\/01\/restaurant.jpg\" class=\"attachment-large size-large wp-image-1300\" alt=\"Prato do restaurante Ferme Saint Sim\u00e9on\" srcset=\"https:\/\/www.fermesaintsimeon.fr\/wp-content\/uploads\/2024\/01\/restaurant.jpg 588w, https:\/\/www.fermesaintsimeon.fr\/wp-content\/uploads\/2024\/01\/restaurant-300x264.jpg 300w, https:\/\/www.fermesaintsimeon.fr\/wp-content\/uploads\/2024\/01\/restaurant-14x12.jpg 14w\" sizes=\"(max-width: 588px) 100vw, 588px\" title=\"\">\t\t\t\t\t\t\t\t\t\t\t\t\t\t\t<\/div>\n\t\t\t\t<\/div>\n\t\t\t\t<div class=\"elementor-element elementor-element-9f73107 elementor-widget elementor-widget-heading\" data-id=\"9f73107\" data-element_type=\"widget\" data-e-type=\"widget\" data-widget_type=\"heading.default\">\n\t\t\t\t<div class=\"elementor-widget-container\">\n\t\t\t\t\t<div class=\"elementor-heading-title elementor-size-default\">Restaurante<\/div>\t\t\t\t<\/div>\n\t\t\t\t<\/div>\n\t\t\t\t<div class=\"elementor-element elementor-element-0a036b4 elementor-widget elementor-widget-image\" data-id=\"0a036b4\" data-element_type=\"widget\" data-e-type=\"widget\" data-widget_type=\"image.default\">\n\t\t\t\t<div class=\"elementor-widget-container\">\n\t\t\t\t\t\t\t\t\t\t\t\t\t\t\t<img loading=\"lazy\" decoding=\"async\" width=\"800\" height=\"777\" src=\"https:\/\/www.fermesaintsimeon.fr\/wp-content\/uploads\/2023\/12\/La-Boucane.svg\" class=\"attachment-large size-large wp-image-842\" alt=\"\" title=\"\">\t\t\t\t\t\t\t\t\t\t\t\t\t\t\t<\/div>\n\t\t\t\t<\/div>\n\t\t\t\t<div class=\"elementor-element elementor-element-9092fd9 btn-lottie center elementor-align-center elementor-widget elementor-widget-lottie\" data-id=\"9092fd9\" data-element_type=\"widget\" data-e-type=\"widget\" data-settings=\"{&quot;source_json&quot;:{&quot;url&quot;:&quot;https:\\\/\\\/www.fermesaintsimeon.fr\\\/wp-content\\\/uploads\\\/2023\\\/12\\\/Animation_Lottie_dore.json&quot;,&quot;id&quot;:991,&quot;size&quot;:&quot;&quot;,&quot;alt&quot;:&quot;&quot;,&quot;source&quot;:&quot;library&quot;},&quot;caption_source&quot;:&quot;custom&quot;,&quot;caption&quot;:&quot;D\\u00e9couvrir&quot;,&quot;link_to&quot;:&quot;custom&quot;,&quot;trigger&quot;:&quot;on_hover&quot;,&quot;on_hover_out&quot;:&quot;reverse&quot;,&quot;source&quot;:&quot;media_file&quot;,&quot;custom_link&quot;:{&quot;url&quot;:&quot;https:\\\/\\\/www.fermesaintsimeon.fr\\\/pt\\\/restauration-honfleur\\\/bistro-la-boucane\\\/&quot;,&quot;is_external&quot;:&quot;&quot;,&quot;nofollow&quot;:&quot;&quot;,&quot;custom_attributes&quot;:&quot;&quot;},&quot;hover_area&quot;:&quot;animation&quot;,&quot;play_speed&quot;:{&quot;unit&quot;:&quot;px&quot;,&quot;size&quot;:1,&quot;sizes&quot;:[]},&quot;start_point&quot;:{&quot;unit&quot;:&quot;%&quot;,&quot;size&quot;:0,&quot;sizes&quot;:[]},&quot;end_point&quot;:{&quot;unit&quot;:&quot;%&quot;,&quot;size&quot;:100,&quot;sizes&quot;:[]},&quot;renderer&quot;:&quot;svg&quot;}\" data-widget_type=\"lottie.default\">\n\t\t\t\t<div class=\"elementor-widget-container\">\n\t\t\t\t\t<a class=\"e-lottie__container__link\" href=\"https:\/\/www.fermesaintsimeon.fr\/pt\/restauration-honfleur\/bistro-la-boucane\/\"><div class=\"e-lottie__container\"><div class=\"e-lottie__animation\"><\/div><p class=\"e-lottie__caption\"> Descobrir<\/p><\/div><\/a>\t\t\t\t<\/div>\n\t\t\t\t<\/div>\n\t\t\t\t<\/div>\n\t\t<div class=\"elementor-element elementor-element-fc61206 e-con-full e-flex e-con e-child\" data-id=\"fc61206\" data-element_type=\"container\" data-e-type=\"container\">\n\t\t\t\t<div class=\"elementor-element elementor-element-edd580a elementor-widget elementor-widget-image\" data-id=\"edd580a\" data-element_type=\"widget\" data-e-type=\"widget\" data-widget_type=\"image.default\">\n\t\t\t\t<div class=\"elementor-widget-container\">\n\t\t\t\t\t\t\t\t\t\t\t\t\t\t\t<img loading=\"lazy\" decoding=\"async\" width=\"588\" height=\"517\" src=\"https:\/\/www.fermesaintsimeon.fr\/wp-content\/uploads\/2024\/01\/lebar.jpg\" class=\"attachment-large size-large wp-image-1214\" alt=\"\" srcset=\"https:\/\/www.fermesaintsimeon.fr\/wp-content\/uploads\/2024\/01\/lebar.jpg 588w, https:\/\/www.fermesaintsimeon.fr\/wp-content\/uploads\/2024\/01\/lebar-300x264.jpg 300w, https:\/\/www.fermesaintsimeon.fr\/wp-content\/uploads\/2024\/01\/lebar-14x12.jpg 14w\" sizes=\"(max-width: 588px) 100vw, 588px\" title=\"\">\t\t\t\t\t\t\t\t\t\t\t\t\t\t\t<\/div>\n\t\t\t\t<\/div>\n\t\t\t\t<div class=\"elementor-element elementor-element-b2ec7f4 elementor-widget elementor-widget-heading\" data-id=\"b2ec7f4\" data-element_type=\"widget\" data-e-type=\"widget\" data-widget_type=\"heading.default\">\n\t\t\t\t<div class=\"elementor-widget-container\">\n\t\t\t\t\t<div class=\"elementor-heading-title elementor-size-default\">O bar<\/div>\t\t\t\t<\/div>\n\t\t\t\t<\/div>\n\t\t\t\t<div class=\"elementor-element elementor-element-8467d1f elementor-widget elementor-widget-heading\" data-id=\"8467d1f\" data-element_type=\"widget\" data-e-type=\"widget\" data-widget_type=\"heading.default\">\n\t\t\t\t<div class=\"elementor-widget-container\">\n\t\t\t\t\t<h2 class=\"elementor-heading-title elementor-size-default\">O<\/h2>\t\t\t\t<\/div>\n\t\t\t\t<\/div>\n\t\t\t\t<div class=\"elementor-element elementor-element-b979012 elementor-widget elementor-widget-heading\" data-id=\"b979012\" data-element_type=\"widget\" data-e-type=\"widget\" data-widget_type=\"heading.default\">\n\t\t\t\t<div class=\"elementor-widget-container\">\n\t\t\t\t\t<h2 class=\"elementor-heading-title elementor-size-default\">Bar<\/h2>\t\t\t\t<\/div>\n\t\t\t\t<\/div>\n\t\t\t\t<div class=\"elementor-element elementor-element-6b815bd btn-lottie center elementor-align-center elementor-widget elementor-widget-lottie\" data-id=\"6b815bd\" data-element_type=\"widget\" data-e-type=\"widget\" data-settings=\"{&quot;source_json&quot;:{&quot;url&quot;:&quot;https:\\\/\\\/www.fermesaintsimeon.fr\\\/wp-content\\\/uploads\\\/2023\\\/12\\\/Animation_Lottie_dore.json&quot;,&quot;id&quot;:991,&quot;size&quot;:&quot;&quot;,&quot;alt&quot;:&quot;&quot;,&quot;source&quot;:&quot;library&quot;},&quot;caption_source&quot;:&quot;custom&quot;,&quot;caption&quot;:&quot;D\\u00e9couvrir&quot;,&quot;link_to&quot;:&quot;custom&quot;,&quot;trigger&quot;:&quot;on_hover&quot;,&quot;on_hover_out&quot;:&quot;reverse&quot;,&quot;source&quot;:&quot;media_file&quot;,&quot;custom_link&quot;:{&quot;url&quot;:&quot;https:\\\/\\\/www.fermesaintsimeon.fr\\\/pt\\\/restauration-honfleur\\\/le-bar-honfleur\\\/&quot;,&quot;is_external&quot;:&quot;&quot;,&quot;nofollow&quot;:&quot;&quot;,&quot;custom_attributes&quot;:&quot;&quot;},&quot;hover_area&quot;:&quot;animation&quot;,&quot;play_speed&quot;:{&quot;unit&quot;:&quot;px&quot;,&quot;size&quot;:1,&quot;sizes&quot;:[]},&quot;start_point&quot;:{&quot;unit&quot;:&quot;%&quot;,&quot;size&quot;:0,&quot;sizes&quot;:[]},&quot;end_point&quot;:{&quot;unit&quot;:&quot;%&quot;,&quot;size&quot;:100,&quot;sizes&quot;:[]},&quot;renderer&quot;:&quot;svg&quot;}\" data-widget_type=\"lottie.default\">\n\t\t\t\t<div class=\"elementor-widget-container\">\n\t\t\t\t\t<a class=\"e-lottie__container__link\" href=\"https:\/\/www.fermesaintsimeon.fr\/pt\/restauration-honfleur\/le-bar-honfleur\/\"><div class=\"e-lottie__container\"><div class=\"e-lottie__animation\"><\/div><p class=\"e-lottie__caption\"> Descobrir<\/p><\/div><\/a>\t\t\t\t<\/div>\n\t\t\t\t<\/div>\n\t\t\t\t<\/div>\n\t\t\t\t\t<\/div>\n\t\t\t\t<\/div>\n\t\t\t\t<\/div>","protected":false},"excerpt":{"rendered":"<p>le petit-d\u00e9jeuner \u00e0 honfleur Une nouvelle journ\u00e9e marqu\u00e9e par l&rsquo;excellence L&rsquo;excellence d&rsquo;un buffet, pour le r\u00e9gal de tous. La Ferme Saint Sim\u00e9on Honfleur vous r\u00e9serve un merveilleux petit-d\u00e9jeuner compos\u00e9 d\u2019un grand choix de produits de haute qualit\u00e9. Carte Une s\u00e9lection de producteurs passionn\u00e9s et respectueux de l&rsquo;environnement ainsi que de labels qui garantissent ce que [&hellip;]<\/p>\n","protected":false},"author":5,"featured_media":0,"parent":74,"menu_order":0,"comment_status":"closed","ping_status":"closed","template":"","meta":{"inline_featured_image":false,"footnotes":""},"class_list":["post-4007","page","type-page","status-publish","hentry"],"_links":{"self":[{"href":"https:\/\/www.fermesaintsimeon.fr\/pt\/wp-json\/wp\/v2\/pages\/4007","targetHints":{"allow":["GET"]}}],"collection":[{"href":"https:\/\/www.fermesaintsimeon.fr\/pt\/wp-json\/wp\/v2\/pages"}],"about":[{"href":"https:\/\/www.fermesaintsimeon.fr\/pt\/wp-json\/wp\/v2\/types\/page"}],"author":[{"embeddable":true,"href":"https:\/\/www.fermesaintsimeon.fr\/pt\/wp-json\/wp\/v2\/users\/5"}],"replies":[{"embeddable":true,"href":"https:\/\/www.fermesaintsimeon.fr\/pt\/wp-json\/wp\/v2\/comments?post=4007"}],"version-history":[{"count":31,"href":"https:\/\/www.fermesaintsimeon.fr\/pt\/wp-json\/wp\/v2\/pages\/4007\/revisions"}],"predecessor-version":[{"id":7337,"href":"https:\/\/www.fermesaintsimeon.fr\/pt\/wp-json\/wp\/v2\/pages\/4007\/revisions\/7337"}],"up":[{"embeddable":true,"href":"https:\/\/www.fermesaintsimeon.fr\/pt\/wp-json\/wp\/v2\/pages\/74"}],"wp:attachment":[{"href":"https:\/\/www.fermesaintsimeon.fr\/pt\/wp-json\/wp\/v2\/media?parent=4007"}],"curies":[{"name":"wp","href":"https:\/\/api.w.org\/{rel}","templated":true}]}}