{"id":6734,"date":"2025-03-27T16:16:35","date_gmt":"2025-03-27T15:16:35","guid":{"rendered":"https:\/\/www.fermesaintsimeon.fr\/?page_id=6734"},"modified":"2025-04-10T10:41:27","modified_gmt":"2025-04-10T08:41:27","slug":"escola-de-pintura","status":"publish","type":"page","link":"https:\/\/www.fermesaintsimeon.fr\/pt\/ecole-de-peinture\/","title":{"rendered":"Escola de pintura"},"content":{"rendered":"<div data-elementor-type=\"wp-page\" data-elementor-id=\"6734\" class=\"elementor elementor-6734\" data-elementor-post-type=\"page\">\n\t\t\t\t<div class=\"elementor-element elementor-element-88b5d36 overflow-hidden-xs e-flex e-con-boxed e-con e-parent\" data-id=\"88b5d36\" data-element_type=\"container\" data-e-type=\"container\">\n\t\t\t\t\t<div class=\"e-con-inner\">\n\t\t<div class=\"elementor-element elementor-element-8f7f8a9 bg-full-section-xs e-flex e-con-boxed e-con e-child\" data-id=\"8f7f8a9\" data-element_type=\"container\" data-e-type=\"container\" data-settings=\"{&quot;background_background&quot;:&quot;classic&quot;}\">\n\t\t\t\t\t<div class=\"e-con-inner\">\n\t\t\t\t<div class=\"elementor-element elementor-element-77c349f elementor-absolute e-transform evt-tache-gauche elementor-widget elementor-widget-image\" data-id=\"77c349f\" data-element_type=\"widget\" data-e-type=\"widget\" data-settings=\"{&quot;_position&quot;:&quot;absolute&quot;,&quot;_transform_rotateZ_effect&quot;:{&quot;unit&quot;:&quot;px&quot;,&quot;size&quot;:100,&quot;sizes&quot;:[]},&quot;_transform_rotateZ_effect_laptop&quot;:{&quot;unit&quot;:&quot;deg&quot;,&quot;size&quot;:&quot;&quot;,&quot;sizes&quot;:[]},&quot;_transform_rotateZ_effect_tablet&quot;:{&quot;unit&quot;:&quot;deg&quot;,&quot;size&quot;:&quot;&quot;,&quot;sizes&quot;:[]},&quot;_transform_rotateZ_effect_mobile&quot;:{&quot;unit&quot;:&quot;deg&quot;,&quot;size&quot;:&quot;&quot;,&quot;sizes&quot;:[]}}\" data-widget_type=\"image.default\">\n\t\t\t\t<div class=\"elementor-widget-container\">\n\t\t\t\t\t\t\t\t\t\t\t\t\t\t\t<img fetchpriority=\"high\" decoding=\"async\" width=\"618\" height=\"424\" src=\"https:\/\/www.fermesaintsimeon.fr\/wp-content\/uploads\/2024\/01\/tache-deco.png\" class=\"attachment-large size-large wp-image-1142\" alt=\"\" srcset=\"https:\/\/www.fermesaintsimeon.fr\/wp-content\/uploads\/2024\/01\/tache-deco.png 618w, https:\/\/www.fermesaintsimeon.fr\/wp-content\/uploads\/2024\/01\/tache-deco-300x206.png 300w, https:\/\/www.fermesaintsimeon.fr\/wp-content\/uploads\/2024\/01\/tache-deco-18x12.png 18w\" sizes=\"(max-width: 618px) 100vw, 618px\" title=\"\">\t\t\t\t\t\t\t\t\t\t\t\t\t\t\t<\/div>\n\t\t\t\t<\/div>\n\t\t\t\t<div class=\"elementor-element elementor-element-fe4dfa0 elementor-absolute e-transform evt-tache-droite elementor-widget elementor-widget-image\" data-id=\"fe4dfa0\" data-element_type=\"widget\" data-e-type=\"widget\" data-settings=\"{&quot;_position&quot;:&quot;absolute&quot;,&quot;_transform_rotateZ_effect&quot;:{&quot;unit&quot;:&quot;px&quot;,&quot;size&quot;:108,&quot;sizes&quot;:[]},&quot;_transform_rotateZ_effect_laptop&quot;:{&quot;unit&quot;:&quot;deg&quot;,&quot;size&quot;:&quot;&quot;,&quot;sizes&quot;:[]},&quot;_transform_rotateZ_effect_tablet&quot;:{&quot;unit&quot;:&quot;deg&quot;,&quot;size&quot;:&quot;&quot;,&quot;sizes&quot;:[]},&quot;_transform_rotateZ_effect_mobile&quot;:{&quot;unit&quot;:&quot;deg&quot;,&quot;size&quot;:&quot;&quot;,&quot;sizes&quot;:[]}}\" data-widget_type=\"image.default\">\n\t\t\t\t<div class=\"elementor-widget-container\">\n\t\t\t\t\t\t\t\t\t\t\t\t\t\t\t<img fetchpriority=\"high\" decoding=\"async\" width=\"618\" height=\"424\" src=\"https:\/\/www.fermesaintsimeon.fr\/wp-content\/uploads\/2024\/01\/tache-deco.png\" class=\"attachment-large size-large wp-image-1142\" alt=\"\" srcset=\"https:\/\/www.fermesaintsimeon.fr\/wp-content\/uploads\/2024\/01\/tache-deco.png 618w, https:\/\/www.fermesaintsimeon.fr\/wp-content\/uploads\/2024\/01\/tache-deco-300x206.png 300w, https:\/\/www.fermesaintsimeon.fr\/wp-content\/uploads\/2024\/01\/tache-deco-18x12.png 18w\" sizes=\"(max-width: 618px) 100vw, 618px\" title=\"\">\t\t\t\t\t\t\t\t\t\t\t\t\t\t\t<\/div>\n\t\t\t\t<\/div>\n\t\t\t\t<div class=\"elementor-element elementor-element-39288b6 event-titre elementor-widget elementor-widget-heading\" data-id=\"39288b6\" data-element_type=\"widget\" data-e-type=\"widget\" data-widget_type=\"heading.default\">\n\t\t\t\t<div class=\"elementor-widget-container\">\n\t\t\t\t\t<div class=\"elementor-heading-title elementor-size-default\">A escola<\/div>\t\t\t\t<\/div>\n\t\t\t\t<\/div>\n\t\t\t\t<div class=\"elementor-element elementor-element-b1018ee event-titre elementor-widget elementor-widget-heading\" data-id=\"b1018ee\" data-element_type=\"widget\" data-e-type=\"widget\" data-widget_type=\"heading.default\">\n\t\t\t\t<div class=\"elementor-widget-container\">\n\t\t\t\t\t<div class=\"elementor-heading-title elementor-size-default\">pintura<\/div>\t\t\t\t<\/div>\n\t\t\t\t<\/div>\n\t\t\t\t\t<\/div>\n\t\t\t\t<\/div>\n\t\t\t\t\t<\/div>\n\t\t\t\t<\/div>\n\t\t<div class=\"elementor-element elementor-element-476ac59 e-con-full e-flex e-con e-parent\" data-id=\"476ac59\" data-element_type=\"container\" data-e-type=\"container\">\n\t\t<div class=\"elementor-element elementor-element-28fd53d e-flex e-con-boxed e-con e-child\" data-id=\"28fd53d\" data-element_type=\"container\" data-e-type=\"container\">\n\t\t\t\t\t<div class=\"e-con-inner\">\n\t\t\t\t<div class=\"elementor-element elementor-element-5c2b5de elementor-widget elementor-widget-heading\" data-id=\"5c2b5de\" data-element_type=\"widget\" data-e-type=\"widget\" data-widget_type=\"heading.default\">\n\t\t\t\t<div class=\"elementor-widget-container\">\n\t\t\t\t\t<h1 class=\"elementor-heading-title elementor-size-default\">Escola de pintura em Honfleur<\/h1>\t\t\t\t<\/div>\n\t\t\t\t<\/div>\n\t\t\t\t<div class=\"elementor-element elementor-element-15a0a2c elementor-widget elementor-widget-heading\" data-id=\"15a0a2c\" data-element_type=\"widget\" data-e-type=\"widget\" data-widget_type=\"heading.default\">\n\t\t\t\t<div class=\"elementor-widget-container\">\n\t\t\t\t\t<h2 class=\"elementor-heading-title elementor-size-default\">Nas pegadas dos impressionistas<\/h2>\t\t\t\t<\/div>\n\t\t\t\t<\/div>\n\t\t\t\t<div class=\"elementor-element elementor-element-0684ea9 elementor-widget elementor-widget-text-editor\" data-id=\"0684ea9\" data-element_type=\"widget\" data-e-type=\"widget\" data-widget_type=\"text-editor.default\">\n\t\t\t\t<div class=\"elementor-widget-container\">\n\t\t\t\t\t\t\t\t\t<p>Venha revelar o seu talento no cora\u00e7\u00e3o de um local repleto de hist\u00f3ria.<\/p><p>Aninhada nas colinas acima de Honfleur, a Ferme Saint Sim\u00e9on***** foi um ref\u00fagio de inspira\u00e7\u00e3o para os maiores pintores impressionistas do s\u00e9culo XIX. Sob o caloroso acolhimento de M\u00e8re Toutain, esta lend\u00e1ria estalagem agr\u00edcola acolheu artistas como Monet, Boudin e Courbet, que vieram captar as luzes vari\u00e1veis do estu\u00e1rio e as paisagens buc\u00f3licas da Normandia. Hoje em dia, este local repleto de hist\u00f3ria revive o seu patrim\u00f3nio art\u00edstico com a abertura da sua escola de pintura, perpetuando o esp\u00edrito criativo que o animou durante s\u00e9culos.<\/p>\t\t\t\t\t\t\t\t<\/div>\n\t\t\t\t<\/div>\n\t\t\t\t\t<\/div>\n\t\t\t\t<\/div>\n\t\t\t\t<\/div>\n\t\t<div class=\"elementor-element elementor-element-3e43d0e e-con-full e-flex e-con e-parent\" data-id=\"3e43d0e\" data-element_type=\"container\" data-e-type=\"container\" data-settings=\"{&quot;background_background&quot;:&quot;classic&quot;}\">\n\t\t<div class=\"elementor-element elementor-element-d420014 e-con-full e-flex e-con e-child\" data-id=\"d420014\" data-element_type=\"container\" data-e-type=\"container\">\n\t\t\t\t<div class=\"elementor-element elementor-element-3f713b4 elementor-widget elementor-widget-heading\" data-id=\"3f713b4\" data-element_type=\"widget\" data-e-type=\"widget\" data-widget_type=\"heading.default\">\n\t\t\t\t<div class=\"elementor-widget-container\">\n\t\t\t\t\t<div class=\"elementor-heading-title elementor-size-default\">Os nossos cursos<\/div>\t\t\t\t<\/div>\n\t\t\t\t<\/div>\n\t\t\t\t<div class=\"elementor-element elementor-element-771d640 elementor-widget elementor-widget-heading\" data-id=\"771d640\" data-element_type=\"widget\" data-e-type=\"widget\" data-widget_type=\"heading.default\">\n\t\t\t\t<div class=\"elementor-widget-container\">\n\t\t\t\t\t<h2 class=\"elementor-heading-title elementor-size-default\">pintura<\/h2>\t\t\t\t<\/div>\n\t\t\t\t<\/div>\n\t\t\t\t<div class=\"elementor-element elementor-element-70f6dc7 elementor-widget elementor-widget-text-editor\" data-id=\"70f6dc7\" data-element_type=\"widget\" data-e-type=\"widget\" data-widget_type=\"text-editor.default\">\n\t\t\t\t<div class=\"elementor-widget-container\">\n\t\t\t\t\t\t\t\t\t<p>Sente-se em frente \u00e0s paisagens que inspiraram os impressionistas e deixe-se guiar pelos nossos artistas enquanto aprende as t\u00e9cnicas de composi\u00e7\u00e3o, cor e luz. Uma oportunidade intemporal de viver a arte ao ar livre.<br \/>Quer seja um principiante ou um artista experiente, Ferme Saint Sim\u00e9on***** convida-o a redescobrir a alma dos grandes mestres, exprimindo a sua pr\u00f3pria vis\u00e3o do mundo atrav\u00e9s da pintura.<\/p>\t\t\t\t\t\t\t\t<\/div>\n\t\t\t\t<\/div>\n\t\t\t\t<\/div>\n\t\t\t\t<div class=\"elementor-element elementor-element-42c46ed elementor-absolute elementor-widget elementor-widget-image\" data-id=\"42c46ed\" data-element_type=\"widget\" data-e-type=\"widget\" data-settings=\"{&quot;_position&quot;:&quot;absolute&quot;}\" data-widget_type=\"image.default\">\n\t\t\t\t<div class=\"elementor-widget-container\">\n\t\t\t\t\t\t\t\t\t\t\t\t\t\t\t<img decoding=\"async\" width=\"600\" height=\"353\" src=\"https:\/\/www.fermesaintsimeon.fr\/wp-content\/uploads\/2023\/12\/tache.png\" class=\"attachment-large size-large wp-image-933\" alt=\"\" srcset=\"https:\/\/www.fermesaintsimeon.fr\/wp-content\/uploads\/2023\/12\/tache.png 600w, https:\/\/www.fermesaintsimeon.fr\/wp-content\/uploads\/2023\/12\/tache-300x177.png 300w, https:\/\/www.fermesaintsimeon.fr\/wp-content\/uploads\/2023\/12\/tache-18x12.png 18w\" sizes=\"(max-width: 600px) 100vw, 600px\" title=\"\">\t\t\t\t\t\t\t\t\t\t\t\t\t\t\t<\/div>\n\t\t\t\t<\/div>\n\t\t<div class=\"elementor-element elementor-element-4694f6b e-con-full elementor-hidden-mobile e-flex e-con e-child\" data-id=\"4694f6b\" data-element_type=\"container\" data-e-type=\"container\">\n\t\t\t\t<\/div>\n\t\t\t\t<\/div>\n\t\t<div class=\"elementor-element elementor-element-6894ac4 e-flex e-con-boxed e-con e-parent\" data-id=\"6894ac4\" data-element_type=\"container\" data-e-type=\"container\" data-settings=\"{&quot;background_background&quot;:&quot;classic&quot;}\">\n\t\t\t\t\t<div class=\"e-con-inner\">\n\t\t<div class=\"elementor-element elementor-element-d0440f6 e-con-full hoverLayerEffect e-flex e-con e-child\" data-id=\"d0440f6\" data-element_type=\"container\" data-e-type=\"container\" data-settings=\"{&quot;background_background&quot;:&quot;classic&quot;}\">\n\t\t<div class=\"elementor-element elementor-element-acba8c2 e-con-full e-flex e-con e-child\" data-id=\"acba8c2\" data-element_type=\"container\" data-e-type=\"container\">\n\t\t\t\t<div class=\"elementor-element elementor-element-8e74e9e elementor-widget__width-inherit elementor-widget elementor-widget-image\" data-id=\"8e74e9e\" data-element_type=\"widget\" data-e-type=\"widget\" data-widget_type=\"image.default\">\n\t\t\t\t<div class=\"elementor-widget-container\">\n\t\t\t\t\t\t\t\t\t\t\t\t\t\t\t<img decoding=\"async\" width=\"1698\" height=\"1132\" src=\"https:\/\/www.fermesaintsimeon.fr\/wp-content\/uploads\/2025\/04\/200ans-boudin_-10.jpg\" class=\"attachment-full size-full wp-image-6793\" alt=\"\" srcset=\"https:\/\/www.fermesaintsimeon.fr\/wp-content\/uploads\/2025\/04\/200ans-boudin_-10.jpg 1698w, https:\/\/www.fermesaintsimeon.fr\/wp-content\/uploads\/2025\/04\/200ans-boudin_-10-300x200.jpg 300w, https:\/\/www.fermesaintsimeon.fr\/wp-content\/uploads\/2025\/04\/200ans-boudin_-10-1024x683.jpg 1024w, https:\/\/www.fermesaintsimeon.fr\/wp-content\/uploads\/2025\/04\/200ans-boudin_-10-768x512.jpg 768w, https:\/\/www.fermesaintsimeon.fr\/wp-content\/uploads\/2025\/04\/200ans-boudin_-10-1536x1024.jpg 1536w, https:\/\/www.fermesaintsimeon.fr\/wp-content\/uploads\/2025\/04\/200ans-boudin_-10-18x12.jpg 18w\" sizes=\"(max-width: 1698px) 100vw, 1698px\" title=\"\">\t\t\t\t\t\t\t\t\t\t\t\t\t\t\t<\/div>\n\t\t\t\t<\/div>\n\t\t\t\t<div class=\"elementor-element elementor-element-065e6c4 elementor-widget__width-initial elementor-widget elementor-widget-image\" data-id=\"065e6c4\" data-element_type=\"widget\" data-e-type=\"widget\" data-widget_type=\"image.default\">\n\t\t\t\t<div class=\"elementor-widget-container\">\n\t\t\t\t\t\t\t\t\t\t\t\t\t\t\t<img loading=\"lazy\" decoding=\"async\" width=\"683\" height=\"1024\" src=\"https:\/\/www.fermesaintsimeon.fr\/wp-content\/uploads\/2025\/04\/Ferme-St-Simeon-Peinture-7-683x1024.jpg\" class=\"attachment-large size-large wp-image-6797\" alt=\"\" srcset=\"https:\/\/www.fermesaintsimeon.fr\/wp-content\/uploads\/2025\/04\/Ferme-St-Simeon-Peinture-7-683x1024.jpg 683w, https:\/\/www.fermesaintsimeon.fr\/wp-content\/uploads\/2025\/04\/Ferme-St-Simeon-Peinture-7-200x300.jpg 200w, https:\/\/www.fermesaintsimeon.fr\/wp-content\/uploads\/2025\/04\/Ferme-St-Simeon-Peinture-7-768x1152.jpg 768w, https:\/\/www.fermesaintsimeon.fr\/wp-content\/uploads\/2025\/04\/Ferme-St-Simeon-Peinture-7-1024x1536.jpg 1024w, https:\/\/www.fermesaintsimeon.fr\/wp-content\/uploads\/2025\/04\/Ferme-St-Simeon-Peinture-7-8x12.jpg 8w, https:\/\/www.fermesaintsimeon.fr\/wp-content\/uploads\/2025\/04\/Ferme-St-Simeon-Peinture-7.jpg 1088w\" sizes=\"(max-width: 683px) 100vw, 683px\" title=\"\">\t\t\t\t\t\t\t\t\t\t\t\t\t\t\t<\/div>\n\t\t\t\t<\/div>\n\t\t\t\t<div class=\"elementor-element elementor-element-96986e3 elementor-widget__width-initial elementor-widget elementor-widget-image\" data-id=\"96986e3\" data-element_type=\"widget\" data-e-type=\"widget\" data-widget_type=\"image.default\">\n\t\t\t\t<div class=\"elementor-widget-container\">\n\t\t\t\t\t\t\t\t\t\t\t\t\t\t\t<img loading=\"lazy\" decoding=\"async\" width=\"800\" height=\"532\" src=\"https:\/\/www.fermesaintsimeon.fr\/wp-content\/uploads\/2025\/04\/Experience_Normande__atelier_peinture__ferme_Saint-Simeon_-_Marie-Anais_Thierry-Marie-Anais_Thierry7-1-1-1024x681.jpg\" class=\"attachment-large size-large wp-image-6812\" alt=\"\" srcset=\"https:\/\/www.fermesaintsimeon.fr\/wp-content\/uploads\/2025\/04\/Experience_Normande__atelier_peinture__ferme_Saint-Simeon_-_Marie-Anais_Thierry-Marie-Anais_Thierry7-1-1-1024x681.jpg 1024w, https:\/\/www.fermesaintsimeon.fr\/wp-content\/uploads\/2025\/04\/Experience_Normande__atelier_peinture__ferme_Saint-Simeon_-_Marie-Anais_Thierry-Marie-Anais_Thierry7-1-1-300x200.jpg 300w, https:\/\/www.fermesaintsimeon.fr\/wp-content\/uploads\/2025\/04\/Experience_Normande__atelier_peinture__ferme_Saint-Simeon_-_Marie-Anais_Thierry-Marie-Anais_Thierry7-1-1-768x511.jpg 768w, https:\/\/www.fermesaintsimeon.fr\/wp-content\/uploads\/2025\/04\/Experience_Normande__atelier_peinture__ferme_Saint-Simeon_-_Marie-Anais_Thierry-Marie-Anais_Thierry7-1-1-1536x1022.jpg 1536w, https:\/\/www.fermesaintsimeon.fr\/wp-content\/uploads\/2025\/04\/Experience_Normande__atelier_peinture__ferme_Saint-Simeon_-_Marie-Anais_Thierry-Marie-Anais_Thierry7-1-1-18x12.jpg 18w, https:\/\/www.fermesaintsimeon.fr\/wp-content\/uploads\/2025\/04\/Experience_Normande__atelier_peinture__ferme_Saint-Simeon_-_Marie-Anais_Thierry-Marie-Anais_Thierry7-1-1.jpg 1967w\" sizes=\"(max-width: 800px) 100vw, 800px\" title=\"\">\t\t\t\t\t\t\t\t\t\t\t\t\t\t\t<\/div>\n\t\t\t\t<\/div>\n\t\t\t\t<\/div>\n\t\t<div class=\"elementor-element elementor-element-904e7c0 e-con-full e-flex e-con e-child\" data-id=\"904e7c0\" data-element_type=\"container\" data-e-type=\"container\">\n\t\t\t\t<div class=\"elementor-element elementor-element-c98adb9 elementor-widget__width-inherit elementor-widget elementor-widget-image\" data-id=\"c98adb9\" data-element_type=\"widget\" data-e-type=\"widget\" data-widget_type=\"image.default\">\n\t\t\t\t<div class=\"elementor-widget-container\">\n\t\t\t\t\t\t\t\t\t\t\t\t\t\t\t<img loading=\"lazy\" decoding=\"async\" width=\"683\" height=\"1024\" src=\"https:\/\/www.fermesaintsimeon.fr\/wp-content\/uploads\/2025\/04\/Fabienne-peinture-chaumiere_-7-683x1024.jpg\" class=\"attachment-large size-large wp-image-6792\" alt=\"\" srcset=\"https:\/\/www.fermesaintsimeon.fr\/wp-content\/uploads\/2025\/04\/Fabienne-peinture-chaumiere_-7-683x1024.jpg 683w, https:\/\/www.fermesaintsimeon.fr\/wp-content\/uploads\/2025\/04\/Fabienne-peinture-chaumiere_-7-200x300.jpg 200w, https:\/\/www.fermesaintsimeon.fr\/wp-content\/uploads\/2025\/04\/Fabienne-peinture-chaumiere_-7-768x1152.jpg 768w, https:\/\/www.fermesaintsimeon.fr\/wp-content\/uploads\/2025\/04\/Fabienne-peinture-chaumiere_-7-8x12.jpg 8w, https:\/\/www.fermesaintsimeon.fr\/wp-content\/uploads\/2025\/04\/Fabienne-peinture-chaumiere_-7.jpg 845w\" sizes=\"(max-width: 683px) 100vw, 683px\" title=\"\">\t\t\t\t\t\t\t\t\t\t\t\t\t\t\t<\/div>\n\t\t\t\t<\/div>\n\t\t\t\t<div class=\"elementor-element elementor-element-d935bf0 elementor-widget__width-inherit elementor-widget elementor-widget-image\" data-id=\"d935bf0\" data-element_type=\"widget\" data-e-type=\"widget\" data-widget_type=\"image.default\">\n\t\t\t\t<div class=\"elementor-widget-container\">\n\t\t\t\t\t\t\t\t\t\t\t\t\t\t\t<img loading=\"lazy\" decoding=\"async\" width=\"683\" height=\"1024\" src=\"https:\/\/www.fermesaintsimeon.fr\/wp-content\/uploads\/2025\/04\/Ferme-St-Simeon-Peinture-4-1-683x1024.jpg\" class=\"attachment-large size-large wp-image-6800\" alt=\"\" srcset=\"https:\/\/www.fermesaintsimeon.fr\/wp-content\/uploads\/2025\/04\/Ferme-St-Simeon-Peinture-4-1-683x1024.jpg 683w, https:\/\/www.fermesaintsimeon.fr\/wp-content\/uploads\/2025\/04\/Ferme-St-Simeon-Peinture-4-1-200x300.jpg 200w, https:\/\/www.fermesaintsimeon.fr\/wp-content\/uploads\/2025\/04\/Ferme-St-Simeon-Peinture-4-1-768x1152.jpg 768w, https:\/\/www.fermesaintsimeon.fr\/wp-content\/uploads\/2025\/04\/Ferme-St-Simeon-Peinture-4-1-1024x1536.jpg 1024w, https:\/\/www.fermesaintsimeon.fr\/wp-content\/uploads\/2025\/04\/Ferme-St-Simeon-Peinture-4-1-8x12.jpg 8w, https:\/\/www.fermesaintsimeon.fr\/wp-content\/uploads\/2025\/04\/Ferme-St-Simeon-Peinture-4-1.jpg 1123w\" sizes=\"(max-width: 683px) 100vw, 683px\" title=\"\">\t\t\t\t\t\t\t\t\t\t\t\t\t\t\t<\/div>\n\t\t\t\t<\/div>\n\t\t\t\t<\/div>\n\t\t\t\t<\/div>\n\t\t\t\t\t<\/div>\n\t\t\t\t<\/div>\n\t\t<div class=\"elementor-element elementor-element-72a0d16 e-flex e-con-boxed e-con e-parent\" data-id=\"72a0d16\" data-element_type=\"container\" data-e-type=\"container\">\n\t\t\t\t\t<div class=\"e-con-inner\">\n\t\t\t\t<div class=\"elementor-element elementor-element-2fba4c8 elementor-widget-divider--view-line_text elementor-widget-divider--element-align-right separateur elementor-widget elementor-widget-divider\" data-id=\"2fba4c8\" data-element_type=\"widget\" data-e-type=\"widget\" data-widget_type=\"divider.default\">\n\t\t\t\t<div class=\"elementor-widget-container\">\n\t\t\t\t\t\t\t<div class=\"elementor-divider\">\n\t\t\t<span class=\"elementor-divider-separator\">\n\t\t\t\t\t\t\t<span class=\"elementor-divider__text elementor-divider__element\">\n\t\t\t\t200 anos de idade\t\t\t\t<\/span>\n\t\t\t\t\t\t<\/span>\n\t\t<\/div>\n\t\t\t\t\t\t<\/div>\n\t\t\t\t<\/div>\n\t\t<div class=\"elementor-element elementor-element-7ea0464 e-flex e-con-boxed e-con e-child\" data-id=\"7ea0464\" data-element_type=\"container\" data-e-type=\"container\" data-settings=\"{&quot;background_background&quot;:&quot;classic&quot;}\">\n\t\t\t\t\t<div class=\"e-con-inner\">\n\t\t\t\t<div class=\"elementor-element elementor-element-36f3acc elementor-widget elementor-widget-heading\" data-id=\"36f3acc\" data-element_type=\"widget\" data-e-type=\"widget\" data-widget_type=\"heading.default\">\n\t\t\t\t<div class=\"elementor-widget-container\">\n\t\t\t\t\t<h2 class=\"elementor-heading-title elementor-size-default\">200 anos de idade<\/h2>\t\t\t\t<\/div>\n\t\t\t\t<\/div>\n\t\t\t\t<div class=\"elementor-element elementor-element-46f4aeb elementor-align-left btn-lottie center elementor-widget elementor-widget-lottie\" data-id=\"46f4aeb\" data-element_type=\"widget\" data-e-type=\"widget\" data-settings=\"{&quot;source_json&quot;:{&quot;url&quot;:&quot;https:\\\/\\\/www.fermesaintsimeon.fr\\\/wp-content\\\/uploads\\\/2023\\\/12\\\/Animation_Lottie_Blanc.json&quot;,&quot;id&quot;:990,&quot;size&quot;:&quot;&quot;,&quot;alt&quot;:&quot;&quot;,&quot;source&quot;:&quot;library&quot;},&quot;caption_source&quot;:&quot;custom&quot;,&quot;caption&quot;:&quot;D\\u00e9couvrir&quot;,&quot;link_to&quot;:&quot;custom&quot;,&quot;trigger&quot;:&quot;on_hover&quot;,&quot;on_hover_out&quot;:&quot;reverse&quot;,&quot;source&quot;:&quot;media_file&quot;,&quot;custom_link&quot;:{&quot;url&quot;:&quot;https:\\\/\\\/www.fermesaintsimeon.fr\\\/pt\\\/bien-etre-massage-honfleur\\\/&quot;,&quot;is_external&quot;:&quot;&quot;,&quot;nofollow&quot;:&quot;&quot;,&quot;custom_attributes&quot;:&quot;&quot;},&quot;hover_area&quot;:&quot;animation&quot;,&quot;play_speed&quot;:{&quot;unit&quot;:&quot;px&quot;,&quot;size&quot;:1,&quot;sizes&quot;:[]},&quot;start_point&quot;:{&quot;unit&quot;:&quot;%&quot;,&quot;size&quot;:0,&quot;sizes&quot;:[]},&quot;end_point&quot;:{&quot;unit&quot;:&quot;%&quot;,&quot;size&quot;:100,&quot;sizes&quot;:[]},&quot;renderer&quot;:&quot;svg&quot;}\" data-widget_type=\"lottie.default\">\n\t\t\t\t<div class=\"elementor-widget-container\">\n\t\t\t\t\t<a class=\"e-lottie__container__link\" href=\"https:\/\/www.fermesaintsimeon.fr\/pt\/bien-etre-massage-honfleur\/\"><div class=\"e-lottie__container\"><div class=\"e-lottie__animation\"><\/div><p class=\"e-lottie__caption\"> Descobrir<\/p><\/div><\/a>\t\t\t\t<\/div>\n\t\t\t\t<\/div>\n\t\t\t\t\t<\/div>\n\t\t\t\t<\/div>\n\t\t\t\t\t<\/div>\n\t\t\t\t<\/div>\n\t\t\t\t<\/div>","protected":false},"excerpt":{"rendered":"<p>L&rsquo;\u00e9cole de peinture Ecole de peinture \u00e0 Honfleur Dans les pas des Impressionnistes Venez r\u00e9v\u00e9ler votre talent au c\u0153ur d\u2019un lieu charg\u00e9 d\u2019histoire. Nich\u00e9e sur les hauteurs de Honfleur, la Ferme Saint Sim\u00e9on***** a \u00e9t\u00e9, au XIXe si\u00e8cle, un refuge d\u2019inspiration pour les plus grands peintres impressionnistes. Sous l\u2019accueil chaleureux de la M\u00e8re Toutain, cette [&hellip;]<\/p>\n","protected":false},"author":13,"featured_media":0,"parent":0,"menu_order":0,"comment_status":"closed","ping_status":"closed","template":"","meta":{"inline_featured_image":false,"footnotes":""},"class_list":["post-6734","page","type-page","status-publish","hentry"],"_links":{"self":[{"href":"https:\/\/www.fermesaintsimeon.fr\/pt\/wp-json\/wp\/v2\/pages\/6734","targetHints":{"allow":["GET"]}}],"collection":[{"href":"https:\/\/www.fermesaintsimeon.fr\/pt\/wp-json\/wp\/v2\/pages"}],"about":[{"href":"https:\/\/www.fermesaintsimeon.fr\/pt\/wp-json\/wp\/v2\/types\/page"}],"author":[{"embeddable":true,"href":"https:\/\/www.fermesaintsimeon.fr\/pt\/wp-json\/wp\/v2\/users\/13"}],"replies":[{"embeddable":true,"href":"https:\/\/www.fermesaintsimeon.fr\/pt\/wp-json\/wp\/v2\/comments?post=6734"}],"version-history":[{"count":19,"href":"https:\/\/www.fermesaintsimeon.fr\/pt\/wp-json\/wp\/v2\/pages\/6734\/revisions"}],"predecessor-version":[{"id":6815,"href":"https:\/\/www.fermesaintsimeon.fr\/pt\/wp-json\/wp\/v2\/pages\/6734\/revisions\/6815"}],"wp:attachment":[{"href":"https:\/\/www.fermesaintsimeon.fr\/pt\/wp-json\/wp\/v2\/media?parent=6734"}],"curies":[{"name":"wp","href":"https:\/\/api.w.org\/{rel}","templated":true}]}}